{"id":1012,"date":"2018-09-18T11:47:44","date_gmt":"2018-09-18T17:47:44","guid":{"rendered":"http:\/\/www.precision.com.gt\/home\/?page_id=1012"},"modified":"2019-02-25T13:22:51","modified_gmt":"2019-02-25T19:22:51","slug":"microscopios-opticos","status":"publish","type":"page","link":"http:\/\/www.precision.com.gt\/home\/leica-microsystems\/microscopios-opticos\/","title":{"rendered":"Microscopios \u00d3pticos"},"content":{"rendered":"\t\t<div data-elementor-type=\"wp-post\" data-elementor-id=\"1012\" class=\"elementor elementor-1012 elementor-bc-flex-widget\">\n\t\t\t\t\t\t<div class=\"elementor-inner\">\n\t\t\t\t<div class=\"elementor-section-wrap\">\n\t\t\t\t\t\t\t\t\t<section class=\"elementor-section elementor-top-section elementor-element elementor-element-598a7945 elementor-section-boxed elementor-section-height-default elementor-section-height-default\" data-id=\"598a7945\" data-element_type=\"section\">\n\t\t\t\t\t\t<div class=\"elementor-container elementor-column-gap-default\">\n\t\t\t\t\t\t\t<div class=\"elementor-row\">\n\t\t\t\t\t<div class=\"elementor-column elementor-col-50 elementor-top-column elementor-element elementor-element-2a2cb6aa\" data-id=\"2a2cb6aa\" data-element_type=\"column\">\n\t\t\t<div class=\"elementor-column-wrap elementor-element-populated\">\n\t\t\t\t\t\t\t<div class=\"elementor-widget-wrap\">\n\t\t\t\t\t\t<div class=\"elementor-element elementor-element-4927f2c6 elementor-widget elementor-widget-text-editor\" data-id=\"4927f2c6\" data-element_type=\"widget\" data-widget_type=\"text-editor.default\">\n\t\t\t\t<div class=\"elementor-widget-container\">\n\t\t\t\t\t\t\t\t<div class=\"elementor-text-editor elementor-clearfix\">\n\t\t\t\t<h1>MICROSCOPIA \u00d3PTICA<\/h1><p>Los microscopios de luz de Leica Microsystems cumplen con las m\u00e1s altas exigencias, sea cual sea la aplicaci\u00f3n, desde el trabajo rutinario de laboratorio hasta la investigaci\u00f3n de procesos din\u00e1micos multidimensionales en c\u00e9lulas vivas<\/p>\t\t\t\t\t<\/div>\n\t\t\t\t\t\t<\/div>\n\t\t\t\t<\/div>\n\t\t\t\t\t\t<\/div>\n\t\t\t\t\t<\/div>\n\t\t<\/div>\n\t\t\t\t<div class=\"elementor-column elementor-col-50 elementor-top-column elementor-element elementor-element-3b21ff5f\" data-id=\"3b21ff5f\" data-element_type=\"column\">\n\t\t\t<div class=\"elementor-column-wrap elementor-element-populated\">\n\t\t\t\t\t\t\t<div class=\"elementor-widget-wrap\">\n\t\t\t\t\t\t<div class=\"elementor-element elementor-element-1585dacd elementor-widget elementor-widget-image\" data-id=\"1585dacd\" data-element_type=\"widget\" data-widget_type=\"image.default\">\n\t\t\t\t<div class=\"elementor-widget-container\">\n\t\t\t\t\t\t\t\t<div class=\"elementor-image\">\n\t\t\t\t\t\t\t\t\t\t\t\t<img loading=\"lazy\" decoding=\"async\" width=\"150\" height=\"94\" src=\"http:\/\/www.precision.com.gt\/wp-content\/uploads\/2018\/09\/Leica-Micro-150x94.png\" class=\"attachment-thumbnail size-thumbnail\" alt=\"\" srcset=\"http:\/\/www.precision.com.gt\/wp-content\/uploads\/2018\/09\/Leica-Micro-150x94.png 150w, http:\/\/www.precision.com.gt\/wp-content\/uploads\/2018\/09\/Leica-Micro-300x189.png 300w, http:\/\/www.precision.com.gt\/wp-content\/uploads\/2018\/09\/Leica-Micro-768x483.png 768w, http:\/\/www.precision.com.gt\/wp-content\/uploads\/2018\/09\/Leica-Micro-1024x645.png 1024w, http:\/\/www.precision.com.gt\/wp-content\/uploads\/2018\/09\/Leica-Micro-340x210.png 340w, http:\/\/www.precision.com.gt\/wp-content\/uploads\/2018\/09\/Leica-Micro-250x157.png 250w, http:\/\/www.precision.com.gt\/wp-content\/uploads\/2018\/09\/Leica-Micro-550x346.png 550w, http:\/\/www.precision.com.gt\/wp-content\/uploads\/2018\/09\/Leica-Micro-800x504.png 800w, http:\/\/www.precision.com.gt\/wp-content\/uploads\/2018\/09\/Leica-Micro-286x180.png 286w, http:\/\/www.precision.com.gt\/wp-content\/uploads\/2018\/09\/Leica-Micro-477x300.png 477w, http:\/\/www.precision.com.gt\/wp-content\/uploads\/2018\/09\/Leica-Micro-794x500.png 794w, http:\/\/www.precision.com.gt\/wp-content\/uploads\/2018\/09\/Leica-Micro.png 2000w\" sizes=\"(max-width: 150px) 100vw, 150px\" \/>\t\t\t\t\t\t\t\t\t\t\t\t\t\t<\/div>\n\t\t\t\t\t\t<\/div>\n\t\t\t\t<\/div>\n\t\t\t\t<div class=\"elementor-element elementor-element-1493b691 elementor-button-danger elementor-align-center elementor-widget elementor-widget-button\" data-id=\"1493b691\" data-element_type=\"widget\" data-widget_type=\"button.default\">\n\t\t\t\t<div class=\"elementor-widget-container\">\n\t\t\t\t\t<div class=\"elementor-button-wrapper\">\n\t\t\t<a href=\"http:\/\/www.precision.com.gt\/home\/leica-microsystems\/\" class=\"elementor-button-link elementor-button elementor-size-xs\" role=\"button\">\n\t\t\t\t\t\t<span class=\"elementor-button-content-wrapper\">\n\t\t\t\t\t\t\t<span class=\"elementor-button-icon elementor-align-icon-left\">\n\t\t\t\t\t\t\t\t\t<i class=\"fa fa-mail-reply\" aria-hidden=\"true\"><\/i>\n\t\t\t\t\t\t\t<\/span>\n\t\t\t\t\t\t<span class=\"elementor-button-text\">Regresar \/ Ver Todo<\/span>\n\t\t<\/span>\n\t\t\t\t\t<\/a>\n\t\t<\/div>\n\t\t\t\t<\/div>\n\t\t\t\t<\/div>\n\t\t\t\t\t\t<\/div>\n\t\t\t\t\t<\/div>\n\t\t<\/div>\n\t\t\t\t\t\t\t\t<\/div>\n\t\t\t\t\t<\/div>\n\t\t<\/section>\n\t\t\t\t<section class=\"elementor-section elementor-top-section elementor-element elementor-element-42fbeef elementor-section-boxed elementor-section-height-default elementor-section-height-default\" data-id=\"42fbeef\" data-element_type=\"section\">\n\t\t\t\t\t\t<div class=\"elementor-container elementor-column-gap-default\">\n\t\t\t\t\t\t\t<div class=\"elementor-row\">\n\t\t\t\t\t<div class=\"elementor-column elementor-col-33 elementor-top-column elementor-element elementor-element-4ac3a27\" data-id=\"4ac3a27\" data-element_type=\"column\">\n\t\t\t<div class=\"elementor-column-wrap elementor-element-populated\">\n\t\t\t\t\t\t\t<div class=\"elementor-widget-wrap\">\n\t\t\t\t\t\t<div class=\"elementor-element elementor-element-bd61fd7 elementor-widget elementor-widget-image\" data-id=\"bd61fd7\" data-element_type=\"widget\" data-widget_type=\"image.default\">\n\t\t\t\t<div class=\"elementor-widget-container\">\n\t\t\t\t\t\t\t\t<div class=\"elementor-image\">\n\t\t\t\t\t\t\t\t\t<figure class=\"wp-caption\">\n\t\t\t\t\t\t\t\t\t\t\t<a href=\"http:\/\/www.precision.com.gt\/home\/leica-microsystems\/microscopios-opticos\/microscopios-invertidos\/\">\n\t\t\t\t\t\t\t<img loading=\"lazy\" decoding=\"async\" width=\"800\" height=\"420\" src=\"http:\/\/www.precision.com.gt\/wp-content\/uploads\/2019\/02\/micro-invertido.jpg\" class=\"attachment-large size-large\" alt=\"\" srcset=\"http:\/\/www.precision.com.gt\/wp-content\/uploads\/2019\/02\/micro-invertido.jpg 800w, http:\/\/www.precision.com.gt\/wp-content\/uploads\/2019\/02\/micro-invertido-150x79.jpg 150w, http:\/\/www.precision.com.gt\/wp-content\/uploads\/2019\/02\/micro-invertido-300x158.jpg 300w, http:\/\/www.precision.com.gt\/wp-content\/uploads\/2019\/02\/micro-invertido-768x403.jpg 768w, http:\/\/www.precision.com.gt\/wp-content\/uploads\/2019\/02\/micro-invertido-250x131.jpg 250w, http:\/\/www.precision.com.gt\/wp-content\/uploads\/2019\/02\/micro-invertido-550x289.jpg 550w, http:\/\/www.precision.com.gt\/wp-content\/uploads\/2019\/02\/micro-invertido-343x180.jpg 343w, http:\/\/www.precision.com.gt\/wp-content\/uploads\/2019\/02\/micro-invertido-571x300.jpg 571w\" sizes=\"(max-width: 800px) 100vw, 800px\" \/>\t\t\t\t\t\t\t\t<\/a>\n\t\t\t\t\t\t\t\t\t\t\t<figcaption class=\"widget-image-caption wp-caption-text\">Microscopios Invertidos<\/figcaption>\n\t\t\t\t\t\t\t\t\t\t<\/figure>\n\t\t\t\t\t\t\t\t<\/div>\n\t\t\t\t\t\t<\/div>\n\t\t\t\t<\/div>\n\t\t\t\t\t\t<\/div>\n\t\t\t\t\t<\/div>\n\t\t<\/div>\n\t\t\t\t<div class=\"elementor-column elementor-col-33 elementor-top-column elementor-element elementor-element-3e5a848\" data-id=\"3e5a848\" data-element_type=\"column\">\n\t\t\t<div class=\"elementor-column-wrap elementor-element-populated\">\n\t\t\t\t\t\t\t<div class=\"elementor-widget-wrap\">\n\t\t\t\t\t\t<div class=\"elementor-element elementor-element-2513865 elementor-widget elementor-widget-image\" data-id=\"2513865\" data-element_type=\"widget\" data-widget_type=\"image.default\">\n\t\t\t\t<div class=\"elementor-widget-container\">\n\t\t\t\t\t\t\t\t<div class=\"elementor-image\">\n\t\t\t\t\t\t\t\t\t<figure class=\"wp-caption\">\n\t\t\t\t\t\t\t\t\t\t\t<a href=\"http:\/\/www.precision.com.gt\/home\/leica-microsystems\/microscopios-opticos\/microscopios-educativos\/\">\n\t\t\t\t\t\t\t<img loading=\"lazy\" decoding=\"async\" width=\"520\" height=\"347\" src=\"http:\/\/www.precision.com.gt\/wp-content\/uploads\/2018\/09\/Microscopia-Educativa.jpg\" class=\"attachment-large size-large\" alt=\"\" srcset=\"http:\/\/www.precision.com.gt\/wp-content\/uploads\/2018\/09\/Microscopia-Educativa.jpg 520w, http:\/\/www.precision.com.gt\/wp-content\/uploads\/2018\/09\/Microscopia-Educativa-150x100.jpg 150w, http:\/\/www.precision.com.gt\/wp-content\/uploads\/2018\/09\/Microscopia-Educativa-300x200.jpg 300w, http:\/\/www.precision.com.gt\/wp-content\/uploads\/2018\/09\/Microscopia-Educativa-250x167.jpg 250w, http:\/\/www.precision.com.gt\/wp-content\/uploads\/2018\/09\/Microscopia-Educativa-270x180.jpg 270w, http:\/\/www.precision.com.gt\/wp-content\/uploads\/2018\/09\/Microscopia-Educativa-450x300.jpg 450w\" sizes=\"(max-width: 520px) 100vw, 520px\" \/>\t\t\t\t\t\t\t\t<\/a>\n\t\t\t\t\t\t\t\t\t\t\t<figcaption class=\"widget-image-caption wp-caption-text\">Microscopios Verticales Educativos<\/figcaption>\n\t\t\t\t\t\t\t\t\t\t<\/figure>\n\t\t\t\t\t\t\t\t<\/div>\n\t\t\t\t\t\t<\/div>\n\t\t\t\t<\/div>\n\t\t\t\t\t\t<\/div>\n\t\t\t\t\t<\/div>\n\t\t<\/div>\n\t\t\t\t<div class=\"elementor-column elementor-col-33 elementor-top-column elementor-element elementor-element-42be1bd\" data-id=\"42be1bd\" data-element_type=\"column\">\n\t\t\t<div class=\"elementor-column-wrap elementor-element-populated\">\n\t\t\t\t\t\t\t<div class=\"elementor-widget-wrap\">\n\t\t\t\t\t\t<div class=\"elementor-element elementor-element-a5a1789 elementor-widget elementor-widget-image\" data-id=\"a5a1789\" data-element_type=\"widget\" data-widget_type=\"image.default\">\n\t\t\t\t<div class=\"elementor-widget-container\">\n\t\t\t\t\t\t\t\t<div class=\"elementor-image\">\n\t\t\t\t\t\t\t\t\t<figure class=\"wp-caption\">\n\t\t\t\t\t\t\t\t\t\t\t<a href=\"http:\/\/www.precision.com.gt\/home\/leica-microsystems\/microscopios-opticos\/microscopios-para-investigacion\/\">\n\t\t\t\t\t\t\t<img loading=\"lazy\" decoding=\"async\" width=\"520\" height=\"347\" src=\"http:\/\/www.precision.com.gt\/wp-content\/uploads\/2018\/09\/Materiales-y-geologicas.jpg\" class=\"attachment-large size-large\" alt=\"\" srcset=\"http:\/\/www.precision.com.gt\/wp-content\/uploads\/2018\/09\/Materiales-y-geologicas.jpg 520w, http:\/\/www.precision.com.gt\/wp-content\/uploads\/2018\/09\/Materiales-y-geologicas-150x100.jpg 150w, http:\/\/www.precision.com.gt\/wp-content\/uploads\/2018\/09\/Materiales-y-geologicas-300x200.jpg 300w, http:\/\/www.precision.com.gt\/wp-content\/uploads\/2018\/09\/Materiales-y-geologicas-250x167.jpg 250w, http:\/\/www.precision.com.gt\/wp-content\/uploads\/2018\/09\/Materiales-y-geologicas-270x180.jpg 270w, http:\/\/www.precision.com.gt\/wp-content\/uploads\/2018\/09\/Materiales-y-geologicas-450x300.jpg 450w\" sizes=\"(max-width: 520px) 100vw, 520px\" \/>\t\t\t\t\t\t\t\t<\/a>\n\t\t\t\t\t\t\t\t\t\t\t<figcaption class=\"widget-image-caption wp-caption-text\">Microscopios para Investigaci\u00f3n<\/figcaption>\n\t\t\t\t\t\t\t\t\t\t<\/figure>\n\t\t\t\t\t\t\t\t<\/div>\n\t\t\t\t\t\t<\/div>\n\t\t\t\t<\/div>\n\t\t\t\t\t\t<\/div>\n\t\t\t\t\t<\/div>\n\t\t<\/div>\n\t\t\t\t\t\t\t\t<\/div>\n\t\t\t\t\t<\/div>\n\t\t<\/section>\n\t\t\t\t<section class=\"elementor-section elementor-top-section elementor-element elementor-element-58cc526f elementor-section-boxed elementor-section-height-default elementor-section-height-default\" data-id=\"58cc526f\" data-element_type=\"section\">\n\t\t\t\t\t\t<div class=\"elementor-container elementor-column-gap-default\">\n\t\t\t\t\t\t\t<div class=\"elementor-row\">\n\t\t\t\t\t<div class=\"elementor-column elementor-col-33 elementor-top-column elementor-element elementor-element-481e045\" data-id=\"481e045\" data-element_type=\"column\">\n\t\t\t<div class=\"elementor-column-wrap\">\n\t\t\t\t\t\t\t<div class=\"elementor-widget-wrap\">\n\t\t\t\t\t\t\t\t<\/div>\n\t\t\t\t\t<\/div>\n\t\t<\/div>\n\t\t\t\t<div class=\"elementor-column elementor-col-33 elementor-top-column elementor-element elementor-element-51cb8e85\" data-id=\"51cb8e85\" data-element_type=\"column\">\n\t\t\t<div class=\"elementor-column-wrap elementor-element-populated\">\n\t\t\t\t\t\t\t<div class=\"elementor-widget-wrap\">\n\t\t\t\t\t\t<div class=\"elementor-element elementor-element-29414c56 elementor-position-left elementor-view-default elementor-mobile-position-top elementor-vertical-align-top elementor-widget elementor-widget-icon-box\" data-id=\"29414c56\" data-element_type=\"widget\" data-widget_type=\"icon-box.default\">\n\t\t\t\t<div class=\"elementor-widget-container\">\n\t\t\t\t\t<div class=\"elementor-icon-box-wrapper\">\n\t\t\t\t\t\t<div class=\"elementor-icon-box-icon\">\n\t\t\t\t<a class=\"elementor-icon elementor-animation-\" href=\"http:\/\/www.precision.com.gt\/home\/contactenos\/\">\n\t\t\t\t<i class=\"fa fa-phone-square\" aria-hidden=\"true\"><\/i>\t\t\t\t<\/a>\n\t\t\t<\/div>\n\t\t\t\t\t\t<div class=\"elementor-icon-box-content\">\n\t\t\t\t<h1 class=\"elementor-icon-box-title\">\n\t\t\t\t\t<a href=\"http:\/\/www.precision.com.gt\/home\/contactenos\/\" >\n\t\t\t\t\t\tContactenos\t\t\t\t\t<\/a>\n\t\t\t\t<\/h1>\n\t\t\t\t\t\t\t\t\t<p class=\"elementor-icon-box-description\">\n\t\t\t\t\t\tResolvemos sus dudas y preguntas\t\t\t\t\t<\/p>\n\t\t\t\t\t\t\t<\/div>\n\t\t<\/div>\n\t\t\t\t<\/div>\n\t\t\t\t<\/div>\n\t\t\t\t\t\t<\/div>\n\t\t\t\t\t<\/div>\n\t\t<\/div>\n\t\t\t\t<div class=\"elementor-column elementor-col-33 elementor-top-column elementor-element elementor-element-4850af43\" data-id=\"4850af43\" data-element_type=\"column\">\n\t\t\t<div class=\"elementor-column-wrap\">\n\t\t\t\t\t\t\t<div class=\"elementor-widget-wrap\">\n\t\t\t\t\t\t\t\t<\/div>\n\t\t\t\t\t<\/div>\n\t\t<\/div>\n\t\t\t\t\t\t\t\t<\/div>\n\t\t\t\t\t<\/div>\n\t\t<\/section>\n\t\t\t\t\t\t\t\t\t<\/div>\n\t\t\t<\/div>\n\t\t\t\t\t<\/div>\n\t\t","protected":false},"excerpt":{"rendered":"MICROSCOPIA \u00d3PTICALos microscopios de luz de Leica Microsystems cumplen con las m\u00e1s altas exigencias, sea cual sea la aplicaci\u00f3n, desde el trabajo rutinario de laboratorio hasta la investigaci\u00f3n de procesos din\u00e1micos multidimensionales en c\u00e9lulas vivas Regresar \/ Ver Todo Microscopios Invertidos Microscopios Verticales Educativos Microscopios para Investigaci\u00f3n Contactenos Resolvemos sus dudas y preguntas","protected":false},"author":3,"featured_media":0,"parent":706,"menu_order":0,"comment_status":"closed","ping_status":"closed","template":"elementor_header_footer","meta":{"footnotes":""},"_links":{"self":[{"href":"http:\/\/www.precision.com.gt\/home\/wp-json\/wp\/v2\/pages\/1012"}],"collection":[{"href":"http:\/\/www.precision.com.gt\/home\/wp-json\/wp\/v2\/pages"}],"about":[{"href":"http:\/\/www.precision.com.gt\/home\/wp-json\/wp\/v2\/types\/page"}],"author":[{"embeddable":true,"href":"http:\/\/www.precision.com.gt\/home\/wp-json\/wp\/v2\/users\/3"}],"replies":[{"embeddable":true,"href":"http:\/\/www.precision.com.gt\/home\/wp-json\/wp\/v2\/comments?post=1012"}],"version-history":[{"count":4,"href":"http:\/\/www.precision.com.gt\/home\/wp-json\/wp\/v2\/pages\/1012\/revisions"}],"predecessor-version":[{"id":1580,"href":"http:\/\/www.precision.com.gt\/home\/wp-json\/wp\/v2\/pages\/1012\/revisions\/1580"}],"up":[{"embeddable":true,"href":"http:\/\/www.precision.com.gt\/home\/wp-json\/wp\/v2\/pages\/706"}],"wp:attachment":[{"href":"http:\/\/www.precision.com.gt\/home\/wp-json\/wp\/v2\/media?parent=1012"}],"curies":[{"name":"wp","href":"https:\/\/api.w.org\/{rel}","templated":true}]}}