{"id":1101,"date":"2018-09-21T15:20:27","date_gmt":"2018-09-21T21:20:27","guid":{"rendered":"http:\/\/www.precision.com.gt\/home\/?page_id=1101"},"modified":"2025-09-30T18:05:55","modified_gmt":"2025-10-01T00:05:55","slug":"sobre-nosotros","status":"publish","type":"page","link":"http:\/\/www.precision.com.gt\/home\/sobre-nosotros\/","title":{"rendered":"Sobre Nosotros"},"content":{"rendered":"<img loading=\"lazy\" decoding=\"async\" src=\"http:\/\/www.precision.com.gt\/wp-content\/uploads\/2018\/09\/Transporte-1024x310.jpg\" sizes=\"(max-width: 900px) 100vw, 900px\" srcset=\"http:\/\/www.precision.com.gt\/wp-content\/uploads\/2018\/09\/Transporte-1024x310.jpg 1024w, http:\/\/www.precision.com.gt\/wp-content\/uploads\/2018\/09\/Transporte-150x45.jpg 150w, http:\/\/www.precision.com.gt\/wp-content\/uploads\/2018\/09\/Transporte-300x91.jpg 300w, http:\/\/www.precision.com.gt\/wp-content\/uploads\/2018\/09\/Transporte-768x232.jpg 768w, http:\/\/www.precision.com.gt\/wp-content\/uploads\/2018\/09\/Transporte-250x76.jpg 250w, http:\/\/www.precision.com.gt\/wp-content\/uploads\/2018\/09\/Transporte-550x166.jpg 550w, http:\/\/www.precision.com.gt\/wp-content\/uploads\/2018\/09\/Transporte-800x242.jpg 800w, http:\/\/www.precision.com.gt\/wp-content\/uploads\/2018\/09\/Transporte-595x180.jpg 595w, http:\/\/www.precision.com.gt\/wp-content\/uploads\/2018\/09\/Transporte-992x300.jpg 992w\" alt=\"\" width=\"900\" height=\"272\" \/>\n<img loading=\"lazy\" decoding=\"async\" src=\"http:\/\/www.precision.com.gt\/wp-content\/uploads\/2018\/06\/Logo-Precisionnuevo-1024x266.jpg\" sizes=\"(max-width: 900px) 100vw, 900px\" srcset=\"http:\/\/www.precision.com.gt\/wp-content\/uploads\/2018\/06\/Logo-Precisionnuevo-1024x266.jpg 1024w, http:\/\/www.precision.com.gt\/wp-content\/uploads\/2018\/06\/Logo-Precisionnuevo-150x39.jpg 150w, http:\/\/www.precision.com.gt\/wp-content\/uploads\/2018\/06\/Logo-Precisionnuevo-300x78.jpg 300w, http:\/\/www.precision.com.gt\/wp-content\/uploads\/2018\/06\/Logo-Precisionnuevo-768x200.jpg 768w, http:\/\/www.precision.com.gt\/wp-content\/uploads\/2018\/06\/Logo-Precisionnuevo-250x65.jpg 250w, http:\/\/www.precision.com.gt\/wp-content\/uploads\/2018\/06\/Logo-Precisionnuevo-550x143.jpg 550w, http:\/\/www.precision.com.gt\/wp-content\/uploads\/2018\/06\/Logo-Precisionnuevo-800x208.jpg 800w, http:\/\/www.precision.com.gt\/wp-content\/uploads\/2018\/06\/Logo-Precisionnuevo-692x180.jpg 692w, http:\/\/www.precision.com.gt\/wp-content\/uploads\/2018\/06\/Logo-Precisionnuevo-1153x300.jpg 1153w\" alt=\"\" width=\"900\" height=\"234\" \/>\n\nFundada en 1960; Precision\u00a0S.A. es una empresa proveedora de equipos para laboratorio y servicios de mantenimiento preventivo y correctivo. Realizamos calibraciones confiables a instrumentos de pesaje, medici\u00f3n topogr\u00e1fica y medici\u00f3n volum\u00e9trica con sus respectivas certificaciones; ofrecemos productos respaldados de marcas con origen suizo y alem\u00e1n reconocidas a nivel mundial.\n\nSomos representantes del Grupo de Mettler Toledo, Leica GeoSystems, Leica MicroSystems, del equipo B\u00dcCHI Labortechnik .\n\nDesde la fundaci\u00f3n de Precision S.A. se ha mantenido un modelo de negocios sostenible que le permite no solo vender; instrumentos de pesaje precisos, equipo de microscopia de calidad, instrumentaci\u00f3n y accesorios para medici\u00f3n topogr\u00e1fica, o equipos espec\u00edficos para laboratorios; sino tambi\u00e9n que pueda asesorar a las empresas de las \u00e1reas de industria, m\u00e9dica, educativa, de control de calidad y de laboratorios tanto nacionales como multinacionales lideres de sus respectivas \u00e1reas, implementando tecnolog\u00edas a la vanguardia para satisfacer sus diferentes necesidades, convirtiendo a la empresa en una pionera de la innovaci\u00f3n.\n\nPrecision S.A. cuenta con personal calificado y competente, capacitado peri\u00f3dicamente para mantener a la empresa actualizada constantemente. Lo que le permite a la empresa comprobar y asegurar los equipos con alta calidad y se cuentan con un soporte t\u00e9cnico de primera; garantizando todos los resultados que se obtengan de las calibraciones realizadas.\n\nRespaldado por un taller de servicio certificado y un laboratorio con todos los equipos y regulaciones que exigen de las diferentes representaciones; lo que garantiza que las inversiones de nuestros clientes se encuentran altamente garantizadas. El taller cuenta con tecnolog\u00eda y las Normas Internacionales de Gesti\u00f3n de Calidad y Medioambientales: ISO9001\/9002, ISO14001, ISO25000 e ISO17025.\n<h3>VISI\u00d3N<\/h3>\nSer una empresa reconocida a nivel regional a trav\u00e9s de acreditaciones, por tener un Sistema de Gesti\u00f3n de la Calidad que permita demostrar su calidad, validez y exactitud en sus servicios de calibraci\u00f3n de equipo a la industria, esto conforme los requerimientos de las normas m\u00e1s actuales, al contar con el mejor respaldo de servicio t\u00e9cnico en la representaci\u00f3n de nuestras marcas.\n<h3>MISI\u00d3N<\/h3>\nPrecision S.A. es una empresa proveedora de equipo y servicios de mantenimiento de alta tecnolog\u00eda, realizamos mantenimiento preventivo, reparaciones, calibraciones y certificaciones confiables a instrumentos de pesaje, medici\u00f3n topogr\u00e1fica y medici\u00f3n volum\u00e9trica; ofrecemos productos respaldados con marcas de origen suizo y alem\u00e1n reconocidas a nivel mundial, logrando satisfacer las necesidades de los clientes con nuestra asesor\u00eda y garant\u00eda previas y posteriores a la compra.\u200b\n<h3>VALORES<\/h3>\nLos valores que Precision S.A. busca e implementa en su labor diaria son: Lealtad, Responsabilidad, Honestidad, Optimismo, M\u00edstica de entrega Y Trabajo en equipo","protected":false},"excerpt":{"rendered":"Fundada en 1960; Precision\u00a0S.A. es una empresa proveedora de equipos para laboratorio y servicios de mantenimiento preventivo y correctivo. Realizamos calibraciones confiables a instrumentos de pesaje, medici\u00f3n topogr\u00e1fica y medici\u00f3n volum\u00e9trica con sus respectivas certificaciones; ofrecemos productos respaldados de marcas con origen suizo y alem\u00e1n reconocidas a nivel mundial. Somos representantes del Grupo de Mettler [&hellip;]","protected":false},"author":3,"featured_media":0,"parent":0,"menu_order":0,"comment_status":"closed","ping_status":"closed","template":"","meta":{"footnotes":""},"_links":{"self":[{"href":"http:\/\/www.precision.com.gt\/home\/wp-json\/wp\/v2\/pages\/1101"}],"collection":[{"href":"http:\/\/www.precision.com.gt\/home\/wp-json\/wp\/v2\/pages"}],"about":[{"href":"http:\/\/www.precision.com.gt\/home\/wp-json\/wp\/v2\/types\/page"}],"author":[{"embeddable":true,"href":"http:\/\/www.precision.com.gt\/home\/wp-json\/wp\/v2\/users\/3"}],"replies":[{"embeddable":true,"href":"http:\/\/www.precision.com.gt\/home\/wp-json\/wp\/v2\/comments?post=1101"}],"version-history":[{"count":3,"href":"http:\/\/www.precision.com.gt\/home\/wp-json\/wp\/v2\/pages\/1101\/revisions"}],"predecessor-version":[{"id":2135,"href":"http:\/\/www.precision.com.gt\/home\/wp-json\/wp\/v2\/pages\/1101\/revisions\/2135"}],"wp:attachment":[{"href":"http:\/\/www.precision.com.gt\/home\/wp-json\/wp\/v2\/media?parent=1101"}],"curies":[{"name":"wp","href":"https:\/\/api.w.org\/{rel}","templated":true}]}}