{"id":1148,"date":"2018-10-23T11:42:28","date_gmt":"2018-10-23T17:42:28","guid":{"rendered":"http:\/\/www.precision.com.gt\/home\/?page_id=1148"},"modified":"2019-02-22T14:17:37","modified_gmt":"2019-02-22T20:17:37","slug":"leica-biosystems","status":"publish","type":"page","link":"http:\/\/www.precision.com.gt\/home\/leica-biosystems\/","title":{"rendered":"Leica Biosystems"},"content":{"rendered":"\t\t<div data-elementor-type=\"wp-post\" data-elementor-id=\"1148\" class=\"elementor elementor-1148 elementor-bc-flex-widget\">\n\t\t\t\t\t\t<div class=\"elementor-inner\">\n\t\t\t\t<div class=\"elementor-section-wrap\">\n\t\t\t\t\t\t\t\t\t<section class=\"elementor-section elementor-top-section elementor-element elementor-element-52be4ae9 elementor-section-boxed elementor-section-height-default elementor-section-height-default\" data-id=\"52be4ae9\" data-element_type=\"section\">\n\t\t\t\t\t\t<div class=\"elementor-container elementor-column-gap-default\">\n\t\t\t\t\t\t\t<div class=\"elementor-row\">\n\t\t\t\t\t<div class=\"elementor-column elementor-col-100 elementor-top-column elementor-element elementor-element-bc6a2da\" data-id=\"bc6a2da\" data-element_type=\"column\">\n\t\t\t<div class=\"elementor-column-wrap elementor-element-populated\">\n\t\t\t\t\t\t\t<div class=\"elementor-widget-wrap\">\n\t\t\t\t\t\t<div class=\"elementor-element elementor-element-b56fd12 elementor-widget elementor-widget-image\" data-id=\"b56fd12\" data-element_type=\"widget\" data-widget_type=\"image.default\">\n\t\t\t\t<div class=\"elementor-widget-container\">\n\t\t\t\t\t\t\t\t<div class=\"elementor-image\">\n\t\t\t\t\t\t\t\t\t\t\t\t<img loading=\"lazy\" decoding=\"async\" width=\"1553\" height=\"561\" src=\"http:\/\/www.precision.com.gt\/wp-content\/uploads\/2018\/10\/portada-Biosystems.jpg\" class=\"attachment-full size-full\" alt=\"\" srcset=\"http:\/\/www.precision.com.gt\/wp-content\/uploads\/2018\/10\/portada-Biosystems.jpg 1553w, http:\/\/www.precision.com.gt\/wp-content\/uploads\/2018\/10\/portada-Biosystems-150x54.jpg 150w, http:\/\/www.precision.com.gt\/wp-content\/uploads\/2018\/10\/portada-Biosystems-300x108.jpg 300w, http:\/\/www.precision.com.gt\/wp-content\/uploads\/2018\/10\/portada-Biosystems-768x277.jpg 768w, http:\/\/www.precision.com.gt\/wp-content\/uploads\/2018\/10\/portada-Biosystems-1024x370.jpg 1024w, http:\/\/www.precision.com.gt\/wp-content\/uploads\/2018\/10\/portada-Biosystems-250x90.jpg 250w, http:\/\/www.precision.com.gt\/wp-content\/uploads\/2018\/10\/portada-Biosystems-550x199.jpg 550w, http:\/\/www.precision.com.gt\/wp-content\/uploads\/2018\/10\/portada-Biosystems-800x289.jpg 800w, http:\/\/www.precision.com.gt\/wp-content\/uploads\/2018\/10\/portada-Biosystems-498x180.jpg 498w, http:\/\/www.precision.com.gt\/wp-content\/uploads\/2018\/10\/portada-Biosystems-830x300.jpg 830w, http:\/\/www.precision.com.gt\/wp-content\/uploads\/2018\/10\/portada-Biosystems-1384x500.jpg 1384w\" sizes=\"(max-width: 1553px) 100vw, 1553px\" \/>\t\t\t\t\t\t\t\t\t\t\t\t\t\t<\/div>\n\t\t\t\t\t\t<\/div>\n\t\t\t\t<\/div>\n\t\t\t\t\t\t<\/div>\n\t\t\t\t\t<\/div>\n\t\t<\/div>\n\t\t\t\t\t\t\t\t<\/div>\n\t\t\t\t\t<\/div>\n\t\t<\/section>\n\t\t\t\t<section class=\"elementor-section elementor-top-section elementor-element elementor-element-6e59c691 elementor-section-boxed elementor-section-height-default elementor-section-height-default\" data-id=\"6e59c691\" data-element_type=\"section\">\n\t\t\t\t\t\t<div class=\"elementor-container elementor-column-gap-default\">\n\t\t\t\t\t\t\t<div class=\"elementor-row\">\n\t\t\t\t\t<div class=\"elementor-column elementor-col-66 elementor-top-column elementor-element elementor-element-7b0a0486\" data-id=\"7b0a0486\" data-element_type=\"column\">\n\t\t\t<div class=\"elementor-column-wrap elementor-element-populated\">\n\t\t\t\t\t\t\t<div class=\"elementor-widget-wrap\">\n\t\t\t\t\t\t<div class=\"elementor-element elementor-element-6ef5f90a elementor-widget elementor-widget-image\" data-id=\"6ef5f90a\" data-element_type=\"widget\" data-widget_type=\"image.default\">\n\t\t\t\t<div class=\"elementor-widget-container\">\n\t\t\t\t\t\t\t\t<div class=\"elementor-image\">\n\t\t\t\t\t\t\t\t\t\t\t\t\t<a href=\"https:\/\/www.leicabiosystems.com\/es\/\">\n\t\t\t\t\t\t\t<img loading=\"lazy\" decoding=\"async\" width=\"300\" height=\"182\" src=\"http:\/\/www.precision.com.gt\/wp-content\/uploads\/2018\/10\/Leica-Bio-300x182.png\" class=\"attachment-medium size-medium\" alt=\"\" srcset=\"http:\/\/www.precision.com.gt\/wp-content\/uploads\/2018\/10\/Leica-Bio-300x182.png 300w, http:\/\/www.precision.com.gt\/wp-content\/uploads\/2018\/10\/Leica-Bio-150x91.png 150w, http:\/\/www.precision.com.gt\/wp-content\/uploads\/2018\/10\/Leica-Bio-250x152.png 250w, http:\/\/www.precision.com.gt\/wp-content\/uploads\/2018\/10\/Leica-Bio-296x180.png 296w, http:\/\/www.precision.com.gt\/wp-content\/uploads\/2018\/10\/Leica-Bio-494x300.png 494w, http:\/\/www.precision.com.gt\/wp-content\/uploads\/2018\/10\/Leica-Bio.png 545w\" sizes=\"(max-width: 300px) 100vw, 300px\" \/>\t\t\t\t\t\t\t\t<\/a>\n\t\t\t\t\t\t\t\t\t\t\t\t\t\t<\/div>\n\t\t\t\t\t\t<\/div>\n\t\t\t\t<\/div>\n\t\t\t\t\t\t<\/div>\n\t\t\t\t\t<\/div>\n\t\t<\/div>\n\t\t\t\t<div class=\"elementor-column elementor-col-33 elementor-top-column elementor-element elementor-element-5486a0a4\" data-id=\"5486a0a4\" data-element_type=\"column\">\n\t\t\t<div class=\"elementor-column-wrap elementor-element-populated\">\n\t\t\t\t\t\t\t<div class=\"elementor-widget-wrap\">\n\t\t\t\t\t\t<div class=\"elementor-element elementor-element-386f6dee elementor-widget elementor-widget-text-editor\" data-id=\"386f6dee\" data-element_type=\"widget\" data-widget_type=\"text-editor.default\">\n\t\t\t\t<div class=\"elementor-widget-container\">\n\t\t\t\t\t\t\t\t<div class=\"elementor-text-editor elementor-clearfix\">\n\t\t\t\t<p>Con m\u00e1s de 12 millones de diagn\u00f3sticos al a\u00f1o, las nuevas percepciones que deriven en unos mejores tratamientos mejorar\u00e1n de forma significativa muchas vidas. Las soluciones centradas en la investigaci\u00f3n de Leica Biosystems reducen el tiempo y los costes de la investigaci\u00f3n translacional, del desarrollo de f\u00e1rmacos y de otros estudios basados en tejidos. Para ayudarle a encontrar respuestas cr\u00edticas de forma m\u00e1s r\u00e1pida, la cartera optimizada de soluciones de Leica Biosystems contribuye a garantizar la eficiencia, aumentar la coherencia y proporcionar un sistema de adquisici\u00f3n y preparaci\u00f3n de muestras innovador para ayudarle en la detecci\u00f3n de detalles cr\u00edticos. Dedique menos tiempo a las tareas manuales y m\u00e1s tiempo a encontrar respuestas, y realice antes ese innovador descubrimiento con una soluci\u00f3n de Leica Biosystems.<\/p>\t\t\t\t\t<\/div>\n\t\t\t\t\t\t<\/div>\n\t\t\t\t<\/div>\n\t\t\t\t\t\t<\/div>\n\t\t\t\t\t<\/div>\n\t\t<\/div>\n\t\t\t\t\t\t\t\t<\/div>\n\t\t\t\t\t<\/div>\n\t\t<\/section>\n\t\t\t\t<section class=\"elementor-section elementor-top-section elementor-element elementor-element-67d1fac7 elementor-section-boxed elementor-section-height-default elementor-section-height-default\" data-id=\"67d1fac7\" data-element_type=\"section\">\n\t\t\t\t\t\t<div class=\"elementor-container elementor-column-gap-default\">\n\t\t\t\t\t\t\t<div class=\"elementor-row\">\n\t\t\t\t\t<div class=\"elementor-column elementor-col-25 elementor-top-column elementor-element elementor-element-6e109f55\" data-id=\"6e109f55\" data-element_type=\"column\">\n\t\t\t<div class=\"elementor-column-wrap elementor-element-populated\">\n\t\t\t\t\t\t\t<div class=\"elementor-widget-wrap\">\n\t\t\t\t\t\t<div class=\"elementor-element elementor-element-46580c79 elementor-widget elementor-widget-image\" data-id=\"46580c79\" data-element_type=\"widget\" data-widget_type=\"image.default\">\n\t\t\t\t<div class=\"elementor-widget-container\">\n\t\t\t\t\t\t\t\t<div class=\"elementor-image\">\n\t\t\t\t\t\t\t\t\t<figure class=\"wp-caption\">\n\t\t\t\t\t\t\t\t\t\t\t<a href=\"http:\/\/microtomos\">\n\t\t\t\t\t\t\t<img loading=\"lazy\" decoding=\"async\" width=\"300\" height=\"200\" src=\"http:\/\/www.precision.com.gt\/wp-content\/uploads\/2018\/10\/Microtomo-bio-300x200.jpg\" class=\"attachment-medium size-medium\" alt=\"\" srcset=\"http:\/\/www.precision.com.gt\/wp-content\/uploads\/2018\/10\/Microtomo-bio-300x200.jpg 300w, http:\/\/www.precision.com.gt\/wp-content\/uploads\/2018\/10\/Microtomo-bio-150x100.jpg 150w, http:\/\/www.precision.com.gt\/wp-content\/uploads\/2018\/10\/Microtomo-bio-768x512.jpg 768w, http:\/\/www.precision.com.gt\/wp-content\/uploads\/2018\/10\/Microtomo-bio-1024x683.jpg 1024w, http:\/\/www.precision.com.gt\/wp-content\/uploads\/2018\/10\/Microtomo-bio-250x167.jpg 250w, http:\/\/www.precision.com.gt\/wp-content\/uploads\/2018\/10\/Microtomo-bio-550x367.jpg 550w, http:\/\/www.precision.com.gt\/wp-content\/uploads\/2018\/10\/Microtomo-bio-800x534.jpg 800w, http:\/\/www.precision.com.gt\/wp-content\/uploads\/2018\/10\/Microtomo-bio-270x180.jpg 270w, http:\/\/www.precision.com.gt\/wp-content\/uploads\/2018\/10\/Microtomo-bio-450x300.jpg 450w, http:\/\/www.precision.com.gt\/wp-content\/uploads\/2018\/10\/Microtomo-bio-750x500.jpg 750w\" sizes=\"(max-width: 300px) 100vw, 300px\" \/>\t\t\t\t\t\t\t\t<\/a>\n\t\t\t\t\t\t\t\t\t\t\t<figcaption class=\"widget-image-caption wp-caption-text\">Microtomos<\/figcaption>\n\t\t\t\t\t\t\t\t\t\t<\/figure>\n\t\t\t\t\t\t\t\t<\/div>\n\t\t\t\t\t\t<\/div>\n\t\t\t\t<\/div>\n\t\t\t\t<div class=\"elementor-element elementor-element-560397f2 elementor-widget elementor-widget-image\" data-id=\"560397f2\" data-element_type=\"widget\" data-widget_type=\"image.default\">\n\t\t\t\t<div class=\"elementor-widget-container\">\n\t\t\t\t\t\t\t\t<div class=\"elementor-image\">\n\t\t\t\t\t\t\t\t\t<figure class=\"wp-caption\">\n\t\t\t\t\t\t\t\t\t\t\t<a href=\"http:\/\/procesamiento-de-tejidos\">\n\t\t\t\t\t\t\t<img loading=\"lazy\" decoding=\"async\" width=\"300\" height=\"270\" src=\"http:\/\/www.precision.com.gt\/wp-content\/uploads\/2018\/10\/procesamiento-300x270.jpg\" class=\"attachment-medium size-medium\" alt=\"\" srcset=\"http:\/\/www.precision.com.gt\/wp-content\/uploads\/2018\/10\/procesamiento-300x270.jpg 300w, http:\/\/www.precision.com.gt\/wp-content\/uploads\/2018\/10\/procesamiento-150x135.jpg 150w, http:\/\/www.precision.com.gt\/wp-content\/uploads\/2018\/10\/procesamiento-250x225.jpg 250w, http:\/\/www.precision.com.gt\/wp-content\/uploads\/2018\/10\/procesamiento-200x180.jpg 200w, http:\/\/www.precision.com.gt\/wp-content\/uploads\/2018\/10\/procesamiento-333x300.jpg 333w, http:\/\/www.precision.com.gt\/wp-content\/uploads\/2018\/10\/procesamiento.jpg 456w\" sizes=\"(max-width: 300px) 100vw, 300px\" \/>\t\t\t\t\t\t\t\t<\/a>\n\t\t\t\t\t\t\t\t\t\t\t<figcaption class=\"widget-image-caption wp-caption-text\">Procesamiento de Tejidos<\/figcaption>\n\t\t\t\t\t\t\t\t\t\t<\/figure>\n\t\t\t\t\t\t\t\t<\/div>\n\t\t\t\t\t\t<\/div>\n\t\t\t\t<\/div>\n\t\t\t\t\t\t<\/div>\n\t\t\t\t\t<\/div>\n\t\t<\/div>\n\t\t\t\t<div class=\"elementor-column elementor-col-25 elementor-top-column elementor-element elementor-element-13e2b20f\" data-id=\"13e2b20f\" data-element_type=\"column\">\n\t\t\t<div class=\"elementor-column-wrap elementor-element-populated\">\n\t\t\t\t\t\t\t<div class=\"elementor-widget-wrap\">\n\t\t\t\t\t\t<div class=\"elementor-element elementor-element-4477a9c0 elementor-widget elementor-widget-image\" data-id=\"4477a9c0\" data-element_type=\"widget\" data-widget_type=\"image.default\">\n\t\t\t\t<div class=\"elementor-widget-container\">\n\t\t\t\t\t\t\t\t<div class=\"elementor-image\">\n\t\t\t\t\t\t\t\t\t<figure class=\"wp-caption\">\n\t\t\t\t\t\t\t\t\t\t\t<a href=\"http:\/\/inclusion-de-muestras\">\n\t\t\t\t\t\t\t<img loading=\"lazy\" decoding=\"async\" width=\"300\" height=\"206\" src=\"http:\/\/www.precision.com.gt\/wp-content\/uploads\/2018\/10\/inclusion-300x206.jpg\" class=\"attachment-medium size-medium\" alt=\"\" srcset=\"http:\/\/www.precision.com.gt\/wp-content\/uploads\/2018\/10\/inclusion-300x206.jpg 300w, http:\/\/www.precision.com.gt\/wp-content\/uploads\/2018\/10\/inclusion-150x103.jpg 150w, http:\/\/www.precision.com.gt\/wp-content\/uploads\/2018\/10\/inclusion-768x526.jpg 768w, http:\/\/www.precision.com.gt\/wp-content\/uploads\/2018\/10\/inclusion-1024x702.jpg 1024w, http:\/\/www.precision.com.gt\/wp-content\/uploads\/2018\/10\/inclusion-250x171.jpg 250w, http:\/\/www.precision.com.gt\/wp-content\/uploads\/2018\/10\/inclusion-550x377.jpg 550w, http:\/\/www.precision.com.gt\/wp-content\/uploads\/2018\/10\/inclusion-800x548.jpg 800w, http:\/\/www.precision.com.gt\/wp-content\/uploads\/2018\/10\/inclusion-263x180.jpg 263w, http:\/\/www.precision.com.gt\/wp-content\/uploads\/2018\/10\/inclusion-438x300.jpg 438w, http:\/\/www.precision.com.gt\/wp-content\/uploads\/2018\/10\/inclusion-730x500.jpg 730w\" sizes=\"(max-width: 300px) 100vw, 300px\" \/>\t\t\t\t\t\t\t\t<\/a>\n\t\t\t\t\t\t\t\t\t\t\t<figcaption class=\"widget-image-caption wp-caption-text\">Inclusi\u00f3n de Muestras<\/figcaption>\n\t\t\t\t\t\t\t\t\t\t<\/figure>\n\t\t\t\t\t\t\t\t<\/div>\n\t\t\t\t\t\t<\/div>\n\t\t\t\t<\/div>\n\t\t\t\t<div class=\"elementor-element elementor-element-4f68ef2 elementor-widget elementor-widget-image\" data-id=\"4f68ef2\" data-element_type=\"widget\" data-widget_type=\"image.default\">\n\t\t\t\t<div class=\"elementor-widget-container\">\n\t\t\t\t\t\t\t\t<div class=\"elementor-image\">\n\t\t\t\t\t\t\t\t\t<figure class=\"wp-caption\">\n\t\t\t\t\t\t\t\t\t\t\t<a href=\"http:\/\/citogenetica-2\">\n\t\t\t\t\t\t\t<img loading=\"lazy\" decoding=\"async\" width=\"300\" height=\"240\" src=\"http:\/\/www.precision.com.gt\/wp-content\/uploads\/2019\/02\/citogenetica-300x240.jpg\" class=\"attachment-medium size-medium\" alt=\"\" srcset=\"http:\/\/www.precision.com.gt\/wp-content\/uploads\/2019\/02\/citogenetica-300x240.jpg 300w, http:\/\/www.precision.com.gt\/wp-content\/uploads\/2019\/02\/citogenetica-150x120.jpg 150w, http:\/\/www.precision.com.gt\/wp-content\/uploads\/2019\/02\/citogenetica-768x614.jpg 768w, http:\/\/www.precision.com.gt\/wp-content\/uploads\/2019\/02\/citogenetica-250x200.jpg 250w, http:\/\/www.precision.com.gt\/wp-content\/uploads\/2019\/02\/citogenetica-550x440.jpg 550w, http:\/\/www.precision.com.gt\/wp-content\/uploads\/2019\/02\/citogenetica-800x640.jpg 800w, http:\/\/www.precision.com.gt\/wp-content\/uploads\/2019\/02\/citogenetica-225x180.jpg 225w, http:\/\/www.precision.com.gt\/wp-content\/uploads\/2019\/02\/citogenetica-375x300.jpg 375w, http:\/\/www.precision.com.gt\/wp-content\/uploads\/2019\/02\/citogenetica-625x500.jpg 625w, http:\/\/www.precision.com.gt\/wp-content\/uploads\/2019\/02\/citogenetica.jpg 945w\" sizes=\"(max-width: 300px) 100vw, 300px\" \/>\t\t\t\t\t\t\t\t<\/a>\n\t\t\t\t\t\t\t\t\t\t\t<figcaption class=\"widget-image-caption wp-caption-text\">Citogenetica<\/figcaption>\n\t\t\t\t\t\t\t\t\t\t<\/figure>\n\t\t\t\t\t\t\t\t<\/div>\n\t\t\t\t\t\t<\/div>\n\t\t\t\t<\/div>\n\t\t\t\t\t\t<\/div>\n\t\t\t\t\t<\/div>\n\t\t<\/div>\n\t\t\t\t<div class=\"elementor-column elementor-col-25 elementor-top-column elementor-element elementor-element-62bcefc4\" data-id=\"62bcefc4\" data-element_type=\"column\">\n\t\t\t<div class=\"elementor-column-wrap elementor-element-populated\">\n\t\t\t\t\t\t\t<div class=\"elementor-widget-wrap\">\n\t\t\t\t\t\t<div class=\"elementor-element elementor-element-c656836 elementor-widget elementor-widget-image\" data-id=\"c656836\" data-element_type=\"widget\" data-widget_type=\"image.default\">\n\t\t\t\t<div class=\"elementor-widget-container\">\n\t\t\t\t\t\t\t\t<div class=\"elementor-image\">\n\t\t\t\t\t\t\t\t\t<figure class=\"wp-caption\">\n\t\t\t\t\t\t\t\t\t\t\t<a href=\"http:\/\/seccionado-en-frio\">\n\t\t\t\t\t\t\t<img loading=\"lazy\" decoding=\"async\" width=\"300\" height=\"238\" src=\"http:\/\/www.precision.com.gt\/wp-content\/uploads\/2018\/10\/seccionado-frio-300x238.jpg\" class=\"attachment-medium size-medium\" alt=\"\" srcset=\"http:\/\/www.precision.com.gt\/wp-content\/uploads\/2018\/10\/seccionado-frio-300x238.jpg 300w, http:\/\/www.precision.com.gt\/wp-content\/uploads\/2018\/10\/seccionado-frio-150x119.jpg 150w, http:\/\/www.precision.com.gt\/wp-content\/uploads\/2018\/10\/seccionado-frio-250x198.jpg 250w, http:\/\/www.precision.com.gt\/wp-content\/uploads\/2018\/10\/seccionado-frio-550x436.jpg 550w, http:\/\/www.precision.com.gt\/wp-content\/uploads\/2018\/10\/seccionado-frio-227x180.jpg 227w, http:\/\/www.precision.com.gt\/wp-content\/uploads\/2018\/10\/seccionado-frio-378x300.jpg 378w, http:\/\/www.precision.com.gt\/wp-content\/uploads\/2018\/10\/seccionado-frio-631x500.jpg 631w, http:\/\/www.precision.com.gt\/wp-content\/uploads\/2018\/10\/seccionado-frio.jpg 661w\" sizes=\"(max-width: 300px) 100vw, 300px\" \/>\t\t\t\t\t\t\t\t<\/a>\n\t\t\t\t\t\t\t\t\t\t\t<figcaption class=\"widget-image-caption wp-caption-text\">Seccionado en Fr\u00edo<\/figcaption>\n\t\t\t\t\t\t\t\t\t\t<\/figure>\n\t\t\t\t\t\t\t\t<\/div>\n\t\t\t\t\t\t<\/div>\n\t\t\t\t<\/div>\n\t\t\t\t<div class=\"elementor-element elementor-element-5ce806af elementor-widget elementor-widget-image\" data-id=\"5ce806af\" data-element_type=\"widget\" data-widget_type=\"image.default\">\n\t\t\t\t<div class=\"elementor-widget-container\">\n\t\t\t\t\t\t\t\t<div class=\"elementor-image\">\n\t\t\t\t\t\t\t\t\t<figure class=\"wp-caption\">\n\t\t\t\t\t\t\t\t\t\t\t<a href=\"http:\/\/preparacion-de-muestras\">\n\t\t\t\t\t\t\t<img loading=\"lazy\" decoding=\"async\" width=\"300\" height=\"176\" src=\"http:\/\/www.precision.com.gt\/wp-content\/uploads\/2018\/10\/Consumibles-300x176.png\" class=\"attachment-medium size-medium\" alt=\"\" srcset=\"http:\/\/www.precision.com.gt\/wp-content\/uploads\/2018\/10\/Consumibles-300x176.png 300w, http:\/\/www.precision.com.gt\/wp-content\/uploads\/2018\/10\/Consumibles-150x88.png 150w, http:\/\/www.precision.com.gt\/wp-content\/uploads\/2018\/10\/Consumibles-768x451.png 768w, http:\/\/www.precision.com.gt\/wp-content\/uploads\/2018\/10\/Consumibles-250x147.png 250w, http:\/\/www.precision.com.gt\/wp-content\/uploads\/2018\/10\/Consumibles-550x323.png 550w, http:\/\/www.precision.com.gt\/wp-content\/uploads\/2018\/10\/Consumibles-800x470.png 800w, http:\/\/www.precision.com.gt\/wp-content\/uploads\/2018\/10\/Consumibles-307x180.png 307w, http:\/\/www.precision.com.gt\/wp-content\/uploads\/2018\/10\/Consumibles-511x300.png 511w, http:\/\/www.precision.com.gt\/wp-content\/uploads\/2018\/10\/Consumibles-852x500.png 852w, http:\/\/www.precision.com.gt\/wp-content\/uploads\/2018\/10\/Consumibles.png 952w\" sizes=\"(max-width: 300px) 100vw, 300px\" \/>\t\t\t\t\t\t\t\t<\/a>\n\t\t\t\t\t\t\t\t\t\t\t<figcaption class=\"widget-image-caption wp-caption-text\">Preparaci\u00f3n de Muestras<\/figcaption>\n\t\t\t\t\t\t\t\t\t\t<\/figure>\n\t\t\t\t\t\t\t\t<\/div>\n\t\t\t\t\t\t<\/div>\n\t\t\t\t<\/div>\n\t\t\t\t\t\t<\/div>\n\t\t\t\t\t<\/div>\n\t\t<\/div>\n\t\t\t\t<div class=\"elementor-column elementor-col-25 elementor-top-column elementor-element elementor-element-136ef6b8\" data-id=\"136ef6b8\" data-element_type=\"column\">\n\t\t\t<div class=\"elementor-column-wrap elementor-element-populated\">\n\t\t\t\t\t\t\t<div class=\"elementor-widget-wrap\">\n\t\t\t\t\t\t<div class=\"elementor-element elementor-element-40182d6 elementor-widget elementor-widget-image\" data-id=\"40182d6\" data-element_type=\"widget\" data-widget_type=\"image.default\">\n\t\t\t\t<div class=\"elementor-widget-container\">\n\t\t\t\t\t\t\t\t<div class=\"elementor-image\">\n\t\t\t\t\t\t\t\t\t<figure class=\"wp-caption\">\n\t\t\t\t\t\t\t\t\t\t\t<a href=\"http:\/\/patologia-digital\">\n\t\t\t\t\t\t\t<img loading=\"lazy\" decoding=\"async\" width=\"300\" height=\"181\" src=\"http:\/\/www.precision.com.gt\/wp-content\/uploads\/2019\/02\/Patologia-300x181.jpg\" class=\"attachment-medium size-medium\" alt=\"\" srcset=\"http:\/\/www.precision.com.gt\/wp-content\/uploads\/2019\/02\/Patologia-300x181.jpg 300w, http:\/\/www.precision.com.gt\/wp-content\/uploads\/2019\/02\/Patologia-150x91.jpg 150w, http:\/\/www.precision.com.gt\/wp-content\/uploads\/2019\/02\/Patologia-250x151.jpg 250w, http:\/\/www.precision.com.gt\/wp-content\/uploads\/2019\/02\/Patologia-298x180.jpg 298w, http:\/\/www.precision.com.gt\/wp-content\/uploads\/2019\/02\/Patologia.jpg 495w\" sizes=\"(max-width: 300px) 100vw, 300px\" \/>\t\t\t\t\t\t\t\t<\/a>\n\t\t\t\t\t\t\t\t\t\t\t<figcaption class=\"widget-image-caption wp-caption-text\">Patolog\u00eda Digital<\/figcaption>\n\t\t\t\t\t\t\t\t\t\t<\/figure>\n\t\t\t\t\t\t\t\t<\/div>\n\t\t\t\t\t\t<\/div>\n\t\t\t\t<\/div>\n\t\t\t\t\t\t<\/div>\n\t\t\t\t\t<\/div>\n\t\t<\/div>\n\t\t\t\t\t\t\t\t<\/div>\n\t\t\t\t\t<\/div>\n\t\t<\/section>\n\t\t\t\t\t\t\t\t\t<\/div>\n\t\t\t<\/div>\n\t\t\t\t\t<\/div>\n\t\t","protected":false},"excerpt":{"rendered":"Con m\u00e1s de 12 millones de diagn\u00f3sticos al a\u00f1o, las nuevas percepciones que deriven en unos mejores tratamientos mejorar\u00e1n de forma significativa muchas vidas. Las soluciones centradas en la investigaci\u00f3n de Leica Biosystems reducen el tiempo y los costes de la investigaci\u00f3n translacional, del desarrollo de f\u00e1rmacos y de otros estudios basados en tejidos. Para [&hellip;]","protected":false},"author":3,"featured_media":0,"parent":0,"menu_order":0,"comment_status":"closed","ping_status":"closed","template":"","meta":{"footnotes":""},"_links":{"self":[{"href":"http:\/\/www.precision.com.gt\/home\/wp-json\/wp\/v2\/pages\/1148"}],"collection":[{"href":"http:\/\/www.precision.com.gt\/home\/wp-json\/wp\/v2\/pages"}],"about":[{"href":"http:\/\/www.precision.com.gt\/home\/wp-json\/wp\/v2\/types\/page"}],"author":[{"embeddable":true,"href":"http:\/\/www.precision.com.gt\/home\/wp-json\/wp\/v2\/users\/3"}],"replies":[{"embeddable":true,"href":"http:\/\/www.precision.com.gt\/home\/wp-json\/wp\/v2\/comments?post=1148"}],"version-history":[{"count":5,"href":"http:\/\/www.precision.com.gt\/home\/wp-json\/wp\/v2\/pages\/1148\/revisions"}],"predecessor-version":[{"id":1489,"href":"http:\/\/www.precision.com.gt\/home\/wp-json\/wp\/v2\/pages\/1148\/revisions\/1489"}],"wp:attachment":[{"href":"http:\/\/www.precision.com.gt\/home\/wp-json\/wp\/v2\/media?parent=1148"}],"curies":[{"name":"wp","href":"https:\/\/api.w.org\/{rel}","templated":true}]}}