{"id":1495,"date":"2019-02-22T14:40:00","date_gmt":"2019-02-22T20:40:00","guid":{"rendered":"http:\/\/www.precision.com.gt\/home\/?page_id=1495"},"modified":"2019-03-22T10:53:50","modified_gmt":"2019-03-22T16:53:50","slug":"microscopios-educativos","status":"publish","type":"page","link":"http:\/\/www.precision.com.gt\/home\/leica-microsystems\/microscopios-opticos\/microscopios-educativos\/","title":{"rendered":"Microscopios Educativos"},"content":{"rendered":"\t\t<div data-elementor-type=\"wp-post\" data-elementor-id=\"1495\" class=\"elementor elementor-1495\">\n\t\t\t\t\t\t<div class=\"elementor-inner\">\n\t\t\t\t<div class=\"elementor-section-wrap\">\n\t\t\t\t\t\t\t\t\t<section class=\"elementor-section elementor-top-section elementor-element elementor-element-620f12b5 elementor-section-boxed elementor-section-height-default elementor-section-height-default\" data-id=\"620f12b5\" data-element_type=\"section\">\n\t\t\t\t\t\t<div class=\"elementor-container elementor-column-gap-default\">\n\t\t\t\t\t\t\t<div class=\"elementor-row\">\n\t\t\t\t\t<div class=\"elementor-column elementor-col-50 elementor-top-column elementor-element elementor-element-598ca750\" data-id=\"598ca750\" data-element_type=\"column\">\n\t\t\t<div class=\"elementor-column-wrap elementor-element-populated\">\n\t\t\t\t\t\t\t<div class=\"elementor-widget-wrap\">\n\t\t\t\t\t\t<div class=\"elementor-element elementor-element-1dc8621c elementor-widget elementor-widget-text-editor\" data-id=\"1dc8621c\" data-element_type=\"widget\" data-widget_type=\"text-editor.default\">\n\t\t\t\t<div class=\"elementor-widget-container\">\n\t\t\t\t\t\t\t\t<div class=\"elementor-text-editor elementor-clearfix\">\n\t\t\t\t<h1>MICROSCOPIOS EDUCATIVOS<\/h1><p>Estos microscopios b\u00e1sicos \u00abplug and play\u00bb (enchufar y usar) se utilizan en aulas de todo el mundo. En asignaturas de ciencias de la vida como biolog\u00eda, histolog\u00eda, zoolog\u00eda o anatom\u00eda, al igual que ciencias de la tierra, ciencias de los materiales o investigaci\u00f3n forense, estimulan por igual las mentes curiosas de principiantes, curiosos y expertos.<\/p>\t\t\t\t\t<\/div>\n\t\t\t\t\t\t<\/div>\n\t\t\t\t<\/div>\n\t\t\t\t<div class=\"elementor-element elementor-element-772c7e00 elementor-widget elementor-widget-text-editor\" data-id=\"772c7e00\" data-element_type=\"widget\" data-widget_type=\"text-editor.default\">\n\t\t\t\t<div class=\"elementor-widget-container\">\n\t\t\t\t\t\t\t\t<div class=\"elementor-text-editor elementor-clearfix\">\n\t\t\t\t<h1><strong>PRODUCTOS<\/strong><\/h1>\t\t\t\t\t<\/div>\n\t\t\t\t\t\t<\/div>\n\t\t\t\t<\/div>\n\t\t\t\t\t\t<\/div>\n\t\t\t\t\t<\/div>\n\t\t<\/div>\n\t\t\t\t<div class=\"elementor-column elementor-col-50 elementor-top-column elementor-element elementor-element-3d90228a\" data-id=\"3d90228a\" data-element_type=\"column\">\n\t\t\t<div class=\"elementor-column-wrap elementor-element-populated\">\n\t\t\t\t\t\t\t<div class=\"elementor-widget-wrap\">\n\t\t\t\t\t\t<div class=\"elementor-element elementor-element-71e18db3 elementor-widget elementor-widget-image\" data-id=\"71e18db3\" data-element_type=\"widget\" data-widget_type=\"image.default\">\n\t\t\t\t<div class=\"elementor-widget-container\">\n\t\t\t\t\t\t\t\t<div class=\"elementor-image\">\n\t\t\t\t\t\t\t\t\t\t\t\t<img loading=\"lazy\" decoding=\"async\" width=\"150\" height=\"92\" src=\"http:\/\/www.precision.com.gt\/wp-content\/uploads\/2018\/09\/Logo-Leica-Microsystems-150x92.png\" class=\"attachment-thumbnail size-thumbnail\" alt=\"\" srcset=\"http:\/\/www.precision.com.gt\/wp-content\/uploads\/2018\/09\/Logo-Leica-Microsystems-150x92.png 150w, http:\/\/www.precision.com.gt\/wp-content\/uploads\/2018\/09\/Logo-Leica-Microsystems-250x154.png 250w, http:\/\/www.precision.com.gt\/wp-content\/uploads\/2018\/09\/Logo-Leica-Microsystems.png 286w\" sizes=\"(max-width: 150px) 100vw, 150px\" \/>\t\t\t\t\t\t\t\t\t\t\t\t\t\t<\/div>\n\t\t\t\t\t\t<\/div>\n\t\t\t\t<\/div>\n\t\t\t\t<div class=\"elementor-element elementor-element-650c51fc elementor-button-danger elementor-align-center elementor-widget elementor-widget-button\" data-id=\"650c51fc\" data-element_type=\"widget\" data-widget_type=\"button.default\">\n\t\t\t\t<div class=\"elementor-widget-container\">\n\t\t\t\t\t<div class=\"elementor-button-wrapper\">\n\t\t\t<a href=\"http:\/\/www.precision.com.gt\/home\/leica-microsystems\/microscopios-opticos\/\" class=\"elementor-button-link elementor-button elementor-size-xs\" role=\"button\">\n\t\t\t\t\t\t<span class=\"elementor-button-content-wrapper\">\n\t\t\t\t\t\t\t<span class=\"elementor-button-icon elementor-align-icon-left\">\n\t\t\t\t\t\t\t\t\t<i class=\"fa fa-mail-reply\" aria-hidden=\"true\"><\/i>\n\t\t\t\t\t\t\t<\/span>\n\t\t\t\t\t\t<span class=\"elementor-button-text\">Regresar \/ Ver Todo<\/span>\n\t\t<\/span>\n\t\t\t\t\t<\/a>\n\t\t<\/div>\n\t\t\t\t<\/div>\n\t\t\t\t<\/div>\n\t\t\t\t\t\t<\/div>\n\t\t\t\t\t<\/div>\n\t\t<\/div>\n\t\t\t\t\t\t\t\t<\/div>\n\t\t\t\t\t<\/div>\n\t\t<\/section>\n\t\t\t\t<section class=\"elementor-section elementor-top-section elementor-element elementor-element-5a3f41f9 elementor-section-boxed elementor-section-height-default elementor-section-height-default\" data-id=\"5a3f41f9\" data-element_type=\"section\">\n\t\t\t\t\t\t<div class=\"elementor-container elementor-column-gap-default\">\n\t\t\t\t\t\t\t<div class=\"elementor-row\">\n\t\t\t\t\t<div class=\"elementor-column elementor-col-50 elementor-top-column elementor-element elementor-element-c3d5587\" data-id=\"c3d5587\" data-element_type=\"column\">\n\t\t\t<div class=\"elementor-column-wrap elementor-element-populated\">\n\t\t\t\t\t\t\t<div class=\"elementor-widget-wrap\">\n\t\t\t\t\t\t<div class=\"elementor-element elementor-element-24da6cb elementor-position-top elementor-vertical-align-top elementor-widget elementor-widget-image-box\" data-id=\"24da6cb\" data-element_type=\"widget\" data-widget_type=\"image-box.default\">\n\t\t\t\t<div class=\"elementor-widget-container\">\n\t\t\t<div class=\"elementor-image-box-wrapper\"><figure class=\"elementor-image-box-img\"><img loading=\"lazy\" decoding=\"async\" width=\"248\" height=\"300\" src=\"http:\/\/www.precision.com.gt\/wp-content\/uploads\/2019\/02\/Microscopio-leica-DM750-248x300.png\" class=\"attachment-medium size-medium\" alt=\"\" \/><\/figure><div class=\"elementor-image-box-content\"><h3 class=\"elementor-image-box-title\">DM750<\/h3><p class=\"elementor-image-box-description\">Id\u00f3neo para cubrir las diversas necesidades de cursos avanzados de ciencias biol\u00f3gicas, as\u00ed como para cursos de medicina, veterinaria y odontolog\u00eda. Con dise\u00f1os que facilita el transporte y la elevaci\u00f3n, as\u00ed como la reducci\u00f3n del desconchado de los portaobjetos, ofrecen mayor seguridad en el entorno de ense\u00f1anza y una iluminaci\u00f3n LED de m\u00e1s de 20 a\u00f1os y una funci\u00f3n de apagado autom\u00e1tico con retardo, permiten ahorrar tiempo y energ\u00eda.<\/p><\/div><\/div>\t\t<\/div>\n\t\t\t\t<\/div>\n\t\t\t\t<div class=\"elementor-element elementor-element-dd9ecad elementor-button-success elementor-align-center elementor-widget elementor-widget-button\" data-id=\"dd9ecad\" data-element_type=\"widget\" data-widget_type=\"button.default\">\n\t\t\t\t<div class=\"elementor-widget-container\">\n\t\t\t\t\t<div class=\"elementor-button-wrapper\">\n\t\t\t<a href=\"https:\/\/www.leica-microsystems.com\/fileadmin\/downloads\/Leica%20DM500\/Brochures\/Leica_DM500_DM750_brochure_ES.pdf\" target=\"_blank\" class=\"elementor-button-link elementor-button elementor-size-xs\" role=\"button\">\n\t\t\t\t\t\t<span class=\"elementor-button-content-wrapper\">\n\t\t\t\t\t\t\t<span class=\"elementor-button-icon elementor-align-icon-left\">\n\t\t\t\t\t\t\t\t\t<i class=\"fa fa-info-circle\" aria-hidden=\"true\"><\/i>\n\t\t\t\t\t\t\t<\/span>\n\t\t\t\t\t\t<span class=\"elementor-button-text\">M\u00e1s Informaci\u00f3n<\/span>\n\t\t<\/span>\n\t\t\t\t\t<\/a>\n\t\t<\/div>\n\t\t\t\t<\/div>\n\t\t\t\t<\/div>\n\t\t\t\t<div class=\"elementor-element elementor-element-121d701 elementor-position-top elementor-vertical-align-top elementor-widget elementor-widget-image-box\" data-id=\"121d701\" data-element_type=\"widget\" data-widget_type=\"image-box.default\">\n\t\t\t\t<div class=\"elementor-widget-container\">\n\t\t\t<div class=\"elementor-image-box-wrapper\"><figure class=\"elementor-image-box-img\"><img loading=\"lazy\" decoding=\"async\" width=\"300\" height=\"200\" src=\"http:\/\/www.precision.com.gt\/wp-content\/uploads\/2019\/02\/Microscopio-leica-DM100-300x200.jpg\" class=\"attachment-medium size-medium\" alt=\"\" \/><\/figure><div class=\"elementor-image-box-content\"><h3 class=\"elementor-image-box-title\">DM300<\/h3><p class=\"elementor-image-box-description\">Compacto, no necesita mantenimiento y es f\u00e1cil de usar. Equipado con una platina mec\u00e1nica y un condensador Abbe, puede configurarse con un tubo monocular o binocular giratorio para la observaci\u00f3n compartida y facilitar el almacenamiento.<\/p><\/div><\/div>\t\t<\/div>\n\t\t\t\t<\/div>\n\t\t\t\t<div class=\"elementor-element elementor-element-4bbc7d6 elementor-button-success elementor-align-center elementor-widget elementor-widget-button\" data-id=\"4bbc7d6\" data-element_type=\"widget\" data-widget_type=\"button.default\">\n\t\t\t\t<div class=\"elementor-widget-container\">\n\t\t\t\t\t<div class=\"elementor-button-wrapper\">\n\t\t\t<a href=\"https:\/\/www.leica-microsystems.com\/fileadmin\/downloads\/Leica%20DM300\/Brochures\/Leica_DM300_Brochure_ES.pdf\" target=\"_blank\" class=\"elementor-button-link elementor-button elementor-size-xs\" role=\"button\">\n\t\t\t\t\t\t<span class=\"elementor-button-content-wrapper\">\n\t\t\t\t\t\t\t<span class=\"elementor-button-icon elementor-align-icon-left\">\n\t\t\t\t\t\t\t\t\t<i class=\"fa fa-info-circle\" aria-hidden=\"true\"><\/i>\n\t\t\t\t\t\t\t<\/span>\n\t\t\t\t\t\t<span class=\"elementor-button-text\">M\u00e1s Informaci\u00f3n<\/span>\n\t\t<\/span>\n\t\t\t\t\t<\/a>\n\t\t<\/div>\n\t\t\t\t<\/div>\n\t\t\t\t<\/div>\n\t\t\t\t\t\t<\/div>\n\t\t\t\t\t<\/div>\n\t\t<\/div>\n\t\t\t\t<div class=\"elementor-column elementor-col-50 elementor-top-column elementor-element elementor-element-7714f6a3\" data-id=\"7714f6a3\" data-element_type=\"column\">\n\t\t\t<div class=\"elementor-column-wrap elementor-element-populated\">\n\t\t\t\t\t\t\t<div class=\"elementor-widget-wrap\">\n\t\t\t\t\t\t<div class=\"elementor-element elementor-element-c2d6acf elementor-position-top elementor-vertical-align-top elementor-widget elementor-widget-image-box\" data-id=\"c2d6acf\" data-element_type=\"widget\" data-widget_type=\"image-box.default\">\n\t\t\t\t<div class=\"elementor-widget-container\">\n\t\t\t<div class=\"elementor-image-box-wrapper\"><figure class=\"elementor-image-box-img\"><img loading=\"lazy\" decoding=\"async\" width=\"248\" height=\"300\" src=\"http:\/\/www.precision.com.gt\/wp-content\/uploads\/2015\/06\/DM500_Logo_05_f4fcef923a-248x300.jpg\" class=\"attachment-medium size-medium\" alt=\"Leica DM500\" \/><\/figure><div class=\"elementor-image-box-content\"><h3 class=\"elementor-image-box-title\">DM500<\/h3><p class=\"elementor-image-box-description\">Ideal para los cursos preuniversitarios y universitarios de introducci\u00f3n a las ciencias biol\u00f3gicas tanto para instructores como para estudiantes. El condensador preenfocado y precentrado y las dioptr\u00edas preajustadas impiden ajustes incorrectos por parte del estudiante. El dise\u00f1o con asa integrada y enrollador de cable permite transportarlo y elevarlo f\u00e1cilmente y ofrece protecci\u00f3n contra da\u00f1os en componentes del microscopio.<\/p><\/div><\/div>\t\t<\/div>\n\t\t\t\t<\/div>\n\t\t\t\t<div class=\"elementor-element elementor-element-878eb6c elementor-button-success elementor-align-center elementor-widget elementor-widget-button\" data-id=\"878eb6c\" data-element_type=\"widget\" data-widget_type=\"button.default\">\n\t\t\t\t<div class=\"elementor-widget-container\">\n\t\t\t\t\t<div class=\"elementor-button-wrapper\">\n\t\t\t<a href=\"https:\/\/www.leica-microsystems.com\/fileadmin\/downloads\/Leica%20DM500\/Brochures\/Leica_DM500_DM750_brochure_ES.pdf\" target=\"_blank\" class=\"elementor-button-link elementor-button elementor-size-xs\" role=\"button\">\n\t\t\t\t\t\t<span class=\"elementor-button-content-wrapper\">\n\t\t\t\t\t\t\t<span class=\"elementor-button-icon elementor-align-icon-left\">\n\t\t\t\t\t\t\t\t\t<i class=\"fa fa-info-circle\" aria-hidden=\"true\"><\/i>\n\t\t\t\t\t\t\t<\/span>\n\t\t\t\t\t\t<span class=\"elementor-button-text\">M\u00e1s Informaci\u00f3n<\/span>\n\t\t<\/span>\n\t\t\t\t\t<\/a>\n\t\t<\/div>\n\t\t\t\t<\/div>\n\t\t\t\t<\/div>\n\t\t\t\t<div class=\"elementor-element elementor-element-74f47b67 elementor-position-top elementor-vertical-align-top elementor-widget elementor-widget-image-box\" data-id=\"74f47b67\" data-element_type=\"widget\" data-widget_type=\"image-box.default\">\n\t\t\t\t<div class=\"elementor-widget-container\">\n\t\t\t<div class=\"elementor-image-box-wrapper\"><figure class=\"elementor-image-box-img\"><img loading=\"lazy\" decoding=\"async\" width=\"300\" height=\"199\" src=\"http:\/\/www.precision.com.gt\/wp-content\/uploads\/2015\/06\/13613301_14_4d6dfd8ca6-300x199.jpg\" class=\"attachment-medium size-medium\" alt=\"Leica DM100\" \/><\/figure><div class=\"elementor-image-box-content\"><h3 class=\"elementor-image-box-title\">DM100<\/h3><p class=\"elementor-image-box-description\">Estructura s\u00f3lida,  platina fija, f\u00e1cil de usar y con funciones \u00fatiles para estudiantes, ha sido concebido para clases de biolog\u00eda y cursos universitarios de 2-4 a\u00f1os en ciencias biol\u00f3gicas<\/p><\/div><\/div>\t\t<\/div>\n\t\t\t\t<\/div>\n\t\t\t\t<div class=\"elementor-element elementor-element-81a9f0d elementor-button-success elementor-align-center elementor-widget elementor-widget-button\" data-id=\"81a9f0d\" data-element_type=\"widget\" data-widget_type=\"button.default\">\n\t\t\t\t<div class=\"elementor-widget-container\">\n\t\t\t\t\t<div class=\"elementor-button-wrapper\">\n\t\t\t<a href=\"http:\/\/www.precision.com.gt\/wp-content\/uploads\/2019\/03\/Leica_DM100_UserManual_ES.pdf\" target=\"_blank\" class=\"elementor-button-link elementor-button elementor-size-xs\" role=\"button\">\n\t\t\t\t\t\t<span class=\"elementor-button-content-wrapper\">\n\t\t\t\t\t\t\t<span class=\"elementor-button-icon elementor-align-icon-left\">\n\t\t\t\t\t\t\t\t\t<i class=\"fa fa-info-circle\" aria-hidden=\"true\"><\/i>\n\t\t\t\t\t\t\t<\/span>\n\t\t\t\t\t\t<span class=\"elementor-button-text\">M\u00e1s Informaci\u00f3n<\/span>\n\t\t<\/span>\n\t\t\t\t\t<\/a>\n\t\t<\/div>\n\t\t\t\t<\/div>\n\t\t\t\t<\/div>\n\t\t\t\t\t\t<\/div>\n\t\t\t\t\t<\/div>\n\t\t<\/div>\n\t\t\t\t\t\t\t\t<\/div>\n\t\t\t\t\t<\/div>\n\t\t<\/section>\n\t\t\t\t<section class=\"elementor-section elementor-top-section elementor-element elementor-element-5e92181 elementor-section-boxed elementor-section-height-default elementor-section-height-default\" data-id=\"5e92181\" data-element_type=\"section\">\n\t\t\t\t\t\t<div class=\"elementor-container elementor-column-gap-default\">\n\t\t\t\t\t\t\t<div class=\"elementor-row\">\n\t\t\t\t\t<div class=\"elementor-column elementor-col-33 elementor-top-column elementor-element elementor-element-4e969672\" data-id=\"4e969672\" data-element_type=\"column\">\n\t\t\t<div class=\"elementor-column-wrap\">\n\t\t\t\t\t\t\t<div class=\"elementor-widget-wrap\">\n\t\t\t\t\t\t\t\t<\/div>\n\t\t\t\t\t<\/div>\n\t\t<\/div>\n\t\t\t\t<div class=\"elementor-column elementor-col-33 elementor-top-column elementor-element elementor-element-4e85ffc1\" data-id=\"4e85ffc1\" data-element_type=\"column\">\n\t\t\t<div class=\"elementor-column-wrap elementor-element-populated\">\n\t\t\t\t\t\t\t<div class=\"elementor-widget-wrap\">\n\t\t\t\t\t\t<div class=\"elementor-element elementor-element-7ee84ba6 elementor-position-left elementor-view-default elementor-mobile-position-top elementor-vertical-align-top elementor-widget elementor-widget-icon-box\" data-id=\"7ee84ba6\" data-element_type=\"widget\" data-widget_type=\"icon-box.default\">\n\t\t\t\t<div class=\"elementor-widget-container\">\n\t\t\t\t\t<div class=\"elementor-icon-box-wrapper\">\n\t\t\t\t\t\t<div class=\"elementor-icon-box-icon\">\n\t\t\t\t<a class=\"elementor-icon elementor-animation-\" href=\"http:\/\/www.precision.com.gt\/home\/contactenos\/\">\n\t\t\t\t<i class=\"fa fa-phone-square\" aria-hidden=\"true\"><\/i>\t\t\t\t<\/a>\n\t\t\t<\/div>\n\t\t\t\t\t\t<div class=\"elementor-icon-box-content\">\n\t\t\t\t<h1 class=\"elementor-icon-box-title\">\n\t\t\t\t\t<a href=\"http:\/\/www.precision.com.gt\/home\/contactenos\/\" >\n\t\t\t\t\t\tContactenos\t\t\t\t\t<\/a>\n\t\t\t\t<\/h1>\n\t\t\t\t\t\t\t\t\t<p class=\"elementor-icon-box-description\">\n\t\t\t\t\t\tResolvemos sus dudas y preguntas\t\t\t\t\t<\/p>\n\t\t\t\t\t\t\t<\/div>\n\t\t<\/div>\n\t\t\t\t<\/div>\n\t\t\t\t<\/div>\n\t\t\t\t\t\t<\/div>\n\t\t\t\t\t<\/div>\n\t\t<\/div>\n\t\t\t\t<div class=\"elementor-column elementor-col-33 elementor-top-column elementor-element elementor-element-aaf37a5\" data-id=\"aaf37a5\" data-element_type=\"column\">\n\t\t\t<div class=\"elementor-column-wrap\">\n\t\t\t\t\t\t\t<div class=\"elementor-widget-wrap\">\n\t\t\t\t\t\t\t\t<\/div>\n\t\t\t\t\t<\/div>\n\t\t<\/div>\n\t\t\t\t\t\t\t\t<\/div>\n\t\t\t\t\t<\/div>\n\t\t<\/section>\n\t\t\t\t\t\t\t\t\t<\/div>\n\t\t\t<\/div>\n\t\t\t\t\t<\/div>\n\t\t","protected":false},"excerpt":{"rendered":"MICROSCOPIOS EDUCATIVOSEstos microscopios b\u00e1sicos \u00abplug and play\u00bb (enchufar y usar) se utilizan en aulas de todo el mundo. En asignaturas de ciencias de la vida como biolog\u00eda, histolog\u00eda, zoolog\u00eda o anatom\u00eda, al igual que ciencias de la tierra, ciencias de los materiales o investigaci\u00f3n forense, estimulan por igual las mentes curiosas de principiantes, curiosos y [&hellip;]","protected":false},"author":3,"featured_media":0,"parent":1012,"menu_order":0,"comment_status":"closed","ping_status":"closed","template":"elementor_header_footer","meta":{"footnotes":""},"_links":{"self":[{"href":"http:\/\/www.precision.com.gt\/home\/wp-json\/wp\/v2\/pages\/1495"}],"collection":[{"href":"http:\/\/www.precision.com.gt\/home\/wp-json\/wp\/v2\/pages"}],"about":[{"href":"http:\/\/www.precision.com.gt\/home\/wp-json\/wp\/v2\/types\/page"}],"author":[{"embeddable":true,"href":"http:\/\/www.precision.com.gt\/home\/wp-json\/wp\/v2\/users\/3"}],"replies":[{"embeddable":true,"href":"http:\/\/www.precision.com.gt\/home\/wp-json\/wp\/v2\/comments?post=1495"}],"version-history":[{"count":3,"href":"http:\/\/www.precision.com.gt\/home\/wp-json\/wp\/v2\/pages\/1495\/revisions"}],"predecessor-version":[{"id":2012,"href":"http:\/\/www.precision.com.gt\/home\/wp-json\/wp\/v2\/pages\/1495\/revisions\/2012"}],"up":[{"embeddable":true,"href":"http:\/\/www.precision.com.gt\/home\/wp-json\/wp\/v2\/pages\/1012"}],"wp:attachment":[{"href":"http:\/\/www.precision.com.gt\/home\/wp-json\/wp\/v2\/media?parent=1495"}],"curies":[{"name":"wp","href":"https:\/\/api.w.org\/{rel}","templated":true}]}}