{"id":1518,"date":"2019-02-22T16:14:58","date_gmt":"2019-02-22T22:14:58","guid":{"rendered":"http:\/\/www.precision.com.gt\/home\/?page_id=1518"},"modified":"2019-03-22T11:26:15","modified_gmt":"2019-03-22T17:26:15","slug":"estereomicroscopios-manuales-de-rutina","status":"publish","type":"page","link":"http:\/\/www.precision.com.gt\/home\/leica-microsystems\/estereomicroscopios-micro\/estereomicroscopios-manuales-de-rutina\/","title":{"rendered":"Estereomicroscopios Manuales de Rutina"},"content":{"rendered":"\t\t<div data-elementor-type=\"wp-post\" data-elementor-id=\"1518\" class=\"elementor elementor-1518\">\n\t\t\t\t\t\t<div class=\"elementor-inner\">\n\t\t\t\t<div class=\"elementor-section-wrap\">\n\t\t\t\t\t\t\t\t\t<section class=\"elementor-section elementor-top-section elementor-element elementor-element-25e88589 elementor-section-boxed elementor-section-height-default elementor-section-height-default\" data-id=\"25e88589\" data-element_type=\"section\">\n\t\t\t\t\t\t<div class=\"elementor-container elementor-column-gap-default\">\n\t\t\t\t\t\t\t<div class=\"elementor-row\">\n\t\t\t\t\t<div class=\"elementor-column elementor-col-50 elementor-top-column elementor-element elementor-element-58836fd6\" data-id=\"58836fd6\" data-element_type=\"column\">\n\t\t\t<div class=\"elementor-column-wrap elementor-element-populated\">\n\t\t\t\t\t\t\t<div class=\"elementor-widget-wrap\">\n\t\t\t\t\t\t<div class=\"elementor-element elementor-element-7403950e elementor-widget elementor-widget-text-editor\" data-id=\"7403950e\" data-element_type=\"widget\" data-widget_type=\"text-editor.default\">\n\t\t\t\t<div class=\"elementor-widget-container\">\n\t\t\t\t\t\t\t\t<div class=\"elementor-text-editor elementor-clearfix\">\n\t\t\t\t<h1>ESTEREOMICROSCOPIOS MANUALES DE RUTINA<\/h1><p>Tanto si necesita una soluci\u00f3n b\u00e1sica como un an\u00e1lisis y documentaci\u00f3n avanzados, Leica Microsystems dispone de microscopios estereosc\u00f3picos manuales de rutina con dise\u00f1o ergon\u00f3mico que se pueden personalizar para adaptarlos a sus necesidades<\/p>\t\t\t\t\t<\/div>\n\t\t\t\t\t\t<\/div>\n\t\t\t\t<\/div>\n\t\t\t\t<div class=\"elementor-element elementor-element-15ec7739 elementor-widget elementor-widget-text-editor\" data-id=\"15ec7739\" data-element_type=\"widget\" data-widget_type=\"text-editor.default\">\n\t\t\t\t<div class=\"elementor-widget-container\">\n\t\t\t\t\t\t\t\t<div class=\"elementor-text-editor elementor-clearfix\">\n\t\t\t\t<h1><strong>PRODUCTOS<\/strong><\/h1>\t\t\t\t\t<\/div>\n\t\t\t\t\t\t<\/div>\n\t\t\t\t<\/div>\n\t\t\t\t\t\t<\/div>\n\t\t\t\t\t<\/div>\n\t\t<\/div>\n\t\t\t\t<div class=\"elementor-column elementor-col-50 elementor-top-column elementor-element elementor-element-44af91d2\" data-id=\"44af91d2\" data-element_type=\"column\">\n\t\t\t<div class=\"elementor-column-wrap elementor-element-populated\">\n\t\t\t\t\t\t\t<div class=\"elementor-widget-wrap\">\n\t\t\t\t\t\t<div class=\"elementor-element elementor-element-1cfaada elementor-widget elementor-widget-image\" data-id=\"1cfaada\" data-element_type=\"widget\" data-widget_type=\"image.default\">\n\t\t\t\t<div class=\"elementor-widget-container\">\n\t\t\t\t\t\t\t\t<div class=\"elementor-image\">\n\t\t\t\t\t\t\t\t\t\t\t\t<img loading=\"lazy\" decoding=\"async\" width=\"150\" height=\"92\" src=\"http:\/\/www.precision.com.gt\/wp-content\/uploads\/2018\/09\/Logo-Leica-Microsystems-150x92.png\" class=\"attachment-thumbnail size-thumbnail\" alt=\"\" srcset=\"http:\/\/www.precision.com.gt\/wp-content\/uploads\/2018\/09\/Logo-Leica-Microsystems-150x92.png 150w, http:\/\/www.precision.com.gt\/wp-content\/uploads\/2018\/09\/Logo-Leica-Microsystems-250x154.png 250w, http:\/\/www.precision.com.gt\/wp-content\/uploads\/2018\/09\/Logo-Leica-Microsystems.png 286w\" sizes=\"(max-width: 150px) 100vw, 150px\" \/>\t\t\t\t\t\t\t\t\t\t\t\t\t\t<\/div>\n\t\t\t\t\t\t<\/div>\n\t\t\t\t<\/div>\n\t\t\t\t<div class=\"elementor-element elementor-element-3d702b9f elementor-button-danger elementor-align-center elementor-widget elementor-widget-button\" data-id=\"3d702b9f\" data-element_type=\"widget\" data-widget_type=\"button.default\">\n\t\t\t\t<div class=\"elementor-widget-container\">\n\t\t\t\t\t<div class=\"elementor-button-wrapper\">\n\t\t\t<a href=\"http:\/\/www.precision.com.gt\/home\/leica-microsystems\/estereomicroscopios-micro\/\" class=\"elementor-button-link elementor-button elementor-size-xs\" role=\"button\">\n\t\t\t\t\t\t<span class=\"elementor-button-content-wrapper\">\n\t\t\t\t\t\t\t<span class=\"elementor-button-icon elementor-align-icon-left\">\n\t\t\t\t\t\t\t\t\t<i class=\"fa fa-mail-reply\" aria-hidden=\"true\"><\/i>\n\t\t\t\t\t\t\t<\/span>\n\t\t\t\t\t\t<span class=\"elementor-button-text\">Regresar \/ Ver Todo<\/span>\n\t\t<\/span>\n\t\t\t\t\t<\/a>\n\t\t<\/div>\n\t\t\t\t<\/div>\n\t\t\t\t<\/div>\n\t\t\t\t\t\t<\/div>\n\t\t\t\t\t<\/div>\n\t\t<\/div>\n\t\t\t\t\t\t\t\t<\/div>\n\t\t\t\t\t<\/div>\n\t\t<\/section>\n\t\t\t\t<section class=\"elementor-section elementor-top-section elementor-element elementor-element-4f4ceac2 elementor-section-boxed elementor-section-height-default elementor-section-height-default\" data-id=\"4f4ceac2\" data-element_type=\"section\">\n\t\t\t\t\t\t<div class=\"elementor-container elementor-column-gap-default\">\n\t\t\t\t\t\t\t<div class=\"elementor-row\">\n\t\t\t\t\t<div class=\"elementor-column elementor-col-50 elementor-top-column elementor-element elementor-element-1a82d285\" data-id=\"1a82d285\" data-element_type=\"column\">\n\t\t\t<div class=\"elementor-column-wrap elementor-element-populated\">\n\t\t\t\t\t\t\t<div class=\"elementor-widget-wrap\">\n\t\t\t\t\t\t<div class=\"elementor-element elementor-element-6f0ac15a elementor-position-top elementor-vertical-align-top elementor-widget elementor-widget-image-box\" data-id=\"6f0ac15a\" data-element_type=\"widget\" data-widget_type=\"image-box.default\">\n\t\t\t\t<div class=\"elementor-widget-container\">\n\t\t\t<div class=\"elementor-image-box-wrapper\"><figure class=\"elementor-image-box-img\"><img loading=\"lazy\" decoding=\"async\" width=\"298\" height=\"300\" src=\"http:\/\/www.precision.com.gt\/wp-content\/uploads\/2019\/02\/Leica_S9_E_13-298x300.jpg\" class=\"attachment-medium size-medium\" alt=\"\" \/><\/figure><div class=\"elementor-image-box-content\"><h3 class=\"elementor-image-box-title\">Leica S9 E<\/h3><p class=\"elementor-image-box-description\">Para las inspecciones anal\u00f3gicas de microscopio. Ofrece una soluci\u00f3n rentable con un r\u00e1pido retorno de la inversi\u00f3n. Profundidad de campo de 12 mm y tecnolog\u00eda FusionOptics para una percepci\u00f3n visual natural y resultados r\u00e1pidos, aumento de 6.1x-55x y rango de zoom de 9:1 para cambios r\u00e1pidos de la vista general a los detalles y \u00f3ptica corregida apocrom\u00e1ticamente para reducir las franjas de color<\/p><\/div><\/div>\t\t<\/div>\n\t\t\t\t<\/div>\n\t\t\t\t<div class=\"elementor-element elementor-element-8d0d655 elementor-button-success elementor-align-center elementor-widget elementor-widget-button\" data-id=\"8d0d655\" data-element_type=\"widget\" data-widget_type=\"button.default\">\n\t\t\t\t<div class=\"elementor-widget-container\">\n\t\t\t\t\t<div class=\"elementor-button-wrapper\">\n\t\t\t<a href=\"https:\/\/www.leica-microsystems.com\/fileadmin\/downloads\/Leica%20S9%20E\/Brochures\/Leica_S9_Series_Brochure_ES.pdf\" target=\"_blank\" class=\"elementor-button-link elementor-button elementor-size-xs\" role=\"button\">\n\t\t\t\t\t\t<span class=\"elementor-button-content-wrapper\">\n\t\t\t\t\t\t\t<span class=\"elementor-button-icon elementor-align-icon-left\">\n\t\t\t\t\t\t\t\t\t<i class=\"fa fa-info-circle\" aria-hidden=\"true\"><\/i>\n\t\t\t\t\t\t\t<\/span>\n\t\t\t\t\t\t<span class=\"elementor-button-text\">M\u00e1s Informaci\u00f3n<\/span>\n\t\t<\/span>\n\t\t\t\t\t<\/a>\n\t\t<\/div>\n\t\t\t\t<\/div>\n\t\t\t\t<\/div>\n\t\t\t\t<div class=\"elementor-element elementor-element-56ef828 elementor-position-top elementor-vertical-align-top elementor-widget elementor-widget-image-box\" data-id=\"56ef828\" data-element_type=\"widget\" data-widget_type=\"image-box.default\">\n\t\t\t\t<div class=\"elementor-widget-container\">\n\t\t\t<div class=\"elementor-image-box-wrapper\"><figure class=\"elementor-image-box-img\"><img loading=\"lazy\" decoding=\"async\" width=\"196\" height=\"300\" src=\"http:\/\/www.precision.com.gt\/wp-content\/uploads\/2019\/02\/Leica_s9D-196x300.jpg\" class=\"attachment-medium size-medium\" alt=\"\" \/><\/figure><div class=\"elementor-image-box-content\"><h3 class=\"elementor-image-box-title\">Leica S9 D<\/h3><p class=\"elementor-image-box-description\">Ofrece flexibilidad para a\u00f1adir una c\u00e1mara al microscopio y convertirlo en una soluci\u00f3n de microscopio digital. La divisi\u00f3n de 50:50 incorporada de la trayectoria del haz permite la observaci\u00f3n a trav\u00e9s de los oculares y la captura de im\u00e1genes digitales al mismo tiempo. El puerto de documentaci\u00f3n integrado permite la conexi\u00f3n a una amplia gama de c\u00e1maras Leica para de microscopios.<\/p><\/div><\/div>\t\t<\/div>\n\t\t\t\t<\/div>\n\t\t\t\t<div class=\"elementor-element elementor-element-119b73c elementor-button-success elementor-align-center elementor-widget elementor-widget-button\" data-id=\"119b73c\" data-element_type=\"widget\" data-widget_type=\"button.default\">\n\t\t\t\t<div class=\"elementor-widget-container\">\n\t\t\t\t\t<div class=\"elementor-button-wrapper\">\n\t\t\t<a href=\"https:\/\/www.leica-microsystems.com\/fileadmin\/downloads\/Leica%20S9%20E\/Brochures\/Leica_S9_Series_Brochure_ES.pdf\" target=\"_blank\" class=\"elementor-button-link elementor-button elementor-size-xs\" role=\"button\">\n\t\t\t\t\t\t<span class=\"elementor-button-content-wrapper\">\n\t\t\t\t\t\t\t<span class=\"elementor-button-icon elementor-align-icon-left\">\n\t\t\t\t\t\t\t\t\t<i class=\"fa fa-info-circle\" aria-hidden=\"true\"><\/i>\n\t\t\t\t\t\t\t<\/span>\n\t\t\t\t\t\t<span class=\"elementor-button-text\">M\u00e1s Informaci\u00f3n<\/span>\n\t\t<\/span>\n\t\t\t\t\t<\/a>\n\t\t<\/div>\n\t\t\t\t<\/div>\n\t\t\t\t<\/div>\n\t\t\t\t\t\t<\/div>\n\t\t\t\t\t<\/div>\n\t\t<\/div>\n\t\t\t\t<div class=\"elementor-column elementor-col-50 elementor-top-column elementor-element elementor-element-1d596894\" data-id=\"1d596894\" data-element_type=\"column\">\n\t\t\t<div class=\"elementor-column-wrap elementor-element-populated\">\n\t\t\t\t\t\t\t<div class=\"elementor-widget-wrap\">\n\t\t\t\t\t\t<div class=\"elementor-element elementor-element-67c9855b elementor-position-top elementor-vertical-align-top elementor-widget elementor-widget-image-box\" data-id=\"67c9855b\" data-element_type=\"widget\" data-widget_type=\"image-box.default\">\n\t\t\t\t<div class=\"elementor-widget-container\">\n\t\t\t<div class=\"elementor-image-box-wrapper\"><figure class=\"elementor-image-box-img\"><img loading=\"lazy\" decoding=\"async\" width=\"216\" height=\"300\" src=\"http:\/\/www.precision.com.gt\/wp-content\/uploads\/2019\/02\/Leica_s9i-216x300.jpg\" class=\"attachment-medium size-medium\" alt=\"\" \/><\/figure><div class=\"elementor-image-box-content\"><h3 class=\"elementor-image-box-title\">Leica S9 i<\/h3><p class=\"elementor-image-box-description\">Disfrute trabajando con im\u00e1genes HD de microscopio transmitidas en vivo a su PC, monitor HD o dispositivo m\u00f3vil gracias a una c\u00e1mara integrada CMOS de 10 Mp. Se puede conectar a la red de sus instalaciones por medio de Ethernet. Los resultados se pueden documentar de un modo r\u00e1pido y fiable en formato de v\u00eddeo o imagen.<\/p><\/div><\/div>\t\t<\/div>\n\t\t\t\t<\/div>\n\t\t\t\t<div class=\"elementor-element elementor-element-307cb67 elementor-button-success elementor-align-center elementor-widget elementor-widget-button\" data-id=\"307cb67\" data-element_type=\"widget\" data-widget_type=\"button.default\">\n\t\t\t\t<div class=\"elementor-widget-container\">\n\t\t\t\t\t<div class=\"elementor-button-wrapper\">\n\t\t\t<a href=\"https:\/\/www.leica-microsystems.com\/fileadmin\/downloads\/Leica%20S9%20E\/Brochures\/Leica_S9_Series_Brochure_ES.pdf\" target=\"_blank\" class=\"elementor-button-link elementor-button elementor-size-xs\" role=\"button\">\n\t\t\t\t\t\t<span class=\"elementor-button-content-wrapper\">\n\t\t\t\t\t\t\t<span class=\"elementor-button-icon elementor-align-icon-left\">\n\t\t\t\t\t\t\t\t\t<i class=\"fa fa-info-circle\" aria-hidden=\"true\"><\/i>\n\t\t\t\t\t\t\t<\/span>\n\t\t\t\t\t\t<span class=\"elementor-button-text\">M\u00e1s Informaci\u00f3n<\/span>\n\t\t<\/span>\n\t\t\t\t\t<\/a>\n\t\t<\/div>\n\t\t\t\t<\/div>\n\t\t\t\t<\/div>\n\t\t\t\t<div class=\"elementor-element elementor-element-92b1576 elementor-position-top elementor-vertical-align-top elementor-widget elementor-widget-image-box\" data-id=\"92b1576\" data-element_type=\"widget\" data-widget_type=\"image-box.default\">\n\t\t\t\t<div class=\"elementor-widget-container\">\n\t\t\t<div class=\"elementor-image-box-wrapper\"><figure class=\"elementor-image-box-img\"><img loading=\"lazy\" decoding=\"async\" width=\"190\" height=\"300\" src=\"http:\/\/www.precision.com.gt\/wp-content\/uploads\/2019\/02\/Leica_S-apo-190x300.jpg\" class=\"attachment-medium size-medium\" alt=\"\" \/><\/figure><div class=\"elementor-image-box-content\"><h3 class=\"elementor-image-box-title\">Leica S APO<\/h3><p class=\"elementor-image-box-description\">Con zoom de 8:1 apocrom\u00e1tico y un gran aumento de hasta 80x es ideal para aplicaciones de control de calidad, clasificaci\u00f3n de c\u00e9lulas y microinyecci\u00f3n. Con una distancia de trabajo de 75 mm, proporciona un f\u00e1cil acceso a la muestra. Un \u00e1ngulo de visi\u00f3n ergon\u00f3mico de 38 grados permite una postura c\u00f3moda, lo que ayuda a aumentar la productividad y reducir los errores de inspecci\u00f3n relacionados con el cansancio.<\/p><\/div><\/div>\t\t<\/div>\n\t\t\t\t<\/div>\n\t\t\t\t<div class=\"elementor-element elementor-element-4db979f elementor-button-success elementor-align-center elementor-widget elementor-widget-button\" data-id=\"4db979f\" data-element_type=\"widget\" data-widget_type=\"button.default\">\n\t\t\t\t<div class=\"elementor-widget-container\">\n\t\t\t\t\t<div class=\"elementor-button-wrapper\">\n\t\t\t<a href=\"https:\/\/www.leica-microsystems.com\/fileadmin\/downloads\/Leica%20S9%20E\/Brochures\/Leica_S_Serie_TechData_ES.pdf\" target=\"_blank\" class=\"elementor-button-link elementor-button elementor-size-xs\" role=\"button\">\n\t\t\t\t\t\t<span class=\"elementor-button-content-wrapper\">\n\t\t\t\t\t\t\t<span class=\"elementor-button-icon elementor-align-icon-left\">\n\t\t\t\t\t\t\t\t\t<i class=\"fa fa-info-circle\" aria-hidden=\"true\"><\/i>\n\t\t\t\t\t\t\t<\/span>\n\t\t\t\t\t\t<span class=\"elementor-button-text\">M\u00e1s Informaci\u00f3n<\/span>\n\t\t<\/span>\n\t\t\t\t\t<\/a>\n\t\t<\/div>\n\t\t\t\t<\/div>\n\t\t\t\t<\/div>\n\t\t\t\t\t\t<\/div>\n\t\t\t\t\t<\/div>\n\t\t<\/div>\n\t\t\t\t\t\t\t\t<\/div>\n\t\t\t\t\t<\/div>\n\t\t<\/section>\n\t\t\t\t<section class=\"elementor-section elementor-top-section elementor-element elementor-element-778d99c2 elementor-section-boxed elementor-section-height-default elementor-section-height-default\" data-id=\"778d99c2\" data-element_type=\"section\">\n\t\t\t\t\t\t<div class=\"elementor-container elementor-column-gap-default\">\n\t\t\t\t\t\t\t<div class=\"elementor-row\">\n\t\t\t\t\t<div class=\"elementor-column elementor-col-33 elementor-top-column elementor-element elementor-element-39373353\" data-id=\"39373353\" data-element_type=\"column\">\n\t\t\t<div class=\"elementor-column-wrap\">\n\t\t\t\t\t\t\t<div class=\"elementor-widget-wrap\">\n\t\t\t\t\t\t\t\t<\/div>\n\t\t\t\t\t<\/div>\n\t\t<\/div>\n\t\t\t\t<div class=\"elementor-column elementor-col-33 elementor-top-column elementor-element elementor-element-6279ede0\" data-id=\"6279ede0\" data-element_type=\"column\">\n\t\t\t<div class=\"elementor-column-wrap elementor-element-populated\">\n\t\t\t\t\t\t\t<div class=\"elementor-widget-wrap\">\n\t\t\t\t\t\t<div class=\"elementor-element elementor-element-ab40d4b elementor-position-left elementor-view-default elementor-mobile-position-top elementor-vertical-align-top elementor-widget elementor-widget-icon-box\" data-id=\"ab40d4b\" data-element_type=\"widget\" data-widget_type=\"icon-box.default\">\n\t\t\t\t<div class=\"elementor-widget-container\">\n\t\t\t\t\t<div class=\"elementor-icon-box-wrapper\">\n\t\t\t\t\t\t<div class=\"elementor-icon-box-icon\">\n\t\t\t\t<a class=\"elementor-icon elementor-animation-\" href=\"http:\/\/www.precision.com.gt\/home\/contactenos\/\">\n\t\t\t\t<i class=\"fa fa-phone-square\" aria-hidden=\"true\"><\/i>\t\t\t\t<\/a>\n\t\t\t<\/div>\n\t\t\t\t\t\t<div class=\"elementor-icon-box-content\">\n\t\t\t\t<h1 class=\"elementor-icon-box-title\">\n\t\t\t\t\t<a href=\"http:\/\/www.precision.com.gt\/home\/contactenos\/\" >\n\t\t\t\t\t\tContactenos\t\t\t\t\t<\/a>\n\t\t\t\t<\/h1>\n\t\t\t\t\t\t\t\t\t<p class=\"elementor-icon-box-description\">\n\t\t\t\t\t\tResolvemos sus dudas y preguntas\t\t\t\t\t<\/p>\n\t\t\t\t\t\t\t<\/div>\n\t\t<\/div>\n\t\t\t\t<\/div>\n\t\t\t\t<\/div>\n\t\t\t\t\t\t<\/div>\n\t\t\t\t\t<\/div>\n\t\t<\/div>\n\t\t\t\t<div class=\"elementor-column elementor-col-33 elementor-top-column elementor-element elementor-element-46e8b05\" data-id=\"46e8b05\" data-element_type=\"column\">\n\t\t\t<div class=\"elementor-column-wrap\">\n\t\t\t\t\t\t\t<div class=\"elementor-widget-wrap\">\n\t\t\t\t\t\t\t\t<\/div>\n\t\t\t\t\t<\/div>\n\t\t<\/div>\n\t\t\t\t\t\t\t\t<\/div>\n\t\t\t\t\t<\/div>\n\t\t<\/section>\n\t\t\t\t\t\t\t\t\t<\/div>\n\t\t\t<\/div>\n\t\t\t\t\t<\/div>\n\t\t","protected":false},"excerpt":{"rendered":"ESTEREOMICROSCOPIOS MANUALES DE RUTINATanto si necesita una soluci\u00f3n b\u00e1sica como un an\u00e1lisis y documentaci\u00f3n avanzados, Leica Microsystems dispone de microscopios estereosc\u00f3picos manuales de rutina con dise\u00f1o ergon\u00f3mico que se pueden personalizar para adaptarlos a sus necesidadesPRODUCTOS Regresar \/ Ver Todo Leica S9 EPara las inspecciones anal\u00f3gicas de microscopio. Ofrece una soluci\u00f3n rentable con un r\u00e1pido [&hellip;]","protected":false},"author":3,"featured_media":0,"parent":993,"menu_order":0,"comment_status":"closed","ping_status":"closed","template":"elementor_header_footer","meta":{"footnotes":""},"_links":{"self":[{"href":"http:\/\/www.precision.com.gt\/home\/wp-json\/wp\/v2\/pages\/1518"}],"collection":[{"href":"http:\/\/www.precision.com.gt\/home\/wp-json\/wp\/v2\/pages"}],"about":[{"href":"http:\/\/www.precision.com.gt\/home\/wp-json\/wp\/v2\/types\/page"}],"author":[{"embeddable":true,"href":"http:\/\/www.precision.com.gt\/home\/wp-json\/wp\/v2\/users\/3"}],"replies":[{"embeddable":true,"href":"http:\/\/www.precision.com.gt\/home\/wp-json\/wp\/v2\/comments?post=1518"}],"version-history":[{"count":3,"href":"http:\/\/www.precision.com.gt\/home\/wp-json\/wp\/v2\/pages\/1518\/revisions"}],"predecessor-version":[{"id":2019,"href":"http:\/\/www.precision.com.gt\/home\/wp-json\/wp\/v2\/pages\/1518\/revisions\/2019"}],"up":[{"embeddable":true,"href":"http:\/\/www.precision.com.gt\/home\/wp-json\/wp\/v2\/pages\/993"}],"wp:attachment":[{"href":"http:\/\/www.precision.com.gt\/home\/wp-json\/wp\/v2\/media?parent=1518"}],"curies":[{"name":"wp","href":"https:\/\/api.w.org\/{rel}","templated":true}]}}