{"id":1618,"date":"2019-02-25T15:47:27","date_gmt":"2019-02-25T21:47:27","guid":{"rendered":"http:\/\/www.precision.com.gt\/home\/?page_id=1618"},"modified":"2019-03-25T11:25:43","modified_gmt":"2019-03-25T17:25:43","slug":"software-leica-micro","status":"publish","type":"page","link":"http:\/\/www.precision.com.gt\/home\/leica-microsystems\/software-leica-micro\/","title":{"rendered":"Software leica micro"},"content":{"rendered":"\t\t<div data-elementor-type=\"wp-post\" data-elementor-id=\"1618\" class=\"elementor elementor-1618\">\n\t\t\t\t\t\t<div class=\"elementor-inner\">\n\t\t\t\t<div class=\"elementor-section-wrap\">\n\t\t\t\t\t\t\t\t\t<section class=\"elementor-section elementor-top-section elementor-element elementor-element-6e87aabd elementor-section-boxed elementor-section-height-default elementor-section-height-default\" data-id=\"6e87aabd\" data-element_type=\"section\">\n\t\t\t\t\t\t<div class=\"elementor-container elementor-column-gap-default\">\n\t\t\t\t\t\t\t<div class=\"elementor-row\">\n\t\t\t\t\t<div class=\"elementor-column elementor-col-50 elementor-top-column elementor-element elementor-element-1d3948d0\" data-id=\"1d3948d0\" data-element_type=\"column\">\n\t\t\t<div class=\"elementor-column-wrap elementor-element-populated\">\n\t\t\t\t\t\t\t<div class=\"elementor-widget-wrap\">\n\t\t\t\t\t\t<div class=\"elementor-element elementor-element-46092ed7 elementor-widget elementor-widget-text-editor\" data-id=\"46092ed7\" data-element_type=\"widget\" data-widget_type=\"text-editor.default\">\n\t\t\t\t<div class=\"elementor-widget-container\">\n\t\t\t\t\t\t\t\t<div class=\"elementor-text-editor elementor-clearfix\">\n\t\t\t\t<h1>SOFTWARE<\/h1><p>El software de obtenci\u00f3n de im\u00e1genes para microscop\u00eda de Leica Microsystems es parte fundamental del sistema de microscop\u00eda. La interfaz intuitiva y f\u00e1cil de usar le gu\u00eda por cada paso del proceso. Esto le permite configurar y realizar con rapidez experimentos y centrarse en la aplicaci\u00f3n en lugar de en la tecnolog\u00eda.<\/p>\t\t\t\t\t<\/div>\n\t\t\t\t\t\t<\/div>\n\t\t\t\t<\/div>\n\t\t\t\t\t\t<\/div>\n\t\t\t\t\t<\/div>\n\t\t<\/div>\n\t\t\t\t<div class=\"elementor-column elementor-col-50 elementor-top-column elementor-element elementor-element-2612d3d4\" data-id=\"2612d3d4\" data-element_type=\"column\">\n\t\t\t<div class=\"elementor-column-wrap elementor-element-populated\">\n\t\t\t\t\t\t\t<div class=\"elementor-widget-wrap\">\n\t\t\t\t\t\t<div class=\"elementor-element elementor-element-1ddbc083 elementor-widget elementor-widget-image\" data-id=\"1ddbc083\" data-element_type=\"widget\" data-widget_type=\"image.default\">\n\t\t\t\t<div class=\"elementor-widget-container\">\n\t\t\t\t\t\t\t\t<div class=\"elementor-image\">\n\t\t\t\t\t\t\t\t\t\t\t\t<img loading=\"lazy\" decoding=\"async\" width=\"150\" height=\"92\" src=\"http:\/\/www.precision.com.gt\/wp-content\/uploads\/2018\/09\/Logo-Leica-Microsystems-150x92.png\" class=\"attachment-thumbnail size-thumbnail\" alt=\"\" srcset=\"http:\/\/www.precision.com.gt\/wp-content\/uploads\/2018\/09\/Logo-Leica-Microsystems-150x92.png 150w, http:\/\/www.precision.com.gt\/wp-content\/uploads\/2018\/09\/Logo-Leica-Microsystems-250x154.png 250w, http:\/\/www.precision.com.gt\/wp-content\/uploads\/2018\/09\/Logo-Leica-Microsystems.png 286w\" sizes=\"(max-width: 150px) 100vw, 150px\" \/>\t\t\t\t\t\t\t\t\t\t\t\t\t\t<\/div>\n\t\t\t\t\t\t<\/div>\n\t\t\t\t<\/div>\n\t\t\t\t<div class=\"elementor-element elementor-element-6b65f8a5 elementor-button-danger elementor-align-center elementor-widget elementor-widget-button\" data-id=\"6b65f8a5\" data-element_type=\"widget\" data-widget_type=\"button.default\">\n\t\t\t\t<div class=\"elementor-widget-container\">\n\t\t\t\t\t<div class=\"elementor-button-wrapper\">\n\t\t\t<a href=\"http:\/\/www.precision.com.gt\/home\/leica-microsystems\/\" class=\"elementor-button-link elementor-button elementor-size-xs\" role=\"button\">\n\t\t\t\t\t\t<span class=\"elementor-button-content-wrapper\">\n\t\t\t\t\t\t\t<span class=\"elementor-button-icon elementor-align-icon-left\">\n\t\t\t\t\t\t\t\t\t<i class=\"fa fa-mail-reply\" aria-hidden=\"true\"><\/i>\n\t\t\t\t\t\t\t<\/span>\n\t\t\t\t\t\t<span class=\"elementor-button-text\">Regresar \/ Ver Todo<\/span>\n\t\t<\/span>\n\t\t\t\t\t<\/a>\n\t\t<\/div>\n\t\t\t\t<\/div>\n\t\t\t\t<\/div>\n\t\t\t\t\t\t<\/div>\n\t\t\t\t\t<\/div>\n\t\t<\/div>\n\t\t\t\t\t\t\t\t<\/div>\n\t\t\t\t\t<\/div>\n\t\t<\/section>\n\t\t\t\t<section class=\"elementor-section elementor-top-section elementor-element elementor-element-79682c95 elementor-section-boxed elementor-section-height-default elementor-section-height-default\" data-id=\"79682c95\" data-element_type=\"section\">\n\t\t\t\t\t\t<div class=\"elementor-container elementor-column-gap-default\">\n\t\t\t\t\t\t\t<div class=\"elementor-row\">\n\t\t\t\t\t<div class=\"elementor-column elementor-col-50 elementor-top-column elementor-element elementor-element-49d9944c\" data-id=\"49d9944c\" data-element_type=\"column\">\n\t\t\t<div class=\"elementor-column-wrap elementor-element-populated\">\n\t\t\t\t\t\t\t<div class=\"elementor-widget-wrap\">\n\t\t\t\t\t\t<div class=\"elementor-element elementor-element-6ddf2751 elementor-position-top elementor-vertical-align-top elementor-widget elementor-widget-image-box\" data-id=\"6ddf2751\" data-element_type=\"widget\" data-widget_type=\"image-box.default\">\n\t\t\t\t<div class=\"elementor-widget-container\">\n\t\t\t<div class=\"elementor-image-box-wrapper\"><figure class=\"elementor-image-box-img\"><img loading=\"lazy\" decoding=\"async\" width=\"225\" height=\"225\" src=\"http:\/\/www.precision.com.gt\/wp-content\/uploads\/2019\/02\/lasx.png\" class=\"attachment-medium size-medium\" alt=\"\" \/><\/figure><div class=\"elementor-image-box-content\"><h3 class=\"elementor-image-box-title\">Leica LAS X<\/h3><\/div><\/div>\t\t<\/div>\n\t\t\t\t<\/div>\n\t\t\t\t\t\t<\/div>\n\t\t\t\t\t<\/div>\n\t\t<\/div>\n\t\t\t\t<div class=\"elementor-column elementor-col-50 elementor-top-column elementor-element elementor-element-3f78502f\" data-id=\"3f78502f\" data-element_type=\"column\">\n\t\t\t<div class=\"elementor-column-wrap elementor-element-populated\">\n\t\t\t\t\t\t\t<div class=\"elementor-widget-wrap\">\n\t\t\t\t\t\t<div class=\"elementor-element elementor-element-d8ba2c8 elementor-widget elementor-widget-text-editor\" data-id=\"d8ba2c8\" data-element_type=\"widget\" data-widget_type=\"text-editor.default\">\n\t\t\t\t<div class=\"elementor-widget-container\">\n\t\t\t\t\t\t\t\t<div class=\"elementor-text-editor elementor-clearfix\">\n\t\t\t\t<p>Los microscopios automatizados y las c\u00e1maras digitales Leica ofrecer una interfaz de usuario com\u00fan, intuitiva y consistente.\u00a0<\/p><p>Dise\u00f1ado para sacar el mejor provecho de los equipos de Leica Microsystems en cada aplicaci\u00f3n al realizar an\u00e1lisis de investigaci\u00f3n y rutinarios m\u00e1s r\u00e1pidos.<\/p><p>La captura y el procesamiento de im\u00e1genes en tiempo real y de alta resoluci\u00f3n tiene aplicaciones en las ciencias de la vida y en la industria, como en la entomolog\u00eda y en el control de calidad.<\/p>\t\t\t\t\t<\/div>\n\t\t\t\t\t\t<\/div>\n\t\t\t\t<\/div>\n\t\t\t\t<div class=\"elementor-element elementor-element-59f57dfc elementor-button-success elementor-align-center elementor-widget elementor-widget-button\" data-id=\"59f57dfc\" data-element_type=\"widget\" data-widget_type=\"button.default\">\n\t\t\t\t<div class=\"elementor-widget-container\">\n\t\t\t\t\t<div class=\"elementor-button-wrapper\">\n\t\t\t<a href=\"https:\/\/www.leica-microsystems.com\/fileadmin\/downloads\/Leica%20Application%20Suite\/Brochures\/LAS_4_1-Box.pdf\" target=\"_blank\" class=\"elementor-button-link elementor-button elementor-size-xs\" role=\"button\">\n\t\t\t\t\t\t<span class=\"elementor-button-content-wrapper\">\n\t\t\t\t\t\t\t<span class=\"elementor-button-icon elementor-align-icon-left\">\n\t\t\t\t\t\t\t\t\t<i class=\"fa fa-info-circle\" aria-hidden=\"true\"><\/i>\n\t\t\t\t\t\t\t<\/span>\n\t\t\t\t\t\t<span class=\"elementor-button-text\">M\u00e1s Informaci\u00f3n<\/span>\n\t\t<\/span>\n\t\t\t\t\t<\/a>\n\t\t<\/div>\n\t\t\t\t<\/div>\n\t\t\t\t<\/div>\n\t\t\t\t\t\t<\/div>\n\t\t\t\t\t<\/div>\n\t\t<\/div>\n\t\t\t\t\t\t\t\t<\/div>\n\t\t\t\t\t<\/div>\n\t\t<\/section>\n\t\t\t\t<section class=\"elementor-section elementor-top-section elementor-element elementor-element-75f7b399 elementor-section-boxed elementor-section-height-default elementor-section-height-default\" data-id=\"75f7b399\" data-element_type=\"section\">\n\t\t\t\t\t\t<div class=\"elementor-container elementor-column-gap-default\">\n\t\t\t\t\t\t\t<div class=\"elementor-row\">\n\t\t\t\t\t<div class=\"elementor-column elementor-col-33 elementor-top-column elementor-element elementor-element-4b4c404a\" data-id=\"4b4c404a\" data-element_type=\"column\">\n\t\t\t<div class=\"elementor-column-wrap\">\n\t\t\t\t\t\t\t<div class=\"elementor-widget-wrap\">\n\t\t\t\t\t\t\t\t<\/div>\n\t\t\t\t\t<\/div>\n\t\t<\/div>\n\t\t\t\t<div class=\"elementor-column elementor-col-33 elementor-top-column elementor-element elementor-element-3ab782e4\" data-id=\"3ab782e4\" data-element_type=\"column\">\n\t\t\t<div class=\"elementor-column-wrap elementor-element-populated\">\n\t\t\t\t\t\t\t<div class=\"elementor-widget-wrap\">\n\t\t\t\t\t\t<div class=\"elementor-element elementor-element-34fbeae7 elementor-position-left elementor-view-default elementor-mobile-position-top elementor-vertical-align-top elementor-widget elementor-widget-icon-box\" data-id=\"34fbeae7\" data-element_type=\"widget\" data-widget_type=\"icon-box.default\">\n\t\t\t\t<div class=\"elementor-widget-container\">\n\t\t\t\t\t<div class=\"elementor-icon-box-wrapper\">\n\t\t\t\t\t\t<div class=\"elementor-icon-box-icon\">\n\t\t\t\t<a class=\"elementor-icon elementor-animation-\" href=\"http:\/\/www.precision.com.gt\/home\/contactenos\/\">\n\t\t\t\t<i class=\"fa fa-phone-square\" aria-hidden=\"true\"><\/i>\t\t\t\t<\/a>\n\t\t\t<\/div>\n\t\t\t\t\t\t<div class=\"elementor-icon-box-content\">\n\t\t\t\t<h1 class=\"elementor-icon-box-title\">\n\t\t\t\t\t<a href=\"http:\/\/www.precision.com.gt\/home\/contactenos\/\" >\n\t\t\t\t\t\tContactenos\t\t\t\t\t<\/a>\n\t\t\t\t<\/h1>\n\t\t\t\t\t\t\t\t\t<p class=\"elementor-icon-box-description\">\n\t\t\t\t\t\tResolvemos sus dudas y preguntas\t\t\t\t\t<\/p>\n\t\t\t\t\t\t\t<\/div>\n\t\t<\/div>\n\t\t\t\t<\/div>\n\t\t\t\t<\/div>\n\t\t\t\t\t\t<\/div>\n\t\t\t\t\t<\/div>\n\t\t<\/div>\n\t\t\t\t<div class=\"elementor-column elementor-col-33 elementor-top-column elementor-element elementor-element-59c526e9\" data-id=\"59c526e9\" data-element_type=\"column\">\n\t\t\t<div class=\"elementor-column-wrap\">\n\t\t\t\t\t\t\t<div class=\"elementor-widget-wrap\">\n\t\t\t\t\t\t\t\t<\/div>\n\t\t\t\t\t<\/div>\n\t\t<\/div>\n\t\t\t\t\t\t\t\t<\/div>\n\t\t\t\t\t<\/div>\n\t\t<\/section>\n\t\t\t\t\t\t\t\t\t<\/div>\n\t\t\t<\/div>\n\t\t\t\t\t<\/div>\n\t\t","protected":false},"excerpt":{"rendered":"SOFTWAREEl software de obtenci\u00f3n de im\u00e1genes para microscop\u00eda de Leica Microsystems es parte fundamental del sistema de microscop\u00eda. La interfaz intuitiva y f\u00e1cil de usar le gu\u00eda por cada paso del proceso. Esto le permite configurar y realizar con rapidez experimentos y centrarse en la aplicaci\u00f3n en lugar de en la tecnolog\u00eda. Regresar \/ Ver [&hellip;]","protected":false},"author":3,"featured_media":0,"parent":706,"menu_order":0,"comment_status":"closed","ping_status":"closed","template":"elementor_header_footer","meta":{"footnotes":""},"_links":{"self":[{"href":"http:\/\/www.precision.com.gt\/home\/wp-json\/wp\/v2\/pages\/1618"}],"collection":[{"href":"http:\/\/www.precision.com.gt\/home\/wp-json\/wp\/v2\/pages"}],"about":[{"href":"http:\/\/www.precision.com.gt\/home\/wp-json\/wp\/v2\/types\/page"}],"author":[{"embeddable":true,"href":"http:\/\/www.precision.com.gt\/home\/wp-json\/wp\/v2\/users\/3"}],"replies":[{"embeddable":true,"href":"http:\/\/www.precision.com.gt\/home\/wp-json\/wp\/v2\/comments?post=1618"}],"version-history":[{"count":4,"href":"http:\/\/www.precision.com.gt\/home\/wp-json\/wp\/v2\/pages\/1618\/revisions"}],"predecessor-version":[{"id":2048,"href":"http:\/\/www.precision.com.gt\/home\/wp-json\/wp\/v2\/pages\/1618\/revisions\/2048"}],"up":[{"embeddable":true,"href":"http:\/\/www.precision.com.gt\/home\/wp-json\/wp\/v2\/pages\/706"}],"wp:attachment":[{"href":"http:\/\/www.precision.com.gt\/home\/wp-json\/wp\/v2\/media?parent=1618"}],"curies":[{"name":"wp","href":"https:\/\/api.w.org\/{rel}","templated":true}]}}