{"id":1637,"date":"2019-02-26T16:02:25","date_gmt":"2019-02-26T22:02:25","guid":{"rendered":"http:\/\/www.precision.com.gt\/home\/?page_id=1637"},"modified":"2019-02-27T09:08:02","modified_gmt":"2019-02-27T15:08:02","slug":"analitica-advanced","status":"publish","type":"page","link":"http:\/\/www.precision.com.gt\/home\/mettler-toledo\/balanzas-analiticas-2\/analitica-advanced\/","title":{"rendered":"Analitica Advanced"},"content":{"rendered":"\t\t<div data-elementor-type=\"wp-post\" data-elementor-id=\"1637\" class=\"elementor elementor-1637 elementor-bc-flex-widget\">\n\t\t\t\t\t\t<div class=\"elementor-inner\">\n\t\t\t\t<div class=\"elementor-section-wrap\">\n\t\t\t\t\t\t\t\t\t<section class=\"elementor-section elementor-top-section elementor-element elementor-element-e97bfda elementor-section-boxed elementor-section-height-default elementor-section-height-default\" data-id=\"e97bfda\" data-element_type=\"section\">\n\t\t\t\t\t\t<div class=\"elementor-container elementor-column-gap-default\">\n\t\t\t\t\t\t\t<div class=\"elementor-row\">\n\t\t\t\t\t<div class=\"elementor-column elementor-col-50 elementor-top-column elementor-element elementor-element-715a52fb\" data-id=\"715a52fb\" data-element_type=\"column\">\n\t\t\t<div class=\"elementor-column-wrap elementor-element-populated\">\n\t\t\t\t\t\t\t<div class=\"elementor-widget-wrap\">\n\t\t\t\t\t\t<div class=\"elementor-element elementor-element-7b7f7174 elementor-widget elementor-widget-text-editor\" data-id=\"7b7f7174\" data-element_type=\"widget\" data-widget_type=\"text-editor.default\">\n\t\t\t\t<div class=\"elementor-widget-container\">\n\t\t\t\t\t\t\t\t<div class=\"elementor-text-editor elementor-clearfix\">\n\t\t\t\t<h1>BALANZAS ANAL\u00cdTICAS ADVANCED<\/h1><p>Ante exigencias cada vez mayores, como las de las normas ISO, GLP o GMP, necesita una balanza que pueda asistirle en sus tareas diarias y posibilitar la buena marcha de su actividad.<\/p>\t\t\t\t\t<\/div>\n\t\t\t\t\t\t<\/div>\n\t\t\t\t<\/div>\n\t\t\t\t<div class=\"elementor-element elementor-element-61f65b8f elementor-widget elementor-widget-text-editor\" data-id=\"61f65b8f\" data-element_type=\"widget\" data-widget_type=\"text-editor.default\">\n\t\t\t\t<div class=\"elementor-widget-container\">\n\t\t\t\t\t\t\t\t<div class=\"elementor-text-editor elementor-clearfix\">\n\t\t\t\t<h1><strong>PRODUCTOS<\/strong><\/h1>\t\t\t\t\t<\/div>\n\t\t\t\t\t\t<\/div>\n\t\t\t\t<\/div>\n\t\t\t\t\t\t<\/div>\n\t\t\t\t\t<\/div>\n\t\t<\/div>\n\t\t\t\t<div class=\"elementor-column elementor-col-50 elementor-top-column elementor-element elementor-element-155dd9e6\" data-id=\"155dd9e6\" data-element_type=\"column\">\n\t\t\t<div class=\"elementor-column-wrap elementor-element-populated\">\n\t\t\t\t\t\t\t<div class=\"elementor-widget-wrap\">\n\t\t\t\t\t\t<div class=\"elementor-element elementor-element-3c5c6a48 elementor-widget elementor-widget-image\" data-id=\"3c5c6a48\" data-element_type=\"widget\" data-widget_type=\"image.default\">\n\t\t\t\t<div class=\"elementor-widget-container\">\n\t\t\t\t\t\t\t\t<div class=\"elementor-image\">\n\t\t\t\t\t\t\t\t\t\t\t\t<img loading=\"lazy\" decoding=\"async\" width=\"150\" height=\"93\" src=\"http:\/\/www.precision.com.gt\/wp-content\/uploads\/2018\/09\/Mettler-Toledo-grande-150x93.png\" class=\"attachment-thumbnail size-thumbnail\" alt=\"\" srcset=\"http:\/\/www.precision.com.gt\/wp-content\/uploads\/2018\/09\/Mettler-Toledo-grande-150x93.png 150w, http:\/\/www.precision.com.gt\/wp-content\/uploads\/2018\/09\/Mettler-Toledo-grande-300x186.png 300w, http:\/\/www.precision.com.gt\/wp-content\/uploads\/2018\/09\/Mettler-Toledo-grande-768x476.png 768w, http:\/\/www.precision.com.gt\/wp-content\/uploads\/2018\/09\/Mettler-Toledo-grande-1024x634.png 1024w, http:\/\/www.precision.com.gt\/wp-content\/uploads\/2018\/09\/Mettler-Toledo-grande-340x210.png 340w, http:\/\/www.precision.com.gt\/wp-content\/uploads\/2018\/09\/Mettler-Toledo-grande-570x350.png 570w, http:\/\/www.precision.com.gt\/wp-content\/uploads\/2018\/09\/Mettler-Toledo-grande-250x155.png 250w, http:\/\/www.precision.com.gt\/wp-content\/uploads\/2018\/09\/Mettler-Toledo-grande-550x341.png 550w, http:\/\/www.precision.com.gt\/wp-content\/uploads\/2018\/09\/Mettler-Toledo-grande-800x496.png 800w, http:\/\/www.precision.com.gt\/wp-content\/uploads\/2018\/09\/Mettler-Toledo-grande-291x180.png 291w, http:\/\/www.precision.com.gt\/wp-content\/uploads\/2018\/09\/Mettler-Toledo-grande-484x300.png 484w, http:\/\/www.precision.com.gt\/wp-content\/uploads\/2018\/09\/Mettler-Toledo-grande-807x500.png 807w, http:\/\/www.precision.com.gt\/wp-content\/uploads\/2018\/09\/Mettler-Toledo-grande.png 2000w\" sizes=\"(max-width: 150px) 100vw, 150px\" \/>\t\t\t\t\t\t\t\t\t\t\t\t\t\t<\/div>\n\t\t\t\t\t\t<\/div>\n\t\t\t\t<\/div>\n\t\t\t\t<div class=\"elementor-element elementor-element-4f5b066f elementor-button-danger elementor-align-center elementor-widget elementor-widget-button\" data-id=\"4f5b066f\" data-element_type=\"widget\" data-widget_type=\"button.default\">\n\t\t\t\t<div class=\"elementor-widget-container\">\n\t\t\t\t\t<div class=\"elementor-button-wrapper\">\n\t\t\t<a href=\"http:\/\/www.precision.com.gt\/home\/mettler-toledo\/balanzas-analiticas-2\/\" class=\"elementor-button-link elementor-button elementor-size-xs\" role=\"button\">\n\t\t\t\t\t\t<span class=\"elementor-button-content-wrapper\">\n\t\t\t\t\t\t\t<span class=\"elementor-button-icon elementor-align-icon-left\">\n\t\t\t\t\t\t\t\t\t<i class=\"fa fa-mail-reply\" aria-hidden=\"true\"><\/i>\n\t\t\t\t\t\t\t<\/span>\n\t\t\t\t\t\t<span class=\"elementor-button-text\">Regresar \/ Ver Todo<\/span>\n\t\t<\/span>\n\t\t\t\t\t<\/a>\n\t\t<\/div>\n\t\t\t\t<\/div>\n\t\t\t\t<\/div>\n\t\t\t\t\t\t<\/div>\n\t\t\t\t\t<\/div>\n\t\t<\/div>\n\t\t\t\t\t\t\t\t<\/div>\n\t\t\t\t\t<\/div>\n\t\t<\/section>\n\t\t\t\t<section class=\"elementor-section elementor-top-section elementor-element elementor-element-3858ea47 elementor-section-boxed elementor-section-height-default elementor-section-height-default\" data-id=\"3858ea47\" data-element_type=\"section\">\n\t\t\t\t\t\t<div class=\"elementor-container elementor-column-gap-default\">\n\t\t\t\t\t\t\t<div class=\"elementor-row\">\n\t\t\t\t\t<div class=\"elementor-column elementor-col-50 elementor-top-column elementor-element elementor-element-79f305f9\" data-id=\"79f305f9\" data-element_type=\"column\">\n\t\t\t<div class=\"elementor-column-wrap elementor-element-populated\">\n\t\t\t\t\t\t\t<div class=\"elementor-widget-wrap\">\n\t\t\t\t\t\t<div class=\"elementor-element elementor-element-19cf9a91 elementor-position-top elementor-vertical-align-top elementor-widget elementor-widget-image-box\" data-id=\"19cf9a91\" data-element_type=\"widget\" data-widget_type=\"image-box.default\">\n\t\t\t\t<div class=\"elementor-widget-container\">\n\t\t\t<div class=\"elementor-image-box-wrapper\"><figure class=\"elementor-image-box-img\"><img loading=\"lazy\" decoding=\"async\" width=\"189\" height=\"266\" src=\"http:\/\/www.precision.com.gt\/wp-content\/uploads\/2015\/07\/123.jpg\" class=\"attachment-medium size-medium\" alt=\"MT ML204\" \/><\/figure><div class=\"elementor-image-box-content\"><h3 class=\"elementor-image-box-title\">Semimicrobalanza MS<\/h3><p class=\"elementor-image-box-description\">Ofrecen unos resultados precisos y una manipulaci\u00f3n eficiente para pesar las muestras m\u00e1s peque\u00f1as, capacidad m\u00e1xima de 120g a 220g y legibilidad de hasta un m\u00ednimo de 0.01mg a 0.1mg. De conformidad con los est\u00e1ndares de la industria, f\u00e1cil de limpiar y transferencia de datos sencilla.<\/p><\/div><\/div>\t\t<\/div>\n\t\t\t\t<\/div>\n\t\t\t\t<div class=\"elementor-element elementor-element-5ac49064 elementor-button-success elementor-align-center elementor-widget elementor-widget-button\" data-id=\"5ac49064\" data-element_type=\"widget\" data-widget_type=\"button.default\">\n\t\t\t\t<div class=\"elementor-widget-container\">\n\t\t\t\t\t<div class=\"elementor-button-wrapper\">\n\t\t\t<a href=\"http:\/\/www.precision.com.gt\/wp-content\/uploads\/2019\/02\/DS_MS_SemiMicro_ES.pdf\" class=\"elementor-button-link elementor-button elementor-size-xs\" role=\"button\">\n\t\t\t\t\t\t<span class=\"elementor-button-content-wrapper\">\n\t\t\t\t\t\t\t<span class=\"elementor-button-icon elementor-align-icon-left\">\n\t\t\t\t\t\t\t\t\t<i class=\"fa fa-info-circle\" aria-hidden=\"true\"><\/i>\n\t\t\t\t\t\t\t<\/span>\n\t\t\t\t\t\t<span class=\"elementor-button-text\">M\u00e1s Informaci\u00f3n<\/span>\n\t\t<\/span>\n\t\t\t\t\t<\/a>\n\t\t<\/div>\n\t\t\t\t<\/div>\n\t\t\t\t<\/div>\n\t\t\t\t<div class=\"elementor-element elementor-element-84516eb elementor-position-top elementor-vertical-align-top elementor-widget elementor-widget-image-box\" data-id=\"84516eb\" data-element_type=\"widget\" data-widget_type=\"image-box.default\">\n\t\t\t\t<div class=\"elementor-widget-container\">\n\t\t\t<div class=\"elementor-image-box-wrapper\"><figure class=\"elementor-image-box-img\"><img loading=\"lazy\" decoding=\"async\" width=\"300\" height=\"270\" src=\"http:\/\/www.precision.com.gt\/wp-content\/uploads\/2015\/07\/ML-T_AnalyticalBlock01-300x270.jpg\" class=\"attachment-medium size-medium\" alt=\"MT ML204\" \/><\/figure><div class=\"elementor-image-box-content\"><h3 class=\"elementor-image-box-title\">Balanza Anal\u00edtica ML-T<\/h3><p class=\"elementor-image-box-description\">Balanza intuitiva con pantalla t\u00e1ctil de 4,5 pulgadas, dise\u00f1o ergon\u00f3mico con m\u00faltiples aplicaciones integradas, funcionamiento con bater\u00eda para permitir una total movilidad y un rendimiento de pesaje impresionante. Capacidad de 54g a 320g y legibilidad de hasta 0.1mg. Limpieza r\u00e1pida y sencilla.<\/p><\/div><\/div>\t\t<\/div>\n\t\t\t\t<\/div>\n\t\t\t\t<div class=\"elementor-element elementor-element-3094bb8 elementor-button-success elementor-align-center elementor-widget elementor-widget-button\" data-id=\"3094bb8\" data-element_type=\"widget\" data-widget_type=\"button.default\">\n\t\t\t\t<div class=\"elementor-widget-container\">\n\t\t\t\t\t<div class=\"elementor-button-wrapper\">\n\t\t\t<a href=\"http:\/\/www.precision.com.gt\/wp-content\/uploads\/2019\/02\/DS_ML-T_Analytical_ES.pdf\" class=\"elementor-button-link elementor-button elementor-size-xs\" role=\"button\">\n\t\t\t\t\t\t<span class=\"elementor-button-content-wrapper\">\n\t\t\t\t\t\t\t<span class=\"elementor-button-icon elementor-align-icon-left\">\n\t\t\t\t\t\t\t\t\t<i class=\"fa fa-info-circle\" aria-hidden=\"true\"><\/i>\n\t\t\t\t\t\t\t<\/span>\n\t\t\t\t\t\t<span class=\"elementor-button-text\">M\u00e1s Informaci\u00f3n<\/span>\n\t\t<\/span>\n\t\t\t\t\t<\/a>\n\t\t<\/div>\n\t\t\t\t<\/div>\n\t\t\t\t<\/div>\n\t\t\t\t\t\t<\/div>\n\t\t\t\t\t<\/div>\n\t\t<\/div>\n\t\t\t\t<div class=\"elementor-column elementor-col-50 elementor-top-column elementor-element elementor-element-19b31bc9\" data-id=\"19b31bc9\" data-element_type=\"column\">\n\t\t\t<div class=\"elementor-column-wrap elementor-element-populated\">\n\t\t\t\t\t\t\t<div class=\"elementor-widget-wrap\">\n\t\t\t\t\t\t<div class=\"elementor-element elementor-element-2d5d9038 elementor-position-top elementor-vertical-align-top elementor-widget elementor-widget-image-box\" data-id=\"2d5d9038\" data-element_type=\"widget\" data-widget_type=\"image-box.default\">\n\t\t\t\t<div class=\"elementor-widget-container\">\n\t\t\t<div class=\"elementor-image-box-wrapper\"><figure class=\"elementor-image-box-img\"><img loading=\"lazy\" decoding=\"async\" width=\"250\" height=\"250\" src=\"http:\/\/www.precision.com.gt\/wp-content\/uploads\/2019\/02\/advanced-ms-ts.png\" class=\"attachment-medium size-medium\" alt=\"\" \/><\/figure><div class=\"elementor-image-box-content\"><h3 class=\"elementor-image-box-title\">Balanza Anal\u00edtica MS-TS<\/h3><p class=\"elementor-image-box-description\">Capacidad para 120g a 320g, con legibilidad de hasta 0,1 mg. C\u00e9lula de carga MonoBloc de alta precisi\u00f3n y carcasa totalmente met\u00e1lica resistente a los productos qu\u00edmicos. Pantalla t\u00e1ctil y aplicaciones. La conectividad LAN, USB, RS232 y, de forma opcional, WLAN\/Bluetooth, permite transferir c\u00f3modamente datos de pesaje a ordenadores o dispositivos perif\u00e9ricos.<\/p><\/div><\/div>\t\t<\/div>\n\t\t\t\t<\/div>\n\t\t\t\t<div class=\"elementor-element elementor-element-a63da7b elementor-button-success elementor-align-center elementor-widget elementor-widget-button\" data-id=\"a63da7b\" data-element_type=\"widget\" data-widget_type=\"button.default\">\n\t\t\t\t<div class=\"elementor-widget-container\">\n\t\t\t\t\t<div class=\"elementor-button-wrapper\">\n\t\t\t<a href=\"http:\/\/www.precision.com.gt\/wp-content\/uploads\/2019\/02\/DS_MS-TS_Analytical_ES.pdf\" class=\"elementor-button-link elementor-button elementor-size-xs\" role=\"button\">\n\t\t\t\t\t\t<span class=\"elementor-button-content-wrapper\">\n\t\t\t\t\t\t\t<span class=\"elementor-button-icon elementor-align-icon-left\">\n\t\t\t\t\t\t\t\t\t<i class=\"fa fa-info-circle\" aria-hidden=\"true\"><\/i>\n\t\t\t\t\t\t\t<\/span>\n\t\t\t\t\t\t<span class=\"elementor-button-text\">M\u00e1s Informaci\u00f3n<\/span>\n\t\t<\/span>\n\t\t\t\t\t<\/a>\n\t\t<\/div>\n\t\t\t\t<\/div>\n\t\t\t\t<\/div>\n\t\t\t\t\t\t<\/div>\n\t\t\t\t\t<\/div>\n\t\t<\/div>\n\t\t\t\t\t\t\t\t<\/div>\n\t\t\t\t\t<\/div>\n\t\t<\/section>\n\t\t\t\t<section class=\"elementor-section elementor-top-section elementor-element elementor-element-461cdd5d elementor-section-boxed elementor-section-height-default elementor-section-height-default\" data-id=\"461cdd5d\" data-element_type=\"section\">\n\t\t\t\t\t\t<div class=\"elementor-container elementor-column-gap-default\">\n\t\t\t\t\t\t\t<div class=\"elementor-row\">\n\t\t\t\t\t<div class=\"elementor-column elementor-col-33 elementor-top-column elementor-element elementor-element-773c0070\" data-id=\"773c0070\" data-element_type=\"column\">\n\t\t\t<div class=\"elementor-column-wrap\">\n\t\t\t\t\t\t\t<div class=\"elementor-widget-wrap\">\n\t\t\t\t\t\t\t\t<\/div>\n\t\t\t\t\t<\/div>\n\t\t<\/div>\n\t\t\t\t<div class=\"elementor-column elementor-col-33 elementor-top-column elementor-element elementor-element-30bb6eec\" data-id=\"30bb6eec\" data-element_type=\"column\">\n\t\t\t<div class=\"elementor-column-wrap elementor-element-populated\">\n\t\t\t\t\t\t\t<div class=\"elementor-widget-wrap\">\n\t\t\t\t\t\t<div class=\"elementor-element elementor-element-6292357c elementor-position-left elementor-view-default elementor-mobile-position-top elementor-vertical-align-top elementor-widget elementor-widget-icon-box\" data-id=\"6292357c\" data-element_type=\"widget\" data-widget_type=\"icon-box.default\">\n\t\t\t\t<div class=\"elementor-widget-container\">\n\t\t\t\t\t<div class=\"elementor-icon-box-wrapper\">\n\t\t\t\t\t\t<div class=\"elementor-icon-box-icon\">\n\t\t\t\t<a class=\"elementor-icon elementor-animation-\" href=\"http:\/\/www.precision.com.gt\/home\/contactenos\/\">\n\t\t\t\t<i class=\"fa fa-phone-square\" aria-hidden=\"true\"><\/i>\t\t\t\t<\/a>\n\t\t\t<\/div>\n\t\t\t\t\t\t<div class=\"elementor-icon-box-content\">\n\t\t\t\t<h1 class=\"elementor-icon-box-title\">\n\t\t\t\t\t<a href=\"http:\/\/www.precision.com.gt\/home\/contactenos\/\" >\n\t\t\t\t\t\tContactenos\t\t\t\t\t<\/a>\n\t\t\t\t<\/h1>\n\t\t\t\t\t\t\t\t\t<p class=\"elementor-icon-box-description\">\n\t\t\t\t\t\tResolvemos sus dudas y preguntas\t\t\t\t\t<\/p>\n\t\t\t\t\t\t\t<\/div>\n\t\t<\/div>\n\t\t\t\t<\/div>\n\t\t\t\t<\/div>\n\t\t\t\t\t\t<\/div>\n\t\t\t\t\t<\/div>\n\t\t<\/div>\n\t\t\t\t<div class=\"elementor-column elementor-col-33 elementor-top-column elementor-element elementor-element-40f008db\" data-id=\"40f008db\" data-element_type=\"column\">\n\t\t\t<div class=\"elementor-column-wrap\">\n\t\t\t\t\t\t\t<div class=\"elementor-widget-wrap\">\n\t\t\t\t\t\t\t\t<\/div>\n\t\t\t\t\t<\/div>\n\t\t<\/div>\n\t\t\t\t\t\t\t\t<\/div>\n\t\t\t\t\t<\/div>\n\t\t<\/section>\n\t\t\t\t\t\t\t\t\t<\/div>\n\t\t\t<\/div>\n\t\t\t\t\t<\/div>\n\t\t","protected":false},"excerpt":{"rendered":"BALANZAS ANAL\u00cdTICAS ADVANCEDAnte exigencias cada vez mayores, como las de las normas ISO, GLP o GMP, necesita una balanza que pueda asistirle en sus tareas diarias y posibilitar la buena marcha de su actividad.PRODUCTOS Regresar \/ Ver Todo Semimicrobalanza MSOfrecen unos resultados precisos y una manipulaci\u00f3n eficiente para pesar las muestras m\u00e1s peque\u00f1as, capacidad m\u00e1xima [&hellip;]","protected":false},"author":3,"featured_media":0,"parent":939,"menu_order":0,"comment_status":"closed","ping_status":"closed","template":"elementor_header_footer","meta":{"footnotes":""},"_links":{"self":[{"href":"http:\/\/www.precision.com.gt\/home\/wp-json\/wp\/v2\/pages\/1637"}],"collection":[{"href":"http:\/\/www.precision.com.gt\/home\/wp-json\/wp\/v2\/pages"}],"about":[{"href":"http:\/\/www.precision.com.gt\/home\/wp-json\/wp\/v2\/types\/page"}],"author":[{"embeddable":true,"href":"http:\/\/www.precision.com.gt\/home\/wp-json\/wp\/v2\/users\/3"}],"replies":[{"embeddable":true,"href":"http:\/\/www.precision.com.gt\/home\/wp-json\/wp\/v2\/comments?post=1637"}],"version-history":[{"count":3,"href":"http:\/\/www.precision.com.gt\/home\/wp-json\/wp\/v2\/pages\/1637\/revisions"}],"predecessor-version":[{"id":1647,"href":"http:\/\/www.precision.com.gt\/home\/wp-json\/wp\/v2\/pages\/1637\/revisions\/1647"}],"up":[{"embeddable":true,"href":"http:\/\/www.precision.com.gt\/home\/wp-json\/wp\/v2\/pages\/939"}],"wp:attachment":[{"href":"http:\/\/www.precision.com.gt\/home\/wp-json\/wp\/v2\/media?parent=1637"}],"curies":[{"name":"wp","href":"https:\/\/api.w.org\/{rel}","templated":true}]}}