{"id":1825,"date":"2019-03-04T14:47:14","date_gmt":"2019-03-04T20:47:14","guid":{"rendered":"http:\/\/www.precision.com.gt\/home\/?page_id=1825"},"modified":"2019-03-04T15:19:29","modified_gmt":"2019-03-04T21:19:29","slug":"sensores-para-valoracion","status":"publish","type":"page","link":"http:\/\/www.precision.com.gt\/home\/mettler-toledo\/valoradores-2\/sensores-para-valoracion\/","title":{"rendered":"Sensores para valoracion"},"content":{"rendered":"\t\t<div data-elementor-type=\"wp-post\" data-elementor-id=\"1825\" class=\"elementor elementor-1825 elementor-bc-flex-widget\">\n\t\t\t\t\t\t<div class=\"elementor-inner\">\n\t\t\t\t<div class=\"elementor-section-wrap\">\n\t\t\t\t\t\t\t\t\t<section class=\"elementor-section elementor-top-section elementor-element elementor-element-58430faa elementor-section-boxed elementor-section-height-default elementor-section-height-default\" data-id=\"58430faa\" data-element_type=\"section\">\n\t\t\t\t\t\t<div class=\"elementor-container elementor-column-gap-default\">\n\t\t\t\t\t\t\t<div class=\"elementor-row\">\n\t\t\t\t\t<div class=\"elementor-column elementor-col-50 elementor-top-column elementor-element elementor-element-4452633a\" data-id=\"4452633a\" data-element_type=\"column\">\n\t\t\t<div class=\"elementor-column-wrap elementor-element-populated\">\n\t\t\t\t\t\t\t<div class=\"elementor-widget-wrap\">\n\t\t\t\t\t\t<div class=\"elementor-element elementor-element-28aa1fa elementor-widget elementor-widget-text-editor\" data-id=\"28aa1fa\" data-element_type=\"widget\" data-widget_type=\"text-editor.default\">\n\t\t\t\t<div class=\"elementor-widget-container\">\n\t\t\t\t\t\t\t\t<div class=\"elementor-text-editor elementor-clearfix\">\n\t\t\t\t<h1>SENSORES PARA VALORACI\u00d3N<\/h1><div><div>Amplia variedad de sensores de alta calidad dedicados a su aplicaci\u00f3n de valoraci\u00f3n.<\/div><\/div>\t\t\t\t\t<\/div>\n\t\t\t\t\t\t<\/div>\n\t\t\t\t<\/div>\n\t\t\t\t<div class=\"elementor-element elementor-element-4a02764c elementor-widget elementor-widget-text-editor\" data-id=\"4a02764c\" data-element_type=\"widget\" data-widget_type=\"text-editor.default\">\n\t\t\t\t<div class=\"elementor-widget-container\">\n\t\t\t\t\t\t\t\t<div class=\"elementor-text-editor elementor-clearfix\">\n\t\t\t\t<h1><strong>PRODUCTOS<\/strong><\/h1>\t\t\t\t\t<\/div>\n\t\t\t\t\t\t<\/div>\n\t\t\t\t<\/div>\n\t\t\t\t\t\t<\/div>\n\t\t\t\t\t<\/div>\n\t\t<\/div>\n\t\t\t\t<div class=\"elementor-column elementor-col-50 elementor-top-column elementor-element elementor-element-125153d0\" data-id=\"125153d0\" data-element_type=\"column\">\n\t\t\t<div class=\"elementor-column-wrap elementor-element-populated\">\n\t\t\t\t\t\t\t<div class=\"elementor-widget-wrap\">\n\t\t\t\t\t\t<div class=\"elementor-element elementor-element-3b323a2c elementor-widget elementor-widget-image\" data-id=\"3b323a2c\" data-element_type=\"widget\" data-widget_type=\"image.default\">\n\t\t\t\t<div class=\"elementor-widget-container\">\n\t\t\t\t\t\t\t\t<div class=\"elementor-image\">\n\t\t\t\t\t\t\t\t\t\t\t\t<img loading=\"lazy\" decoding=\"async\" width=\"150\" height=\"93\" src=\"http:\/\/www.precision.com.gt\/wp-content\/uploads\/2018\/09\/Mettler-Toledo-grande-150x93.png\" class=\"attachment-thumbnail size-thumbnail\" alt=\"\" srcset=\"http:\/\/www.precision.com.gt\/wp-content\/uploads\/2018\/09\/Mettler-Toledo-grande-150x93.png 150w, http:\/\/www.precision.com.gt\/wp-content\/uploads\/2018\/09\/Mettler-Toledo-grande-300x186.png 300w, http:\/\/www.precision.com.gt\/wp-content\/uploads\/2018\/09\/Mettler-Toledo-grande-768x476.png 768w, http:\/\/www.precision.com.gt\/wp-content\/uploads\/2018\/09\/Mettler-Toledo-grande-1024x634.png 1024w, http:\/\/www.precision.com.gt\/wp-content\/uploads\/2018\/09\/Mettler-Toledo-grande-340x210.png 340w, http:\/\/www.precision.com.gt\/wp-content\/uploads\/2018\/09\/Mettler-Toledo-grande-570x350.png 570w, http:\/\/www.precision.com.gt\/wp-content\/uploads\/2018\/09\/Mettler-Toledo-grande-250x155.png 250w, http:\/\/www.precision.com.gt\/wp-content\/uploads\/2018\/09\/Mettler-Toledo-grande-550x341.png 550w, http:\/\/www.precision.com.gt\/wp-content\/uploads\/2018\/09\/Mettler-Toledo-grande-800x496.png 800w, http:\/\/www.precision.com.gt\/wp-content\/uploads\/2018\/09\/Mettler-Toledo-grande-291x180.png 291w, http:\/\/www.precision.com.gt\/wp-content\/uploads\/2018\/09\/Mettler-Toledo-grande-484x300.png 484w, http:\/\/www.precision.com.gt\/wp-content\/uploads\/2018\/09\/Mettler-Toledo-grande-807x500.png 807w, http:\/\/www.precision.com.gt\/wp-content\/uploads\/2018\/09\/Mettler-Toledo-grande.png 2000w\" sizes=\"(max-width: 150px) 100vw, 150px\" \/>\t\t\t\t\t\t\t\t\t\t\t\t\t\t<\/div>\n\t\t\t\t\t\t<\/div>\n\t\t\t\t<\/div>\n\t\t\t\t<div class=\"elementor-element elementor-element-472e71f6 elementor-button-danger elementor-align-center elementor-widget elementor-widget-button\" data-id=\"472e71f6\" data-element_type=\"widget\" data-widget_type=\"button.default\">\n\t\t\t\t<div class=\"elementor-widget-container\">\n\t\t\t\t\t<div class=\"elementor-button-wrapper\">\n\t\t\t<a href=\"http:\/\/www.precision.com.gt\/home\/mettler-toledo\/valoradores-2\/\" class=\"elementor-button-link elementor-button elementor-size-xs\" role=\"button\">\n\t\t\t\t\t\t<span class=\"elementor-button-content-wrapper\">\n\t\t\t\t\t\t\t<span class=\"elementor-button-icon elementor-align-icon-left\">\n\t\t\t\t\t\t\t\t\t<i class=\"fa fa-mail-reply\" aria-hidden=\"true\"><\/i>\n\t\t\t\t\t\t\t<\/span>\n\t\t\t\t\t\t<span class=\"elementor-button-text\">Regresar \/ Ver Todo<\/span>\n\t\t<\/span>\n\t\t\t\t\t<\/a>\n\t\t<\/div>\n\t\t\t\t<\/div>\n\t\t\t\t<\/div>\n\t\t\t\t\t\t<\/div>\n\t\t\t\t\t<\/div>\n\t\t<\/div>\n\t\t\t\t\t\t\t\t<\/div>\n\t\t\t\t\t<\/div>\n\t\t<\/section>\n\t\t\t\t<section class=\"elementor-section elementor-top-section elementor-element elementor-element-5169df3f elementor-section-boxed elementor-section-height-default elementor-section-height-default\" data-id=\"5169df3f\" data-element_type=\"section\">\n\t\t\t\t\t\t<div class=\"elementor-container elementor-column-gap-default\">\n\t\t\t\t\t\t\t<div class=\"elementor-row\">\n\t\t\t\t\t<div class=\"elementor-column elementor-col-50 elementor-top-column elementor-element elementor-element-1c6991d5\" data-id=\"1c6991d5\" data-element_type=\"column\">\n\t\t\t<div class=\"elementor-column-wrap elementor-element-populated\">\n\t\t\t\t\t\t\t<div class=\"elementor-widget-wrap\">\n\t\t\t\t\t\t<div class=\"elementor-element elementor-element-5ff15b2f elementor-position-top elementor-vertical-align-top elementor-widget elementor-widget-image-box\" data-id=\"5ff15b2f\" data-element_type=\"widget\" data-widget_type=\"image-box.default\">\n\t\t\t\t<div class=\"elementor-widget-container\">\n\t\t\t<div class=\"elementor-image-box-wrapper\"><figure class=\"elementor-image-box-img\"><img loading=\"lazy\" decoding=\"async\" width=\"250\" height=\"250\" src=\"http:\/\/www.precision.com.gt\/wp-content\/uploads\/2019\/03\/sensores-v-vidrio-ph.png\" class=\"attachment-medium size-medium\" alt=\"\" \/><\/figure><div class=\"elementor-image-box-content\"><h3 class=\"elementor-image-box-title\">Sensores de Vidrio para pH<\/h3><p class=\"elementor-image-box-description\">Amplia gama de electrodos de vidrio combinados para pH en medios acuosos, no acuosos o de baja potencia i\u00f3nica y para muestras peque\u00f1as o dif\u00edciles. <\/p><\/div><\/div>\t\t<\/div>\n\t\t\t\t<\/div>\n\t\t\t\t<div class=\"elementor-element elementor-element-fe519bf elementor-button-success elementor-align-center elementor-widget elementor-widget-button\" data-id=\"fe519bf\" data-element_type=\"widget\" data-widget_type=\"button.default\">\n\t\t\t\t<div class=\"elementor-widget-container\">\n\t\t\t\t\t<div class=\"elementor-button-wrapper\">\n\t\t\t<a href=\"http:\/\/www.precision.com.gt\/wp-content\/uploads\/2019\/03\/lsv-1707-lit_titratorservices.pdf\" target=\"_blank\" class=\"elementor-button-link elementor-button elementor-size-xs\" role=\"button\">\n\t\t\t\t\t\t<span class=\"elementor-button-content-wrapper\">\n\t\t\t\t\t\t\t<span class=\"elementor-button-icon elementor-align-icon-left\">\n\t\t\t\t\t\t\t\t\t<i class=\"fa fa-info-circle\" aria-hidden=\"true\"><\/i>\n\t\t\t\t\t\t\t<\/span>\n\t\t\t\t\t\t<span class=\"elementor-button-text\">M\u00e1s Informaci\u00f3n<\/span>\n\t\t<\/span>\n\t\t\t\t\t<\/a>\n\t\t<\/div>\n\t\t\t\t<\/div>\n\t\t\t\t<\/div>\n\t\t\t\t<div class=\"elementor-element elementor-element-f4e982a elementor-position-top elementor-vertical-align-top elementor-widget elementor-widget-image-box\" data-id=\"f4e982a\" data-element_type=\"widget\" data-widget_type=\"image-box.default\">\n\t\t\t\t<div class=\"elementor-widget-container\">\n\t\t\t<div class=\"elementor-image-box-wrapper\"><figure class=\"elementor-image-box-img\"><img loading=\"lazy\" decoding=\"async\" width=\"250\" height=\"250\" src=\"http:\/\/www.precision.com.gt\/wp-content\/uploads\/2019\/03\/sensor-v-fototrodo.png\" class=\"attachment-medium size-medium\" alt=\"\" \/><\/figure><div class=\"elementor-image-box-content\"><h3 class=\"elementor-image-box-title\">Sondas Fotom\u00e9tricas<\/h3><p class=\"elementor-image-box-description\">Para numerosas tareas de valoraci\u00f3n, como la determinaci\u00f3n automatizada de iones met\u00e1licos con AEDT, la indicaci\u00f3n fotom\u00e9trica por medio de un indicador crom\u00e1tico es la mejor soluci\u00f3n.<\/p><\/div><\/div>\t\t<\/div>\n\t\t\t\t<\/div>\n\t\t\t\t<div class=\"elementor-element elementor-element-60e98d2 elementor-button-success elementor-align-center elementor-widget elementor-widget-button\" data-id=\"60e98d2\" data-element_type=\"widget\" data-widget_type=\"button.default\">\n\t\t\t\t<div class=\"elementor-widget-container\">\n\t\t\t\t\t<div class=\"elementor-button-wrapper\">\n\t\t\t<a href=\"http:\/\/www.precision.com.gt\/wp-content\/uploads\/2019\/03\/datasheet_phototrodee.pdf\" target=\"_blank\" class=\"elementor-button-link elementor-button elementor-size-xs\" role=\"button\">\n\t\t\t\t\t\t<span class=\"elementor-button-content-wrapper\">\n\t\t\t\t\t\t\t<span class=\"elementor-button-icon elementor-align-icon-left\">\n\t\t\t\t\t\t\t\t\t<i class=\"fa fa-info-circle\" aria-hidden=\"true\"><\/i>\n\t\t\t\t\t\t\t<\/span>\n\t\t\t\t\t\t<span class=\"elementor-button-text\">M\u00e1s Informaci\u00f3n<\/span>\n\t\t<\/span>\n\t\t\t\t\t<\/a>\n\t\t<\/div>\n\t\t\t\t<\/div>\n\t\t\t\t<\/div>\n\t\t\t\t<div class=\"elementor-element elementor-element-5043c03 elementor-position-top elementor-vertical-align-top elementor-widget elementor-widget-image-box\" data-id=\"5043c03\" data-element_type=\"widget\" data-widget_type=\"image-box.default\">\n\t\t\t\t<div class=\"elementor-widget-container\">\n\t\t\t<div class=\"elementor-image-box-wrapper\"><figure class=\"elementor-image-box-img\"><img loading=\"lazy\" decoding=\"async\" width=\"250\" height=\"250\" src=\"http:\/\/www.precision.com.gt\/wp-content\/uploads\/2019\/03\/sensor-v-temperatura.png\" class=\"attachment-medium size-medium\" alt=\"\" \/><\/figure><div class=\"elementor-image-box-content\"><h3 class=\"elementor-image-box-title\">Sondas de Temperatura y Referencia<\/h3><p class=\"elementor-image-box-description\">Sonda de temperatura, electrodo de referencia de vidrio, electrodo de referencia de pl\u00e1stico para muestras con \u00e1cido fluorh\u00eddrico<\/p><\/div><\/div>\t\t<\/div>\n\t\t\t\t<\/div>\n\t\t\t\t<div class=\"elementor-element elementor-element-407aa24 elementor-button-success elementor-align-center elementor-widget elementor-widget-button\" data-id=\"407aa24\" data-element_type=\"widget\" data-widget_type=\"button.default\">\n\t\t\t\t<div class=\"elementor-widget-container\">\n\t\t\t\t\t<div class=\"elementor-button-wrapper\">\n\t\t\t<a href=\"http:\/\/www.precision.com.gt\/wp-content\/uploads\/2019\/03\/lsv-1707-lit_titratorservices.pdf\" target=\"_blank\" class=\"elementor-button-link elementor-button elementor-size-xs\" role=\"button\">\n\t\t\t\t\t\t<span class=\"elementor-button-content-wrapper\">\n\t\t\t\t\t\t\t<span class=\"elementor-button-icon elementor-align-icon-left\">\n\t\t\t\t\t\t\t\t\t<i class=\"fa fa-info-circle\" aria-hidden=\"true\"><\/i>\n\t\t\t\t\t\t\t<\/span>\n\t\t\t\t\t\t<span class=\"elementor-button-text\">M\u00e1s Informaci\u00f3n<\/span>\n\t\t<\/span>\n\t\t\t\t\t<\/a>\n\t\t<\/div>\n\t\t\t\t<\/div>\n\t\t\t\t<\/div>\n\t\t\t\t<div class=\"elementor-element elementor-element-ee70f95 elementor-position-top elementor-vertical-align-top elementor-widget elementor-widget-image-box\" data-id=\"ee70f95\" data-element_type=\"widget\" data-widget_type=\"image-box.default\">\n\t\t\t\t<div class=\"elementor-widget-container\">\n\t\t\t<div class=\"elementor-image-box-wrapper\"><figure class=\"elementor-image-box-img\"><img loading=\"lazy\" decoding=\"async\" width=\"250\" height=\"250\" src=\"http:\/\/www.precision.com.gt\/wp-content\/uploads\/2019\/03\/sensor-v-termometrico.png\" class=\"attachment-medium size-medium\" alt=\"\" \/><\/figure><div class=\"elementor-image-box-content\"><h3 class=\"elementor-image-box-title\">Sensor Termom\u00e9trico<\/h3><p class=\"elementor-image-box-description\">El nuevo Thermotrode\u2122 determina de forma precisa el \u00edndice de acidez de una amplia variedad de productos petroqu\u00edmicos con un m\u00e9todo r\u00e1pido y sencillo<\/p><\/div><\/div>\t\t<\/div>\n\t\t\t\t<\/div>\n\t\t\t\t<div class=\"elementor-element elementor-element-102b8a4 elementor-button-success elementor-align-center elementor-widget elementor-widget-button\" data-id=\"102b8a4\" data-element_type=\"widget\" data-widget_type=\"button.default\">\n\t\t\t\t<div class=\"elementor-widget-container\">\n\t\t\t\t\t<div class=\"elementor-button-wrapper\">\n\t\t\t<a href=\"http:\/\/www.precision.com.gt\/wp-content\/uploads\/2019\/03\/30333118A_V12.18_Thermo_TAN_Datash_ES_LR.pdf\" target=\"_blank\" class=\"elementor-button-link elementor-button elementor-size-xs\" role=\"button\">\n\t\t\t\t\t\t<span class=\"elementor-button-content-wrapper\">\n\t\t\t\t\t\t\t<span class=\"elementor-button-icon elementor-align-icon-left\">\n\t\t\t\t\t\t\t\t\t<i class=\"fa fa-info-circle\" aria-hidden=\"true\"><\/i>\n\t\t\t\t\t\t\t<\/span>\n\t\t\t\t\t\t<span class=\"elementor-button-text\">M\u00e1s Informaci\u00f3n<\/span>\n\t\t<\/span>\n\t\t\t\t\t<\/a>\n\t\t<\/div>\n\t\t\t\t<\/div>\n\t\t\t\t<\/div>\n\t\t\t\t\t\t<\/div>\n\t\t\t\t\t<\/div>\n\t\t<\/div>\n\t\t\t\t<div class=\"elementor-column elementor-col-50 elementor-top-column elementor-element elementor-element-12662805\" data-id=\"12662805\" data-element_type=\"column\">\n\t\t\t<div class=\"elementor-column-wrap elementor-element-populated\">\n\t\t\t\t\t\t\t<div class=\"elementor-widget-wrap\">\n\t\t\t\t\t\t<div class=\"elementor-element elementor-element-4d00b29f elementor-position-top elementor-vertical-align-top elementor-widget elementor-widget-image-box\" data-id=\"4d00b29f\" data-element_type=\"widget\" data-widget_type=\"image-box.default\">\n\t\t\t\t<div class=\"elementor-widget-container\">\n\t\t\t<div class=\"elementor-image-box-wrapper\"><figure class=\"elementor-image-box-img\"><img loading=\"lazy\" decoding=\"async\" width=\"250\" height=\"250\" src=\"http:\/\/www.precision.com.gt\/wp-content\/uploads\/2019\/03\/sensores-v-metalicos.png\" class=\"attachment-medium size-medium\" alt=\"\" \/><\/figure><div class=\"elementor-image-box-content\"><h3 class=\"elementor-image-box-title\">Sensores Met\u00e1licos<\/h3><p class=\"elementor-image-box-description\">La gama de sensores met\u00e1licos incluye sensores anulares de plata para valoraciones de precipitaci\u00f3n, un sensor anular de platino para todas las valoraciones redox y un electrodo de doble punta de platino.<\/p><\/div><\/div>\t\t<\/div>\n\t\t\t\t<\/div>\n\t\t\t\t<div class=\"elementor-element elementor-element-7e90131 elementor-button-success elementor-align-center elementor-widget elementor-widget-button\" data-id=\"7e90131\" data-element_type=\"widget\" data-widget_type=\"button.default\">\n\t\t\t\t<div class=\"elementor-widget-container\">\n\t\t\t\t\t<div class=\"elementor-button-wrapper\">\n\t\t\t<a href=\"http:\/\/www.precision.com.gt\/wp-content\/uploads\/2019\/03\/lsv-1707-lit_titratorservices.pdf\" target=\"_blank\" class=\"elementor-button-link elementor-button elementor-size-xs\" role=\"button\">\n\t\t\t\t\t\t<span class=\"elementor-button-content-wrapper\">\n\t\t\t\t\t\t\t<span class=\"elementor-button-icon elementor-align-icon-left\">\n\t\t\t\t\t\t\t\t\t<i class=\"fa fa-info-circle\" aria-hidden=\"true\"><\/i>\n\t\t\t\t\t\t\t<\/span>\n\t\t\t\t\t\t<span class=\"elementor-button-text\">M\u00e1s Informaci\u00f3n<\/span>\n\t\t<\/span>\n\t\t\t\t\t<\/a>\n\t\t<\/div>\n\t\t\t\t<\/div>\n\t\t\t\t<\/div>\n\t\t\t\t<div class=\"elementor-element elementor-element-8526708 elementor-position-top elementor-vertical-align-top elementor-widget elementor-widget-image-box\" data-id=\"8526708\" data-element_type=\"widget\" data-widget_type=\"image-box.default\">\n\t\t\t\t<div class=\"elementor-widget-container\">\n\t\t\t<div class=\"elementor-image-box-wrapper\"><figure class=\"elementor-image-box-img\"><img loading=\"lazy\" decoding=\"async\" width=\"250\" height=\"250\" src=\"http:\/\/www.precision.com.gt\/wp-content\/uploads\/2019\/03\/sensores-v-tensioactivos.png\" class=\"attachment-medium size-medium\" alt=\"\" \/><\/figure><div class=\"elementor-image-box-content\"><h3 class=\"elementor-image-box-title\">Sondas para agentes Tensioactivos<\/h3><p class=\"elementor-image-box-description\">METTLER TOLEDO ofrece diversos m\u00e9todos para la valoraci\u00f3n de agentes tensioactivos, que permiten realizar la elecci\u00f3n correcta para cada muestra.<\/p><\/div><\/div>\t\t<\/div>\n\t\t\t\t<\/div>\n\t\t\t\t<div class=\"elementor-element elementor-element-867e1e8 elementor-button-success elementor-align-center elementor-widget elementor-widget-button\" data-id=\"867e1e8\" data-element_type=\"widget\" data-widget_type=\"button.default\">\n\t\t\t\t<div class=\"elementor-widget-container\">\n\t\t\t\t\t<div class=\"elementor-button-wrapper\">\n\t\t\t<a href=\"http:\/\/www.precision.com.gt\/wp-content\/uploads\/2019\/03\/lsv-1707-lit_titratorservices.pdf\" target=\"_blank\" class=\"elementor-button-link elementor-button elementor-size-xs\" role=\"button\">\n\t\t\t\t\t\t<span class=\"elementor-button-content-wrapper\">\n\t\t\t\t\t\t\t<span class=\"elementor-button-icon elementor-align-icon-left\">\n\t\t\t\t\t\t\t\t\t<i class=\"fa fa-info-circle\" aria-hidden=\"true\"><\/i>\n\t\t\t\t\t\t\t<\/span>\n\t\t\t\t\t\t<span class=\"elementor-button-text\">M\u00e1s Informaci\u00f3n<\/span>\n\t\t<\/span>\n\t\t\t\t\t<\/a>\n\t\t<\/div>\n\t\t\t\t<\/div>\n\t\t\t\t<\/div>\n\t\t\t\t<div class=\"elementor-element elementor-element-eaa1833 elementor-position-top elementor-vertical-align-top elementor-widget elementor-widget-image-box\" data-id=\"eaa1833\" data-element_type=\"widget\" data-widget_type=\"image-box.default\">\n\t\t\t\t<div class=\"elementor-widget-container\">\n\t\t\t<div class=\"elementor-image-box-wrapper\"><figure class=\"elementor-image-box-img\"><img loading=\"lazy\" decoding=\"async\" width=\"250\" height=\"250\" src=\"http:\/\/www.precision.com.gt\/wp-content\/uploads\/2019\/03\/sensor-v-ion.png\" class=\"attachment-medium size-medium\" alt=\"\" \/><\/figure><div class=\"elementor-image-box-content\"><h3 class=\"elementor-image-box-title\">Sensores Selectivos de Iones (ISE)<\/h3><p class=\"elementor-image-box-description\">Con la superior capacidad de los valoradores modernos es posible automatizar la medici\u00f3n del contenido i\u00f3nico en cuesti\u00f3n de minutos por medio de un electrodo ISE.<\/p><\/div><\/div>\t\t<\/div>\n\t\t\t\t<\/div>\n\t\t\t\t<div class=\"elementor-element elementor-element-0d4c759 elementor-button-success elementor-align-center elementor-widget elementor-widget-button\" data-id=\"0d4c759\" data-element_type=\"widget\" data-widget_type=\"button.default\">\n\t\t\t\t<div class=\"elementor-widget-container\">\n\t\t\t\t\t<div class=\"elementor-button-wrapper\">\n\t\t\t<a href=\"http:\/\/www.precision.com.gt\/wp-content\/uploads\/2019\/03\/lsv-1707-lit_titratorservices.pdf\" target=\"_blank\" class=\"elementor-button-link elementor-button elementor-size-xs\" role=\"button\">\n\t\t\t\t\t\t<span class=\"elementor-button-content-wrapper\">\n\t\t\t\t\t\t\t<span class=\"elementor-button-icon elementor-align-icon-left\">\n\t\t\t\t\t\t\t\t\t<i class=\"fa fa-info-circle\" aria-hidden=\"true\"><\/i>\n\t\t\t\t\t\t\t<\/span>\n\t\t\t\t\t\t<span class=\"elementor-button-text\">M\u00e1s Informaci\u00f3n<\/span>\n\t\t<\/span>\n\t\t\t\t\t<\/a>\n\t\t<\/div>\n\t\t\t\t<\/div>\n\t\t\t\t<\/div>\n\t\t\t\t<div class=\"elementor-element elementor-element-24d33c7 elementor-position-top elementor-vertical-align-top elementor-widget elementor-widget-image-box\" data-id=\"24d33c7\" data-element_type=\"widget\" data-widget_type=\"image-box.default\">\n\t\t\t\t<div class=\"elementor-widget-container\">\n\t\t\t<div class=\"elementor-image-box-wrapper\"><figure class=\"elementor-image-box-img\"><img loading=\"lazy\" decoding=\"async\" width=\"250\" height=\"250\" src=\"http:\/\/www.precision.com.gt\/wp-content\/uploads\/2019\/03\/sensores-v-easyplus.png\" class=\"attachment-medium size-medium\" alt=\"\" \/><\/figure><div class=\"elementor-image-box-content\"><h3 class=\"elementor-image-box-title\">Sensores EasyPlus<\/h3><p class=\"elementor-image-box-description\">Los sensores de vidrio para la aplicaci\u00f3n \u00e1cido\/base rutinaria en medios acuosos o soluciones no acuosas est\u00e1n especialmente dise\u00f1ados para usarse con los valoradores EasyPlus.<\/p><\/div><\/div>\t\t<\/div>\n\t\t\t\t<\/div>\n\t\t\t\t<div class=\"elementor-element elementor-element-2a2ca1a5 elementor-button-success elementor-align-center elementor-widget elementor-widget-button\" data-id=\"2a2ca1a5\" data-element_type=\"widget\" data-widget_type=\"button.default\">\n\t\t\t\t<div class=\"elementor-widget-container\">\n\t\t\t\t\t<div class=\"elementor-button-wrapper\">\n\t\t\t<a href=\"http:\/\/www.precision.com.gt\/wp-content\/uploads\/2019\/03\/30073674A_V06.14_EasyPlus_Titration_Sensor_Broch_es_LR.pdf\" target=\"_blank\" class=\"elementor-button-link elementor-button elementor-size-xs\" role=\"button\">\n\t\t\t\t\t\t<span class=\"elementor-button-content-wrapper\">\n\t\t\t\t\t\t\t<span class=\"elementor-button-icon elementor-align-icon-left\">\n\t\t\t\t\t\t\t\t\t<i class=\"fa fa-info-circle\" aria-hidden=\"true\"><\/i>\n\t\t\t\t\t\t\t<\/span>\n\t\t\t\t\t\t<span class=\"elementor-button-text\">M\u00e1s Informaci\u00f3n<\/span>\n\t\t<\/span>\n\t\t\t\t\t<\/a>\n\t\t<\/div>\n\t\t\t\t<\/div>\n\t\t\t\t<\/div>\n\t\t\t\t\t\t<\/div>\n\t\t\t\t\t<\/div>\n\t\t<\/div>\n\t\t\t\t\t\t\t\t<\/div>\n\t\t\t\t\t<\/div>\n\t\t<\/section>\n\t\t\t\t<section class=\"elementor-section elementor-top-section elementor-element elementor-element-44e1dea5 elementor-section-boxed elementor-section-height-default elementor-section-height-default\" data-id=\"44e1dea5\" data-element_type=\"section\">\n\t\t\t\t\t\t<div class=\"elementor-container elementor-column-gap-default\">\n\t\t\t\t\t\t\t<div class=\"elementor-row\">\n\t\t\t\t\t<div class=\"elementor-column elementor-col-33 elementor-top-column elementor-element elementor-element-171d2895\" data-id=\"171d2895\" data-element_type=\"column\">\n\t\t\t<div class=\"elementor-column-wrap\">\n\t\t\t\t\t\t\t<div class=\"elementor-widget-wrap\">\n\t\t\t\t\t\t\t\t<\/div>\n\t\t\t\t\t<\/div>\n\t\t<\/div>\n\t\t\t\t<div class=\"elementor-column elementor-col-33 elementor-top-column elementor-element elementor-element-555707f2\" data-id=\"555707f2\" data-element_type=\"column\">\n\t\t\t<div class=\"elementor-column-wrap elementor-element-populated\">\n\t\t\t\t\t\t\t<div class=\"elementor-widget-wrap\">\n\t\t\t\t\t\t<div class=\"elementor-element elementor-element-36150c42 elementor-position-left elementor-view-default elementor-mobile-position-top elementor-vertical-align-top elementor-widget elementor-widget-icon-box\" data-id=\"36150c42\" data-element_type=\"widget\" data-widget_type=\"icon-box.default\">\n\t\t\t\t<div class=\"elementor-widget-container\">\n\t\t\t\t\t<div class=\"elementor-icon-box-wrapper\">\n\t\t\t\t\t\t<div class=\"elementor-icon-box-icon\">\n\t\t\t\t<a class=\"elementor-icon elementor-animation-\" href=\"http:\/\/www.precision.com.gt\/home\/contactenos\/\">\n\t\t\t\t<i class=\"fa fa-phone-square\" aria-hidden=\"true\"><\/i>\t\t\t\t<\/a>\n\t\t\t<\/div>\n\t\t\t\t\t\t<div class=\"elementor-icon-box-content\">\n\t\t\t\t<h1 class=\"elementor-icon-box-title\">\n\t\t\t\t\t<a href=\"http:\/\/www.precision.com.gt\/home\/contactenos\/\" >\n\t\t\t\t\t\tContactenos\t\t\t\t\t<\/a>\n\t\t\t\t<\/h1>\n\t\t\t\t\t\t\t\t\t<p class=\"elementor-icon-box-description\">\n\t\t\t\t\t\tResolvemos sus dudas y preguntas\t\t\t\t\t<\/p>\n\t\t\t\t\t\t\t<\/div>\n\t\t<\/div>\n\t\t\t\t<\/div>\n\t\t\t\t<\/div>\n\t\t\t\t\t\t<\/div>\n\t\t\t\t\t<\/div>\n\t\t<\/div>\n\t\t\t\t<div class=\"elementor-column elementor-col-33 elementor-top-column elementor-element elementor-element-3ad04bf4\" data-id=\"3ad04bf4\" data-element_type=\"column\">\n\t\t\t<div class=\"elementor-column-wrap\">\n\t\t\t\t\t\t\t<div class=\"elementor-widget-wrap\">\n\t\t\t\t\t\t\t\t<\/div>\n\t\t\t\t\t<\/div>\n\t\t<\/div>\n\t\t\t\t\t\t\t\t<\/div>\n\t\t\t\t\t<\/div>\n\t\t<\/section>\n\t\t\t\t\t\t\t\t\t<\/div>\n\t\t\t<\/div>\n\t\t\t\t\t<\/div>\n\t\t","protected":false},"excerpt":{"rendered":"SENSORES PARA VALORACI\u00d3NAmplia variedad de sensores de alta calidad dedicados a su aplicaci\u00f3n de valoraci\u00f3n.PRODUCTOS Regresar \/ Ver Todo Sensores de Vidrio para pHAmplia gama de electrodos de vidrio combinados para pH en medios acuosos, no acuosos o de baja potencia i\u00f3nica y para muestras peque\u00f1as o dif\u00edciles. M\u00e1s Informaci\u00f3n Sondas Fotom\u00e9tricasPara numerosas tareas de [&hellip;]","protected":false},"author":3,"featured_media":0,"parent":962,"menu_order":0,"comment_status":"closed","ping_status":"closed","template":"elementor_header_footer","meta":{"footnotes":""},"_links":{"self":[{"href":"http:\/\/www.precision.com.gt\/home\/wp-json\/wp\/v2\/pages\/1825"}],"collection":[{"href":"http:\/\/www.precision.com.gt\/home\/wp-json\/wp\/v2\/pages"}],"about":[{"href":"http:\/\/www.precision.com.gt\/home\/wp-json\/wp\/v2\/types\/page"}],"author":[{"embeddable":true,"href":"http:\/\/www.precision.com.gt\/home\/wp-json\/wp\/v2\/users\/3"}],"replies":[{"embeddable":true,"href":"http:\/\/www.precision.com.gt\/home\/wp-json\/wp\/v2\/comments?post=1825"}],"version-history":[{"count":2,"href":"http:\/\/www.precision.com.gt\/home\/wp-json\/wp\/v2\/pages\/1825\/revisions"}],"predecessor-version":[{"id":1840,"href":"http:\/\/www.precision.com.gt\/home\/wp-json\/wp\/v2\/pages\/1825\/revisions\/1840"}],"up":[{"embeddable":true,"href":"http:\/\/www.precision.com.gt\/home\/wp-json\/wp\/v2\/pages\/962"}],"wp:attachment":[{"href":"http:\/\/www.precision.com.gt\/home\/wp-json\/wp\/v2\/media?parent=1825"}],"curies":[{"name":"wp","href":"https:\/\/api.w.org\/{rel}","templated":true}]}}