{"id":45,"date":"2015-05-11T22:24:35","date_gmt":"2015-05-12T04:24:35","guid":{"rendered":"http:\/\/precision.mydomain.com\/?page_id=45"},"modified":"2017-11-20T14:56:37","modified_gmt":"2017-11-20T20:56:37","slug":"noticias","status":"publish","type":"page","link":"http:\/\/www.precision.com.gt\/home\/noticias\/","title":{"rendered":"Noticias"},"content":{"rendered":"<div id=\"pl-45\"  class=\"panel-layout\" ><div id=\"pg-45-0\"  class=\"panel-grid panel-no-style\" ><div id=\"pgc-45-0-0\"  class=\"panel-grid-cell\" >\n\t\t<div id=\"panel-45-0-0-0\" class=\"so-panel widget widget_recent-posts widget_recent_entries panel-first-child panel-last-child\" data-index=\"0\" >\n\t\t<h3 class=\"widget-title\">Not\u00edcias recientes<\/h3>\n\t\t<ul>\n\t\t\t\t\t\t\t\t\t\t\t<li>\n\t\t\t\t\t<a href=\"http:\/\/www.precision.com.gt\/home\/precision-sobre-ruedas\/\">Precisi\u00f3n Sobre Ruedas<\/a>\n\t\t\t\t\t\t\t\t\t\t\t<span class=\"post-date\">8 agosto, 2018<\/span>\n\t\t\t\t\t\t\t\t\t<\/li>\n\t\t\t\t\t\t\t\t\t\t\t<li>\n\t\t\t\t\t<a href=\"http:\/\/www.precision.com.gt\/home\/precision-recibe-capacitacion-en-suiza-sobre-el-uso-de-microscopios-quirurgicos\/\">Precisi\u00f3n recibe capacitaci\u00f3n en Suiza sobre el uso de microscopios quir\u00fargicos<\/a>\n\t\t\t\t\t\t\t\t\t\t\t<span class=\"post-date\">17 abril, 2008<\/span>\n\t\t\t\t\t\t\t\t\t<\/li>\n\t\t\t\t\t\t\t\t\t\t\t<li>\n\t\t\t\t\t<a href=\"http:\/\/www.precision.com.gt\/home\/leica-geosystems-acredita-a-precision-como-centro-de-servicio-certificado\/\">Leica Geosystems acredita a Precisi\u00f3n como centro de servicio certificado<\/a>\n\t\t\t\t\t\t\t\t\t\t\t<span class=\"post-date\">14 agosto, 2007<\/span>\n\t\t\t\t\t\t\t\t\t<\/li>\n\t\t\t\t\t\t\t\t\t\t\t<li>\n\t\t\t\t\t<a href=\"http:\/\/www.precision.com.gt\/home\/feria-tecno-alimentaria-lunes-04-de-junio-de-2007\/\">Feria Tecno-Alimentaria<\/a>\n\t\t\t\t\t\t\t\t\t\t\t<span class=\"post-date\">4 junio, 2007<\/span>\n\t\t\t\t\t\t\t\t\t<\/li>\n\t\t\t\t\t<\/ul>\n\n\t\t<\/div><\/div><\/div><\/div>","protected":false},"excerpt":{"rendered":"Not\u00edcias recientes Precisi\u00f3n Sobre Ruedas 8 agosto, 2018 Precisi\u00f3n recibe capacitaci\u00f3n en Suiza sobre el uso de microscopios quir\u00fargicos 17 abril, 2008 Leica Geosystems acredita a Precisi\u00f3n como centro de servicio certificado 14 agosto, 2007 Feria Tecno-Alimentaria 4 junio, 2007","protected":false},"author":1,"featured_media":0,"parent":0,"menu_order":0,"comment_status":"closed","ping_status":"closed","template":"","meta":{"footnotes":""},"_links":{"self":[{"href":"http:\/\/www.precision.com.gt\/home\/wp-json\/wp\/v2\/pages\/45"}],"collection":[{"href":"http:\/\/www.precision.com.gt\/home\/wp-json\/wp\/v2\/pages"}],"about":[{"href":"http:\/\/www.precision.com.gt\/home\/wp-json\/wp\/v2\/types\/page"}],"author":[{"embeddable":true,"href":"http:\/\/www.precision.com.gt\/home\/wp-json\/wp\/v2\/users\/1"}],"replies":[{"embeddable":true,"href":"http:\/\/www.precision.com.gt\/home\/wp-json\/wp\/v2\/comments?post=45"}],"version-history":[{"count":3,"href":"http:\/\/www.precision.com.gt\/home\/wp-json\/wp\/v2\/pages\/45\/revisions"}],"predecessor-version":[{"id":628,"href":"http:\/\/www.precision.com.gt\/home\/wp-json\/wp\/v2\/pages\/45\/revisions\/628"}],"wp:attachment":[{"href":"http:\/\/www.precision.com.gt\/home\/wp-json\/wp\/v2\/media?parent=45"}],"curies":[{"name":"wp","href":"https:\/\/api.w.org\/{rel}","templated":true}]}}