{"id":702,"date":"2018-09-03T08:37:48","date_gmt":"2018-09-03T14:37:48","guid":{"rendered":"http:\/\/www.precision.com.gt\/?page_id=702"},"modified":"2018-10-19T14:02:57","modified_gmt":"2018-10-19T20:02:57","slug":"buchi","status":"publish","type":"page","link":"http:\/\/www.precision.com.gt\/home\/buchi\/","title":{"rendered":"B\u00dcCHI"},"content":{"rendered":"\t\t<div data-elementor-type=\"wp-post\" data-elementor-id=\"702\" class=\"elementor elementor-702 elementor-bc-flex-widget\">\n\t\t\t\t\t\t<div class=\"elementor-inner\">\n\t\t\t\t<div class=\"elementor-section-wrap\">\n\t\t\t\t\t\t\t\t\t<section class=\"elementor-section elementor-top-section elementor-element elementor-element-357376e elementor-section-boxed elementor-section-height-default elementor-section-height-default\" data-id=\"357376e\" data-element_type=\"section\">\n\t\t\t\t\t\t<div class=\"elementor-container elementor-column-gap-default\">\n\t\t\t\t\t\t\t<div class=\"elementor-row\">\n\t\t\t\t\t<div class=\"elementor-column elementor-col-100 elementor-top-column elementor-element elementor-element-287d6567\" data-id=\"287d6567\" data-element_type=\"column\">\n\t\t\t<div class=\"elementor-column-wrap elementor-element-populated\">\n\t\t\t\t\t\t\t<div class=\"elementor-widget-wrap\">\n\t\t\t\t\t\t<div class=\"elementor-element elementor-element-ccd5d87 elementor-widget elementor-widget-image\" data-id=\"ccd5d87\" data-element_type=\"widget\" data-widget_type=\"image.default\">\n\t\t\t\t<div class=\"elementor-widget-container\">\n\t\t\t\t\t\t\t\t<div class=\"elementor-image\">\n\t\t\t\t\t\t\t\t\t\t\t\t<img loading=\"lazy\" decoding=\"async\" width=\"465\" height=\"250\" src=\"http:\/\/www.precision.com.gt\/wp-content\/uploads\/2018\/09\/Portada-buchi.jpg\" class=\"attachment-full size-full\" alt=\"\" srcset=\"http:\/\/www.precision.com.gt\/wp-content\/uploads\/2018\/09\/Portada-buchi.jpg 465w, http:\/\/www.precision.com.gt\/wp-content\/uploads\/2018\/09\/Portada-buchi-150x81.jpg 150w, http:\/\/www.precision.com.gt\/wp-content\/uploads\/2018\/09\/Portada-buchi-300x161.jpg 300w, http:\/\/www.precision.com.gt\/wp-content\/uploads\/2018\/09\/Portada-buchi-250x134.jpg 250w, http:\/\/www.precision.com.gt\/wp-content\/uploads\/2018\/09\/Portada-buchi-335x180.jpg 335w\" sizes=\"(max-width: 465px) 100vw, 465px\" \/>\t\t\t\t\t\t\t\t\t\t\t\t\t\t<\/div>\n\t\t\t\t\t\t<\/div>\n\t\t\t\t<\/div>\n\t\t\t\t\t\t<\/div>\n\t\t\t\t\t<\/div>\n\t\t<\/div>\n\t\t\t\t\t\t\t\t<\/div>\n\t\t\t\t\t<\/div>\n\t\t<\/section>\n\t\t\t\t<section class=\"elementor-section elementor-top-section elementor-element elementor-element-44b2287 elementor-section-boxed elementor-section-height-default elementor-section-height-default\" data-id=\"44b2287\" data-element_type=\"section\">\n\t\t\t\t\t\t<div class=\"elementor-container elementor-column-gap-default\">\n\t\t\t\t\t\t\t<div class=\"elementor-row\">\n\t\t\t\t\t<div class=\"elementor-column elementor-col-66 elementor-top-column elementor-element elementor-element-0af085e\" data-id=\"0af085e\" data-element_type=\"column\">\n\t\t\t<div class=\"elementor-column-wrap elementor-element-populated\">\n\t\t\t\t\t\t\t<div class=\"elementor-widget-wrap\">\n\t\t\t\t\t\t<div class=\"elementor-element elementor-element-45ca0e5 elementor-widget elementor-widget-image\" data-id=\"45ca0e5\" data-element_type=\"widget\" data-widget_type=\"image.default\">\n\t\t\t\t<div class=\"elementor-widget-container\">\n\t\t\t\t\t\t\t\t<div class=\"elementor-image\">\n\t\t\t\t\t\t\t\t\t\t\t\t\t<a href=\"https:\/\/www.buchi.com\/es-es\/\">\n\t\t\t\t\t\t\t<img loading=\"lazy\" decoding=\"async\" width=\"300\" height=\"100\" src=\"http:\/\/www.precision.com.gt\/wp-content\/uploads\/2018\/09\/Logo-Buchi-300x100.jpg\" class=\"attachment-medium size-medium\" alt=\"\" srcset=\"http:\/\/www.precision.com.gt\/wp-content\/uploads\/2018\/09\/Logo-Buchi-300x100.jpg 300w, http:\/\/www.precision.com.gt\/wp-content\/uploads\/2018\/09\/Logo-Buchi-150x50.jpg 150w, http:\/\/www.precision.com.gt\/wp-content\/uploads\/2018\/09\/Logo-Buchi-250x83.jpg 250w, http:\/\/www.precision.com.gt\/wp-content\/uploads\/2018\/09\/Logo-Buchi-550x183.jpg 550w, http:\/\/www.precision.com.gt\/wp-content\/uploads\/2018\/09\/Logo-Buchi-540x180.jpg 540w, http:\/\/www.precision.com.gt\/wp-content\/uploads\/2018\/09\/Logo-Buchi.jpg 750w\" sizes=\"(max-width: 300px) 100vw, 300px\" \/>\t\t\t\t\t\t\t\t<\/a>\n\t\t\t\t\t\t\t\t\t\t\t\t\t\t<\/div>\n\t\t\t\t\t\t<\/div>\n\t\t\t\t<\/div>\n\t\t\t\t\t\t<\/div>\n\t\t\t\t\t<\/div>\n\t\t<\/div>\n\t\t\t\t<div class=\"elementor-column elementor-col-33 elementor-top-column elementor-element elementor-element-100ec2e\" data-id=\"100ec2e\" data-element_type=\"column\">\n\t\t\t<div class=\"elementor-column-wrap elementor-element-populated\">\n\t\t\t\t\t\t\t<div class=\"elementor-widget-wrap\">\n\t\t\t\t\t\t<div class=\"elementor-element elementor-element-5b1ed6b elementor-widget elementor-widget-text-editor\" data-id=\"5b1ed6b\" data-element_type=\"widget\" data-widget_type=\"text-editor.default\">\n\t\t\t\t<div class=\"elementor-widget-container\">\n\t\t\t\t\t\t\t\t<div class=\"elementor-text-editor elementor-clearfix\">\n\t\t\t\t<p>B\u00fcchi es proveedor mundial de tecnolog\u00edas clave como, evaporaci\u00f3n y separaci\u00f3n, espectroscopia de infrarrojo cercano, Kjeldahl y extracci\u00f3n, entre otros para el control de la calidad y la investigaci\u00f3n y desarrollo. Su objetivo es mantener un alto nivel de competencia en el desarrollo de los productos, la fabricaci\u00f3n y las aplicaciones relacionadas con estas tecnolog\u00edas.<\/p><p>B\u00fcchi no es s\u00f3lo un fabricante de dispositivos individuales, sino tambi\u00e9n un acreditado proveedor de soluciones que combinan diferentes componentes para crear sistemas complejos para aplicaciones individuales. Gracias a su profundo conocimiento de las aplicaciones, desarrolla la configuraci\u00f3n \u00f3ptima para crear soluciones a medida de los usuarios m\u00e1s exigentes.<\/p>\t\t\t\t\t<\/div>\n\t\t\t\t\t\t<\/div>\n\t\t\t\t<\/div>\n\t\t\t\t\t\t<\/div>\n\t\t\t\t\t<\/div>\n\t\t<\/div>\n\t\t\t\t\t\t\t\t<\/div>\n\t\t\t\t\t<\/div>\n\t\t<\/section>\n\t\t\t\t<section class=\"elementor-section elementor-top-section elementor-element elementor-element-333b256 elementor-section-boxed elementor-section-height-default elementor-section-height-default\" data-id=\"333b256\" data-element_type=\"section\">\n\t\t\t\t\t\t<div class=\"elementor-container elementor-column-gap-default\">\n\t\t\t\t\t\t\t<div class=\"elementor-row\">\n\t\t\t\t\t<div class=\"elementor-column elementor-col-25 elementor-top-column elementor-element elementor-element-2e992e9\" data-id=\"2e992e9\" data-element_type=\"column\">\n\t\t\t<div class=\"elementor-column-wrap elementor-element-populated\">\n\t\t\t\t\t\t\t<div class=\"elementor-widget-wrap\">\n\t\t\t\t\t\t<div class=\"elementor-element elementor-element-b720fda elementor-widget elementor-widget-image\" data-id=\"b720fda\" data-element_type=\"widget\" data-widget_type=\"image.default\">\n\t\t\t\t<div class=\"elementor-widget-container\">\n\t\t\t\t\t\t\t\t<div class=\"elementor-image\">\n\t\t\t\t\t\t\t\t\t<figure class=\"wp-caption\">\n\t\t\t\t\t\t\t\t\t\t\t<a href=\"http:\/\/destilacion-rotatoria\">\n\t\t\t\t\t\t\t<img loading=\"lazy\" decoding=\"async\" width=\"300\" height=\"241\" src=\"http:\/\/www.precision.com.gt\/wp-content\/uploads\/2018\/09\/evaporacion-rotatoria-300x241.jpg\" class=\"attachment-medium size-medium\" alt=\"\" srcset=\"http:\/\/www.precision.com.gt\/wp-content\/uploads\/2018\/09\/evaporacion-rotatoria-300x241.jpg 300w, http:\/\/www.precision.com.gt\/wp-content\/uploads\/2018\/09\/evaporacion-rotatoria-150x120.jpg 150w, http:\/\/www.precision.com.gt\/wp-content\/uploads\/2018\/09\/evaporacion-rotatoria-250x201.jpg 250w, http:\/\/www.precision.com.gt\/wp-content\/uploads\/2018\/09\/evaporacion-rotatoria-224x180.jpg 224w, http:\/\/www.precision.com.gt\/wp-content\/uploads\/2018\/09\/evaporacion-rotatoria.jpg 330w\" sizes=\"(max-width: 300px) 100vw, 300px\" \/>\t\t\t\t\t\t\t\t<\/a>\n\t\t\t\t\t\t\t\t\t\t\t<figcaption class=\"widget-image-caption wp-caption-text\">Equipos de Evaporaci\u00f3n<\/figcaption>\n\t\t\t\t\t\t\t\t\t\t<\/figure>\n\t\t\t\t\t\t\t\t<\/div>\n\t\t\t\t\t\t<\/div>\n\t\t\t\t<\/div>\n\t\t\t\t\t\t<\/div>\n\t\t\t\t\t<\/div>\n\t\t<\/div>\n\t\t\t\t<div class=\"elementor-column elementor-col-25 elementor-top-column elementor-element elementor-element-a3e38c2\" data-id=\"a3e38c2\" data-element_type=\"column\">\n\t\t\t<div class=\"elementor-column-wrap elementor-element-populated\">\n\t\t\t\t\t\t\t<div class=\"elementor-widget-wrap\">\n\t\t\t\t\t\t<div class=\"elementor-element elementor-element-4f064da elementor-widget elementor-widget-image\" data-id=\"4f064da\" data-element_type=\"widget\" data-widget_type=\"image.default\">\n\t\t\t\t<div class=\"elementor-widget-container\">\n\t\t\t\t\t\t\t\t<div class=\"elementor-image\">\n\t\t\t\t\t\t\t\t\t<figure class=\"wp-caption\">\n\t\t\t\t\t\t\t\t\t\t\t<a href=\"http:\/\/secdo-por-pulverizacion-y-encapsulado\">\n\t\t\t\t\t\t\t<img loading=\"lazy\" decoding=\"async\" width=\"300\" height=\"241\" src=\"http:\/\/www.precision.com.gt\/wp-content\/uploads\/2018\/09\/Secado-por-Pulverizacion-y-Encapsulado-300x241.jpg\" class=\"attachment-medium size-medium\" alt=\"\" srcset=\"http:\/\/www.precision.com.gt\/wp-content\/uploads\/2018\/09\/Secado-por-Pulverizacion-y-Encapsulado-300x241.jpg 300w, http:\/\/www.precision.com.gt\/wp-content\/uploads\/2018\/09\/Secado-por-Pulverizacion-y-Encapsulado-150x120.jpg 150w, http:\/\/www.precision.com.gt\/wp-content\/uploads\/2018\/09\/Secado-por-Pulverizacion-y-Encapsulado-250x201.jpg 250w, http:\/\/www.precision.com.gt\/wp-content\/uploads\/2018\/09\/Secado-por-Pulverizacion-y-Encapsulado-224x180.jpg 224w, http:\/\/www.precision.com.gt\/wp-content\/uploads\/2018\/09\/Secado-por-Pulverizacion-y-Encapsulado.jpg 330w\" sizes=\"(max-width: 300px) 100vw, 300px\" \/>\t\t\t\t\t\t\t\t<\/a>\n\t\t\t\t\t\t\t\t\t\t\t<figcaption class=\"widget-image-caption wp-caption-text\">Secado por Pulverizaci\u00f3n y Encapsulado<\/figcaption>\n\t\t\t\t\t\t\t\t\t\t<\/figure>\n\t\t\t\t\t\t\t\t<\/div>\n\t\t\t\t\t\t<\/div>\n\t\t\t\t<\/div>\n\t\t\t\t\t\t<\/div>\n\t\t\t\t\t<\/div>\n\t\t<\/div>\n\t\t\t\t<div class=\"elementor-column elementor-col-25 elementor-top-column elementor-element elementor-element-0e70113\" data-id=\"0e70113\" data-element_type=\"column\">\n\t\t\t<div class=\"elementor-column-wrap elementor-element-populated\">\n\t\t\t\t\t\t\t<div class=\"elementor-widget-wrap\">\n\t\t\t\t\t\t<div class=\"elementor-element elementor-element-d47f384 elementor-widget elementor-widget-image\" data-id=\"d47f384\" data-element_type=\"widget\" data-widget_type=\"image.default\">\n\t\t\t\t<div class=\"elementor-widget-container\">\n\t\t\t\t\t\t\t\t<div class=\"elementor-image\">\n\t\t\t\t\t\t\t\t\t<figure class=\"wp-caption\">\n\t\t\t\t\t\t\t\t\t\t\t<a href=\"http:\/\/extraccion\">\n\t\t\t\t\t\t\t<img loading=\"lazy\" decoding=\"async\" width=\"300\" height=\"241\" src=\"http:\/\/www.precision.com.gt\/wp-content\/uploads\/2018\/09\/Soluciones-de-Extraccion-300x241.jpg\" class=\"attachment-medium size-medium\" alt=\"\" srcset=\"http:\/\/www.precision.com.gt\/wp-content\/uploads\/2018\/09\/Soluciones-de-Extraccion-300x241.jpg 300w, http:\/\/www.precision.com.gt\/wp-content\/uploads\/2018\/09\/Soluciones-de-Extraccion-150x120.jpg 150w, http:\/\/www.precision.com.gt\/wp-content\/uploads\/2018\/09\/Soluciones-de-Extraccion-250x201.jpg 250w, http:\/\/www.precision.com.gt\/wp-content\/uploads\/2018\/09\/Soluciones-de-Extraccion-224x180.jpg 224w, http:\/\/www.precision.com.gt\/wp-content\/uploads\/2018\/09\/Soluciones-de-Extraccion.jpg 330w\" sizes=\"(max-width: 300px) 100vw, 300px\" \/>\t\t\t\t\t\t\t\t<\/a>\n\t\t\t\t\t\t\t\t\t\t\t<figcaption class=\"widget-image-caption wp-caption-text\">Soluciones de Extracci\u00f3n<\/figcaption>\n\t\t\t\t\t\t\t\t\t\t<\/figure>\n\t\t\t\t\t\t\t\t<\/div>\n\t\t\t\t\t\t<\/div>\n\t\t\t\t<\/div>\n\t\t\t\t\t\t<\/div>\n\t\t\t\t\t<\/div>\n\t\t<\/div>\n\t\t\t\t<div class=\"elementor-column elementor-col-25 elementor-top-column elementor-element elementor-element-fcee4b1\" data-id=\"fcee4b1\" data-element_type=\"column\">\n\t\t\t<div class=\"elementor-column-wrap elementor-element-populated\">\n\t\t\t\t\t\t\t<div class=\"elementor-widget-wrap\">\n\t\t\t\t\t\t<div class=\"elementor-element elementor-element-6c0efb5 elementor-widget elementor-widget-image\" data-id=\"6c0efb5\" data-element_type=\"widget\" data-widget_type=\"image.default\">\n\t\t\t\t<div class=\"elementor-widget-container\">\n\t\t\t\t\t\t\t\t<div class=\"elementor-image\">\n\t\t\t\t\t\t\t\t\t<figure class=\"wp-caption\">\n\t\t\t\t\t\t\t\t\t\t\t<a href=\"http:\/\/digestion-y-destilacion-2\">\n\t\t\t\t\t\t\t<img loading=\"lazy\" decoding=\"async\" width=\"300\" height=\"241\" src=\"http:\/\/www.precision.com.gt\/wp-content\/uploads\/2018\/09\/Digestion-y-destilacion-300x241.jpg\" class=\"attachment-medium size-medium\" alt=\"\" srcset=\"http:\/\/www.precision.com.gt\/wp-content\/uploads\/2018\/09\/Digestion-y-destilacion-300x241.jpg 300w, http:\/\/www.precision.com.gt\/wp-content\/uploads\/2018\/09\/Digestion-y-destilacion-150x120.jpg 150w, http:\/\/www.precision.com.gt\/wp-content\/uploads\/2018\/09\/Digestion-y-destilacion-250x201.jpg 250w, http:\/\/www.precision.com.gt\/wp-content\/uploads\/2018\/09\/Digestion-y-destilacion-224x180.jpg 224w, http:\/\/www.precision.com.gt\/wp-content\/uploads\/2018\/09\/Digestion-y-destilacion.jpg 330w\" sizes=\"(max-width: 300px) 100vw, 300px\" \/>\t\t\t\t\t\t\t\t<\/a>\n\t\t\t\t\t\t\t\t\t\t\t<figcaption class=\"widget-image-caption wp-caption-text\">Digestion y Destilaci\u00f3n<\/figcaption>\n\t\t\t\t\t\t\t\t\t\t<\/figure>\n\t\t\t\t\t\t\t\t<\/div>\n\t\t\t\t\t\t<\/div>\n\t\t\t\t<\/div>\n\t\t\t\t\t\t<\/div>\n\t\t\t\t\t<\/div>\n\t\t<\/div>\n\t\t\t\t\t\t\t\t<\/div>\n\t\t\t\t\t<\/div>\n\t\t<\/section>\n\t\t\t\t<section class=\"elementor-section elementor-top-section elementor-element elementor-element-5eb60af elementor-section-boxed elementor-section-height-default elementor-section-height-default\" data-id=\"5eb60af\" data-element_type=\"section\">\n\t\t\t\t\t\t<div class=\"elementor-container elementor-column-gap-default\">\n\t\t\t\t\t\t\t<div class=\"elementor-row\">\n\t\t\t\t\t<div class=\"elementor-column elementor-col-25 elementor-top-column elementor-element elementor-element-ed14aaa\" data-id=\"ed14aaa\" data-element_type=\"column\">\n\t\t\t<div class=\"elementor-column-wrap elementor-element-populated\">\n\t\t\t\t\t\t\t<div class=\"elementor-widget-wrap\">\n\t\t\t\t\t\t<div class=\"elementor-element elementor-element-ae0e312 elementor-widget elementor-widget-image\" data-id=\"ae0e312\" data-element_type=\"widget\" data-widget_type=\"image.default\">\n\t\t\t\t<div class=\"elementor-widget-container\">\n\t\t\t\t\t\t\t\t<div class=\"elementor-image\">\n\t\t\t\t\t\t\t\t\t<figure class=\"wp-caption\">\n\t\t\t\t\t\t\t\t\t\t\t<a href=\"http:\/\/cromatografia-preventiva-2\">\n\t\t\t\t\t\t\t<img loading=\"lazy\" decoding=\"async\" width=\"330\" height=\"265\" src=\"http:\/\/www.precision.com.gt\/wp-content\/uploads\/2018\/09\/Cromatograf--a-Preventiva.jpg\" class=\"attachment-large size-large\" alt=\"\" srcset=\"http:\/\/www.precision.com.gt\/wp-content\/uploads\/2018\/09\/Cromatograf--a-Preventiva.jpg 330w, http:\/\/www.precision.com.gt\/wp-content\/uploads\/2018\/09\/Cromatograf--a-Preventiva-150x120.jpg 150w, http:\/\/www.precision.com.gt\/wp-content\/uploads\/2018\/09\/Cromatograf--a-Preventiva-300x241.jpg 300w, http:\/\/www.precision.com.gt\/wp-content\/uploads\/2018\/09\/Cromatograf--a-Preventiva-250x201.jpg 250w, http:\/\/www.precision.com.gt\/wp-content\/uploads\/2018\/09\/Cromatograf--a-Preventiva-224x180.jpg 224w\" sizes=\"(max-width: 330px) 100vw, 330px\" \/>\t\t\t\t\t\t\t\t<\/a>\n\t\t\t\t\t\t\t\t\t\t\t<figcaption class=\"widget-image-caption wp-caption-text\">Cromatograf\u00eda Preventiva<\/figcaption>\n\t\t\t\t\t\t\t\t\t\t<\/figure>\n\t\t\t\t\t\t\t\t<\/div>\n\t\t\t\t\t\t<\/div>\n\t\t\t\t<\/div>\n\t\t\t\t\t\t<\/div>\n\t\t\t\t\t<\/div>\n\t\t<\/div>\n\t\t\t\t<div class=\"elementor-column elementor-col-25 elementor-top-column elementor-element elementor-element-8805d3d\" data-id=\"8805d3d\" data-element_type=\"column\">\n\t\t\t<div class=\"elementor-column-wrap elementor-element-populated\">\n\t\t\t\t\t\t\t<div class=\"elementor-widget-wrap\">\n\t\t\t\t\t\t<div class=\"elementor-element elementor-element-92757fa elementor-widget elementor-widget-image\" data-id=\"92757fa\" data-element_type=\"widget\" data-widget_type=\"image.default\">\n\t\t\t\t<div class=\"elementor-widget-container\">\n\t\t\t\t\t\t\t\t<div class=\"elementor-image\">\n\t\t\t\t\t\t\t\t\t<figure class=\"wp-caption\">\n\t\t\t\t\t\t\t\t\t\t\t<a href=\"http:\/\/nir-solutions\">\n\t\t\t\t\t\t\t<img loading=\"lazy\" decoding=\"async\" width=\"300\" height=\"241\" src=\"http:\/\/www.precision.com.gt\/wp-content\/uploads\/2018\/09\/NIRSolutions-300x241.jpg\" class=\"attachment-medium size-medium\" alt=\"\" srcset=\"http:\/\/www.precision.com.gt\/wp-content\/uploads\/2018\/09\/NIRSolutions-300x241.jpg 300w, http:\/\/www.precision.com.gt\/wp-content\/uploads\/2018\/09\/NIRSolutions-150x120.jpg 150w, http:\/\/www.precision.com.gt\/wp-content\/uploads\/2018\/09\/NIRSolutions-250x201.jpg 250w, http:\/\/www.precision.com.gt\/wp-content\/uploads\/2018\/09\/NIRSolutions-224x180.jpg 224w, http:\/\/www.precision.com.gt\/wp-content\/uploads\/2018\/09\/NIRSolutions.jpg 330w\" sizes=\"(max-width: 300px) 100vw, 300px\" \/>\t\t\t\t\t\t\t\t<\/a>\n\t\t\t\t\t\t\t\t\t\t\t<figcaption class=\"widget-image-caption wp-caption-text\">NIR Solutions<\/figcaption>\n\t\t\t\t\t\t\t\t\t\t<\/figure>\n\t\t\t\t\t\t\t\t<\/div>\n\t\t\t\t\t\t<\/div>\n\t\t\t\t<\/div>\n\t\t\t\t\t\t<\/div>\n\t\t\t\t\t<\/div>\n\t\t<\/div>\n\t\t\t\t<div class=\"elementor-column elementor-col-25 elementor-top-column elementor-element elementor-element-032936d\" data-id=\"032936d\" data-element_type=\"column\">\n\t\t\t<div class=\"elementor-column-wrap elementor-element-populated\">\n\t\t\t\t\t\t\t<div class=\"elementor-widget-wrap\">\n\t\t\t\t\t\t<div class=\"elementor-element elementor-element-4f27eb9 elementor-widget elementor-widget-image\" data-id=\"4f27eb9\" data-element_type=\"widget\" data-widget_type=\"image.default\">\n\t\t\t\t<div class=\"elementor-widget-container\">\n\t\t\t\t\t\t\t\t<div class=\"elementor-image\">\n\t\t\t\t\t\t\t\t\t<figure class=\"wp-caption\">\n\t\t\t\t\t\t\t\t\t\t\t<a href=\"http:\/\/liofilizacion\">\n\t\t\t\t\t\t\t<img loading=\"lazy\" decoding=\"async\" width=\"300\" height=\"196\" src=\"http:\/\/www.precision.com.gt\/wp-content\/uploads\/2018\/10\/Liofilizacion-buchi-300x196.jpg\" class=\"attachment-medium size-medium\" alt=\"\" srcset=\"http:\/\/www.precision.com.gt\/wp-content\/uploads\/2018\/10\/Liofilizacion-buchi-300x196.jpg 300w, http:\/\/www.precision.com.gt\/wp-content\/uploads\/2018\/10\/Liofilizacion-buchi-150x98.jpg 150w, http:\/\/www.precision.com.gt\/wp-content\/uploads\/2018\/10\/Liofilizacion-buchi-250x164.jpg 250w, http:\/\/www.precision.com.gt\/wp-content\/uploads\/2018\/10\/Liofilizacion-buchi.jpg 550w, http:\/\/www.precision.com.gt\/wp-content\/uploads\/2018\/10\/Liofilizacion-buchi-275x180.jpg 275w, http:\/\/www.precision.com.gt\/wp-content\/uploads\/2018\/10\/Liofilizacion-buchi-458x300.jpg 458w\" sizes=\"(max-width: 300px) 100vw, 300px\" \/>\t\t\t\t\t\t\t\t<\/a>\n\t\t\t\t\t\t\t\t\t\t\t<figcaption class=\"widget-image-caption wp-caption-text\">Liofilizaci\u00f3n<\/figcaption>\n\t\t\t\t\t\t\t\t\t\t<\/figure>\n\t\t\t\t\t\t\t\t<\/div>\n\t\t\t\t\t\t<\/div>\n\t\t\t\t<\/div>\n\t\t\t\t\t\t<\/div>\n\t\t\t\t\t<\/div>\n\t\t<\/div>\n\t\t\t\t<div class=\"elementor-column elementor-col-25 elementor-top-column elementor-element elementor-element-ded0b92\" data-id=\"ded0b92\" data-element_type=\"column\">\n\t\t\t<div class=\"elementor-column-wrap\">\n\t\t\t\t\t\t\t<div class=\"elementor-widget-wrap\">\n\t\t\t\t\t\t\t\t<\/div>\n\t\t\t\t\t<\/div>\n\t\t<\/div>\n\t\t\t\t\t\t\t\t<\/div>\n\t\t\t\t\t<\/div>\n\t\t<\/section>\n\t\t\t\t\t\t\t\t\t<\/div>\n\t\t\t<\/div>\n\t\t\t\t\t<\/div>\n\t\t","protected":false},"excerpt":{"rendered":"B\u00fcchi es proveedor mundial de tecnolog\u00edas clave como, evaporaci\u00f3n y separaci\u00f3n, espectroscopia de infrarrojo cercano, Kjeldahl y extracci\u00f3n, entre otros para el control de la calidad y la investigaci\u00f3n y desarrollo. Su objetivo es mantener un alto nivel de competencia en el desarrollo de los productos, la fabricaci\u00f3n y las aplicaciones relacionadas con estas tecnolog\u00edas.B\u00fcchi [&hellip;]","protected":false},"author":3,"featured_media":0,"parent":0,"menu_order":0,"comment_status":"closed","ping_status":"closed","template":"","meta":{"footnotes":""},"_links":{"self":[{"href":"http:\/\/www.precision.com.gt\/home\/wp-json\/wp\/v2\/pages\/702"}],"collection":[{"href":"http:\/\/www.precision.com.gt\/home\/wp-json\/wp\/v2\/pages"}],"about":[{"href":"http:\/\/www.precision.com.gt\/home\/wp-json\/wp\/v2\/types\/page"}],"author":[{"embeddable":true,"href":"http:\/\/www.precision.com.gt\/home\/wp-json\/wp\/v2\/users\/3"}],"replies":[{"embeddable":true,"href":"http:\/\/www.precision.com.gt\/home\/wp-json\/wp\/v2\/comments?post=702"}],"version-history":[{"count":14,"href":"http:\/\/www.precision.com.gt\/home\/wp-json\/wp\/v2\/pages\/702\/revisions"}],"predecessor-version":[{"id":1131,"href":"http:\/\/www.precision.com.gt\/home\/wp-json\/wp\/v2\/pages\/702\/revisions\/1131"}],"wp:attachment":[{"href":"http:\/\/www.precision.com.gt\/home\/wp-json\/wp\/v2\/media?parent=702"}],"curies":[{"name":"wp","href":"https:\/\/api.w.org\/{rel}","templated":true}]}}