{"id":706,"date":"2018-09-03T08:39:26","date_gmt":"2018-09-03T14:39:26","guid":{"rendered":"http:\/\/www.precision.com.gt\/?page_id=706"},"modified":"2019-02-25T16:15:30","modified_gmt":"2019-02-25T22:15:30","slug":"leica-microsystems","status":"publish","type":"page","link":"http:\/\/www.precision.com.gt\/home\/leica-microsystems\/","title":{"rendered":"Leica Microsystems"},"content":{"rendered":"\t\t<div data-elementor-type=\"wp-post\" data-elementor-id=\"706\" class=\"elementor elementor-706 elementor-bc-flex-widget\">\n\t\t\t\t\t\t<div class=\"elementor-inner\">\n\t\t\t\t<div class=\"elementor-section-wrap\">\n\t\t\t\t\t\t\t\t\t<section class=\"elementor-section elementor-top-section elementor-element elementor-element-706cdea5 elementor-section-boxed elementor-section-height-default elementor-section-height-default\" data-id=\"706cdea5\" data-element_type=\"section\">\n\t\t\t\t\t\t<div class=\"elementor-container elementor-column-gap-default\">\n\t\t\t\t\t\t\t<div class=\"elementor-row\">\n\t\t\t\t\t<div class=\"elementor-column elementor-col-100 elementor-top-column elementor-element elementor-element-7182a447\" data-id=\"7182a447\" data-element_type=\"column\">\n\t\t\t<div class=\"elementor-column-wrap elementor-element-populated\">\n\t\t\t\t\t\t\t<div class=\"elementor-widget-wrap\">\n\t\t\t\t\t\t<div class=\"elementor-element elementor-element-3434904f elementor-widget elementor-widget-image\" data-id=\"3434904f\" data-element_type=\"widget\" data-widget_type=\"image.default\">\n\t\t\t\t<div class=\"elementor-widget-container\">\n\t\t\t\t\t\t\t\t<div class=\"elementor-image\">\n\t\t\t\t\t\t\t\t\t\t\t\t<img loading=\"lazy\" decoding=\"async\" width=\"1400\" height=\"520\" src=\"http:\/\/www.precision.com.gt\/wp-content\/uploads\/2015\/06\/leica-microsystems-banner-optimized.jpg\" class=\"attachment-full size-full\" alt=\"Leica Microsystems - Living up to life\" srcset=\"http:\/\/www.precision.com.gt\/wp-content\/uploads\/2015\/06\/leica-microsystems-banner-optimized.jpg 1400w, http:\/\/www.precision.com.gt\/wp-content\/uploads\/2015\/06\/leica-microsystems-banner-optimized-150x56.jpg 150w, http:\/\/www.precision.com.gt\/wp-content\/uploads\/2015\/06\/leica-microsystems-banner-optimized-300x111.jpg 300w, http:\/\/www.precision.com.gt\/wp-content\/uploads\/2015\/06\/leica-microsystems-banner-optimized-1024x380.jpg 1024w, http:\/\/www.precision.com.gt\/wp-content\/uploads\/2015\/06\/leica-microsystems-banner-optimized-250x93.jpg 250w, http:\/\/www.precision.com.gt\/wp-content\/uploads\/2015\/06\/leica-microsystems-banner-optimized-550x204.jpg 550w, http:\/\/www.precision.com.gt\/wp-content\/uploads\/2015\/06\/leica-microsystems-banner-optimized-800x297.jpg 800w, http:\/\/www.precision.com.gt\/wp-content\/uploads\/2015\/06\/leica-microsystems-banner-optimized-485x180.jpg 485w, http:\/\/www.precision.com.gt\/wp-content\/uploads\/2015\/06\/leica-microsystems-banner-optimized-808x300.jpg 808w, http:\/\/www.precision.com.gt\/wp-content\/uploads\/2015\/06\/leica-microsystems-banner-optimized-1346x500.jpg 1346w\" sizes=\"(max-width: 1400px) 100vw, 1400px\" \/>\t\t\t\t\t\t\t\t\t\t\t\t\t\t<\/div>\n\t\t\t\t\t\t<\/div>\n\t\t\t\t<\/div>\n\t\t\t\t\t\t<\/div>\n\t\t\t\t\t<\/div>\n\t\t<\/div>\n\t\t\t\t\t\t\t\t<\/div>\n\t\t\t\t\t<\/div>\n\t\t<\/section>\n\t\t\t\t<section class=\"elementor-section elementor-top-section elementor-element elementor-element-72691a6c elementor-section-boxed elementor-section-height-default elementor-section-height-default\" data-id=\"72691a6c\" data-element_type=\"section\">\n\t\t\t\t\t\t<div class=\"elementor-container elementor-column-gap-default\">\n\t\t\t\t\t\t\t<div class=\"elementor-row\">\n\t\t\t\t\t<div class=\"elementor-column elementor-col-66 elementor-top-column elementor-element elementor-element-2aa72b94\" data-id=\"2aa72b94\" data-element_type=\"column\">\n\t\t\t<div class=\"elementor-column-wrap elementor-element-populated\">\n\t\t\t\t\t\t\t<div class=\"elementor-widget-wrap\">\n\t\t\t\t\t\t<div class=\"elementor-element elementor-element-37f78277 elementor-widget elementor-widget-image\" data-id=\"37f78277\" data-element_type=\"widget\" data-widget_type=\"image.default\">\n\t\t\t\t<div class=\"elementor-widget-container\">\n\t\t\t\t\t\t\t\t<div class=\"elementor-image\">\n\t\t\t\t\t\t\t\t\t\t\t\t\t<a href=\"https:\/\/www.leica-microsystems.com\/es\/\">\n\t\t\t\t\t\t\t<img loading=\"lazy\" decoding=\"async\" width=\"286\" height=\"176\" src=\"http:\/\/www.precision.com.gt\/wp-content\/uploads\/2018\/09\/Logo-Leica-Microsystems.png\" class=\"attachment-medium size-medium\" alt=\"\" srcset=\"http:\/\/www.precision.com.gt\/wp-content\/uploads\/2018\/09\/Logo-Leica-Microsystems.png 286w, http:\/\/www.precision.com.gt\/wp-content\/uploads\/2018\/09\/Logo-Leica-Microsystems-150x92.png 150w, http:\/\/www.precision.com.gt\/wp-content\/uploads\/2018\/09\/Logo-Leica-Microsystems-250x154.png 250w\" sizes=\"(max-width: 286px) 100vw, 286px\" \/>\t\t\t\t\t\t\t\t<\/a>\n\t\t\t\t\t\t\t\t\t\t\t\t\t\t<\/div>\n\t\t\t\t\t\t<\/div>\n\t\t\t\t<\/div>\n\t\t\t\t\t\t<\/div>\n\t\t\t\t\t<\/div>\n\t\t<\/div>\n\t\t\t\t<div class=\"elementor-column elementor-col-33 elementor-top-column elementor-element elementor-element-56c2a3cf\" data-id=\"56c2a3cf\" data-element_type=\"column\">\n\t\t\t<div class=\"elementor-column-wrap elementor-element-populated\">\n\t\t\t\t\t\t\t<div class=\"elementor-widget-wrap\">\n\t\t\t\t\t\t<div class=\"elementor-element elementor-element-4fd83f7c elementor-widget elementor-widget-text-editor\" data-id=\"4fd83f7c\" data-element_type=\"widget\" data-widget_type=\"text-editor.default\">\n\t\t\t\t<div class=\"elementor-widget-container\">\n\t\t\t\t\t\t\t\t<div class=\"elementor-text-editor elementor-clearfix\">\n\t\t\t\t<p>Leica Microsystems desarrolla y fabrica microscopios e instrumentos cient\u00edficos para el an\u00e1lisis de microestructuras y nanoestructuras. La empresa ampliamente reconocida por su precisi\u00f3n \u00f3ptica y su tecnolog\u00eda innovadora, es una de las l\u00edderes del mercado en microscop\u00eda compuesta y estereosc\u00f3pica, microscop\u00eda digital, de escaneado l\u00e1ser confocal y de superresoluci\u00f3n con sistemas de imagen relacionados, preparaci\u00f3n de muestras para microscop\u00eda electr\u00f3nica y microscop\u00eda quir\u00fargica.<\/p>\t\t\t\t\t<\/div>\n\t\t\t\t\t\t<\/div>\n\t\t\t\t<\/div>\n\t\t\t\t\t\t<\/div>\n\t\t\t\t\t<\/div>\n\t\t<\/div>\n\t\t\t\t\t\t\t\t<\/div>\n\t\t\t\t\t<\/div>\n\t\t<\/section>\n\t\t\t\t<section class=\"elementor-section elementor-top-section elementor-element elementor-element-170f94b2 elementor-section-boxed elementor-section-height-default elementor-section-height-default\" data-id=\"170f94b2\" data-element_type=\"section\">\n\t\t\t\t\t\t<div class=\"elementor-container elementor-column-gap-default\">\n\t\t\t\t\t\t\t<div class=\"elementor-row\">\n\t\t\t\t\t<div class=\"elementor-column elementor-col-25 elementor-top-column elementor-element elementor-element-410dd07d\" data-id=\"410dd07d\" data-element_type=\"column\">\n\t\t\t<div class=\"elementor-column-wrap elementor-element-populated\">\n\t\t\t\t\t\t\t<div class=\"elementor-widget-wrap\">\n\t\t\t\t\t\t<div class=\"elementor-element elementor-element-bbe6010 elementor-widget elementor-widget-image\" data-id=\"bbe6010\" data-element_type=\"widget\" data-widget_type=\"image.default\">\n\t\t\t\t<div class=\"elementor-widget-container\">\n\t\t\t\t\t\t\t\t<div class=\"elementor-image\">\n\t\t\t\t\t\t\t\t\t<figure class=\"wp-caption\">\n\t\t\t\t\t\t\t\t\t\t\t<a href=\"http:\/\/www.precision.com.gt\/home\/leica-microsystems\/microscopios-opticos\/\">\n\t\t\t\t\t\t\t<img loading=\"lazy\" decoding=\"async\" width=\"300\" height=\"152\" src=\"http:\/\/www.precision.com.gt\/wp-content\/uploads\/2019\/02\/optica-300x152.jpg\" class=\"attachment-medium size-medium\" alt=\"\" srcset=\"http:\/\/www.precision.com.gt\/wp-content\/uploads\/2019\/02\/optica-300x152.jpg 300w, http:\/\/www.precision.com.gt\/wp-content\/uploads\/2019\/02\/optica-150x76.jpg 150w, http:\/\/www.precision.com.gt\/wp-content\/uploads\/2019\/02\/optica-250x127.jpg 250w, http:\/\/www.precision.com.gt\/wp-content\/uploads\/2019\/02\/optica-550x279.jpg 550w, http:\/\/www.precision.com.gt\/wp-content\/uploads\/2019\/02\/optica-355x180.jpg 355w, http:\/\/www.precision.com.gt\/wp-content\/uploads\/2019\/02\/optica-592x300.jpg 592w, http:\/\/www.precision.com.gt\/wp-content\/uploads\/2019\/02\/optica.jpg 673w\" sizes=\"(max-width: 300px) 100vw, 300px\" \/>\t\t\t\t\t\t\t\t<\/a>\n\t\t\t\t\t\t\t\t\t\t\t<figcaption class=\"widget-image-caption wp-caption-text\">Microscopios \u00d3pticos<\/figcaption>\n\t\t\t\t\t\t\t\t\t\t<\/figure>\n\t\t\t\t\t\t\t\t<\/div>\n\t\t\t\t\t\t<\/div>\n\t\t\t\t<\/div>\n\t\t\t\t<div class=\"elementor-element elementor-element-14c2cf40 elementor-widget elementor-widget-image\" data-id=\"14c2cf40\" data-element_type=\"widget\" data-widget_type=\"image.default\">\n\t\t\t\t<div class=\"elementor-widget-container\">\n\t\t\t\t\t\t\t\t<div class=\"elementor-image\">\n\t\t\t\t\t\t\t\t\t<figure class=\"wp-caption\">\n\t\t\t\t\t\t\t\t\t\t\t<a href=\"http:\/\/ciencias-forences\">\n\t\t\t\t\t\t\t<img loading=\"lazy\" decoding=\"async\" width=\"300\" height=\"200\" src=\"http:\/\/www.precision.com.gt\/wp-content\/uploads\/2018\/09\/Forenses-300x200.jpg\" class=\"attachment-medium size-medium\" alt=\"\" srcset=\"http:\/\/www.precision.com.gt\/wp-content\/uploads\/2018\/09\/Forenses-300x200.jpg 300w, http:\/\/www.precision.com.gt\/wp-content\/uploads\/2018\/09\/Forenses-150x100.jpg 150w, http:\/\/www.precision.com.gt\/wp-content\/uploads\/2018\/09\/Forenses-250x167.jpg 250w, http:\/\/www.precision.com.gt\/wp-content\/uploads\/2018\/09\/Forenses-270x180.jpg 270w, http:\/\/www.precision.com.gt\/wp-content\/uploads\/2018\/09\/Forenses-450x300.jpg 450w, http:\/\/www.precision.com.gt\/wp-content\/uploads\/2018\/09\/Forenses.jpg 520w\" sizes=\"(max-width: 300px) 100vw, 300px\" \/>\t\t\t\t\t\t\t\t<\/a>\n\t\t\t\t\t\t\t\t\t\t\t<figcaption class=\"widget-image-caption wp-caption-text\">Microscopios Forences<\/figcaption>\n\t\t\t\t\t\t\t\t\t\t<\/figure>\n\t\t\t\t\t\t\t\t<\/div>\n\t\t\t\t\t\t<\/div>\n\t\t\t\t<\/div>\n\t\t\t\t\t\t<\/div>\n\t\t\t\t\t<\/div>\n\t\t<\/div>\n\t\t\t\t<div class=\"elementor-column elementor-col-25 elementor-top-column elementor-element elementor-element-3ccc9239\" data-id=\"3ccc9239\" data-element_type=\"column\">\n\t\t\t<div class=\"elementor-column-wrap elementor-element-populated\">\n\t\t\t\t\t\t\t<div class=\"elementor-widget-wrap\">\n\t\t\t\t\t\t<div class=\"elementor-element elementor-element-447b5a7 elementor-widget elementor-widget-image\" data-id=\"447b5a7\" data-element_type=\"widget\" data-widget_type=\"image.default\">\n\t\t\t\t<div class=\"elementor-widget-container\">\n\t\t\t\t\t\t\t\t<div class=\"elementor-image\">\n\t\t\t\t\t\t\t\t\t<figure class=\"wp-caption\">\n\t\t\t\t\t\t\t\t\t\t\t<a href=\"http:\/\/www.precision.com.gt\/home\/leica-microsystems\/estereomicroscopios-micro\/\">\n\t\t\t\t\t\t\t<img loading=\"lazy\" decoding=\"async\" width=\"300\" height=\"200\" src=\"http:\/\/www.precision.com.gt\/wp-content\/uploads\/2019\/02\/estereo-300x200.jpg\" class=\"attachment-medium size-medium\" alt=\"\" srcset=\"http:\/\/www.precision.com.gt\/wp-content\/uploads\/2019\/02\/estereo-300x200.jpg 300w, http:\/\/www.precision.com.gt\/wp-content\/uploads\/2019\/02\/estereo-150x100.jpg 150w, http:\/\/www.precision.com.gt\/wp-content\/uploads\/2019\/02\/estereo-768x512.jpg 768w, http:\/\/www.precision.com.gt\/wp-content\/uploads\/2019\/02\/estereo-250x167.jpg 250w, http:\/\/www.precision.com.gt\/wp-content\/uploads\/2019\/02\/estereo-550x367.jpg 550w, http:\/\/www.precision.com.gt\/wp-content\/uploads\/2019\/02\/estereo-800x534.jpg 800w, http:\/\/www.precision.com.gt\/wp-content\/uploads\/2019\/02\/estereo-270x180.jpg 270w, http:\/\/www.precision.com.gt\/wp-content\/uploads\/2019\/02\/estereo-450x300.jpg 450w, http:\/\/www.precision.com.gt\/wp-content\/uploads\/2019\/02\/estereo-750x500.jpg 750w, http:\/\/www.precision.com.gt\/wp-content\/uploads\/2019\/02\/estereo.jpg 1000w\" sizes=\"(max-width: 300px) 100vw, 300px\" \/>\t\t\t\t\t\t\t\t<\/a>\n\t\t\t\t\t\t\t\t\t\t\t<figcaption class=\"widget-image-caption wp-caption-text\">Estereomicroscopios<\/figcaption>\n\t\t\t\t\t\t\t\t\t\t<\/figure>\n\t\t\t\t\t\t\t\t<\/div>\n\t\t\t\t\t\t<\/div>\n\t\t\t\t<\/div>\n\t\t\t\t<div class=\"elementor-element elementor-element-6d2c7c10 elementor-widget elementor-widget-image\" data-id=\"6d2c7c10\" data-element_type=\"widget\" data-widget_type=\"image.default\">\n\t\t\t\t<div class=\"elementor-widget-container\">\n\t\t\t\t\t\t\t\t<div class=\"elementor-image\">\n\t\t\t\t\t\t\t\t\t<figure class=\"wp-caption\">\n\t\t\t\t\t\t\t\t\t\t\t<a href=\"http:\/\/www.precision.com.gt\/home\/leica-microsystems\/camaras-microscopia\/\">\n\t\t\t\t\t\t\t<img loading=\"lazy\" decoding=\"async\" width=\"300\" height=\"186\" src=\"http:\/\/www.precision.com.gt\/wp-content\/uploads\/2019\/02\/camaras-300x186.jpg\" class=\"attachment-medium size-medium\" alt=\"\" srcset=\"http:\/\/www.precision.com.gt\/wp-content\/uploads\/2019\/02\/camaras-300x186.jpg 300w, http:\/\/www.precision.com.gt\/wp-content\/uploads\/2019\/02\/camaras-150x93.jpg 150w, http:\/\/www.precision.com.gt\/wp-content\/uploads\/2019\/02\/camaras-768x476.jpg 768w, http:\/\/www.precision.com.gt\/wp-content\/uploads\/2019\/02\/camaras.jpg 1024w, http:\/\/www.precision.com.gt\/wp-content\/uploads\/2019\/02\/camaras-250x155.jpg 250w, http:\/\/www.precision.com.gt\/wp-content\/uploads\/2019\/02\/camaras-550x341.jpg 550w, http:\/\/www.precision.com.gt\/wp-content\/uploads\/2019\/02\/camaras-800x495.jpg 800w, http:\/\/www.precision.com.gt\/wp-content\/uploads\/2019\/02\/camaras-291x180.jpg 291w, http:\/\/www.precision.com.gt\/wp-content\/uploads\/2019\/02\/camaras-485x300.jpg 485w, http:\/\/www.precision.com.gt\/wp-content\/uploads\/2019\/02\/camaras-808x500.jpg 808w\" sizes=\"(max-width: 300px) 100vw, 300px\" \/>\t\t\t\t\t\t\t\t<\/a>\n\t\t\t\t\t\t\t\t\t\t\t<figcaption class=\"widget-image-caption wp-caption-text\">C\u00e1maras para Microscop\u00eda<\/figcaption>\n\t\t\t\t\t\t\t\t\t\t<\/figure>\n\t\t\t\t\t\t\t\t<\/div>\n\t\t\t\t\t\t<\/div>\n\t\t\t\t<\/div>\n\t\t\t\t\t\t<\/div>\n\t\t\t\t\t<\/div>\n\t\t<\/div>\n\t\t\t\t<div class=\"elementor-column elementor-col-25 elementor-top-column elementor-element elementor-element-2085c324\" data-id=\"2085c324\" data-element_type=\"column\">\n\t\t\t<div class=\"elementor-column-wrap elementor-element-populated\">\n\t\t\t\t\t\t\t<div class=\"elementor-widget-wrap\">\n\t\t\t\t\t\t<div class=\"elementor-element elementor-element-523ed7b3 elementor-widget elementor-widget-image\" data-id=\"523ed7b3\" data-element_type=\"widget\" data-widget_type=\"image.default\">\n\t\t\t\t<div class=\"elementor-widget-container\">\n\t\t\t\t\t\t\t\t<div class=\"elementor-image\">\n\t\t\t\t\t\t\t\t\t<figure class=\"wp-caption\">\n\t\t\t\t\t\t\t\t\t\t\t<a href=\"http:\/\/microscopios-digitales\">\n\t\t\t\t\t\t\t<img loading=\"lazy\" decoding=\"async\" width=\"300\" height=\"200\" src=\"http:\/\/www.precision.com.gt\/wp-content\/uploads\/2018\/09\/Ciencias-de-la-vida-300x200.jpg\" class=\"attachment-medium size-medium\" alt=\"\" srcset=\"http:\/\/www.precision.com.gt\/wp-content\/uploads\/2018\/09\/Ciencias-de-la-vida-300x200.jpg 300w, http:\/\/www.precision.com.gt\/wp-content\/uploads\/2018\/09\/Ciencias-de-la-vida-150x100.jpg 150w, http:\/\/www.precision.com.gt\/wp-content\/uploads\/2018\/09\/Ciencias-de-la-vida-250x167.jpg 250w, http:\/\/www.precision.com.gt\/wp-content\/uploads\/2018\/09\/Ciencias-de-la-vida-270x180.jpg 270w, http:\/\/www.precision.com.gt\/wp-content\/uploads\/2018\/09\/Ciencias-de-la-vida-450x300.jpg 450w, http:\/\/www.precision.com.gt\/wp-content\/uploads\/2018\/09\/Ciencias-de-la-vida.jpg 520w\" sizes=\"(max-width: 300px) 100vw, 300px\" \/>\t\t\t\t\t\t\t\t<\/a>\n\t\t\t\t\t\t\t\t\t\t\t<figcaption class=\"widget-image-caption wp-caption-text\">Microscopios Digitales<\/figcaption>\n\t\t\t\t\t\t\t\t\t\t<\/figure>\n\t\t\t\t\t\t\t\t<\/div>\n\t\t\t\t\t\t<\/div>\n\t\t\t\t<\/div>\n\t\t\t\t<div class=\"elementor-element elementor-element-62432dd elementor-widget elementor-widget-image\" data-id=\"62432dd\" data-element_type=\"widget\" data-widget_type=\"image.default\">\n\t\t\t\t<div class=\"elementor-widget-container\">\n\t\t\t\t\t\t\t\t<div class=\"elementor-image\">\n\t\t\t\t\t\t\t\t\t<figure class=\"wp-caption\">\n\t\t\t\t\t\t\t\t\t\t\t<a href=\"http:\/\/www.precision.com.gt\/home\/leica-microsystems\/software-leica-micro\/\">\n\t\t\t\t\t\t\t<img loading=\"lazy\" decoding=\"async\" width=\"300\" height=\"133\" src=\"http:\/\/www.precision.com.gt\/wp-content\/uploads\/2019\/02\/software-300x133.jpg\" class=\"attachment-medium size-medium\" alt=\"\" srcset=\"http:\/\/www.precision.com.gt\/wp-content\/uploads\/2019\/02\/software-300x133.jpg 300w, http:\/\/www.precision.com.gt\/wp-content\/uploads\/2019\/02\/software-150x67.jpg 150w, http:\/\/www.precision.com.gt\/wp-content\/uploads\/2019\/02\/software-768x342.jpg 768w, http:\/\/www.precision.com.gt\/wp-content\/uploads\/2019\/02\/software-1024x456.jpg 1024w, http:\/\/www.precision.com.gt\/wp-content\/uploads\/2019\/02\/software-250x111.jpg 250w, http:\/\/www.precision.com.gt\/wp-content\/uploads\/2019\/02\/software-550x245.jpg 550w, http:\/\/www.precision.com.gt\/wp-content\/uploads\/2019\/02\/software-800x356.jpg 800w, http:\/\/www.precision.com.gt\/wp-content\/uploads\/2019\/02\/software-405x180.jpg 405w, http:\/\/www.precision.com.gt\/wp-content\/uploads\/2019\/02\/software-674x300.jpg 674w, http:\/\/www.precision.com.gt\/wp-content\/uploads\/2019\/02\/software-1124x500.jpg 1124w, http:\/\/www.precision.com.gt\/wp-content\/uploads\/2019\/02\/software.jpg 1654w\" sizes=\"(max-width: 300px) 100vw, 300px\" \/>\t\t\t\t\t\t\t\t<\/a>\n\t\t\t\t\t\t\t\t\t\t\t<figcaption class=\"widget-image-caption wp-caption-text\">Software<\/figcaption>\n\t\t\t\t\t\t\t\t\t\t<\/figure>\n\t\t\t\t\t\t\t\t<\/div>\n\t\t\t\t\t\t<\/div>\n\t\t\t\t<\/div>\n\t\t\t\t\t\t<\/div>\n\t\t\t\t\t<\/div>\n\t\t<\/div>\n\t\t\t\t<div class=\"elementor-column elementor-col-25 elementor-top-column elementor-element elementor-element-3aa711fa\" data-id=\"3aa711fa\" data-element_type=\"column\">\n\t\t\t<div class=\"elementor-column-wrap elementor-element-populated\">\n\t\t\t\t\t\t\t<div class=\"elementor-widget-wrap\">\n\t\t\t\t\t\t<div class=\"elementor-element elementor-element-50f9d57a elementor-widget elementor-widget-image\" data-id=\"50f9d57a\" data-element_type=\"widget\" data-widget_type=\"image.default\">\n\t\t\t\t<div class=\"elementor-widget-container\">\n\t\t\t\t\t\t\t\t<div class=\"elementor-image\">\n\t\t\t\t\t\t\t\t\t<figure class=\"wp-caption\">\n\t\t\t\t\t\t\t\t\t\t\t<a href=\"http:\/\/micros-quirurjicos\">\n\t\t\t\t\t\t\t<img loading=\"lazy\" decoding=\"async\" width=\"300\" height=\"200\" src=\"http:\/\/www.precision.com.gt\/wp-content\/uploads\/2018\/09\/Microscopia-Medica-300x200.jpg\" class=\"attachment-medium size-medium\" alt=\"\" srcset=\"http:\/\/www.precision.com.gt\/wp-content\/uploads\/2018\/09\/Microscopia-Medica-300x200.jpg 300w, http:\/\/www.precision.com.gt\/wp-content\/uploads\/2018\/09\/Microscopia-Medica-150x100.jpg 150w, http:\/\/www.precision.com.gt\/wp-content\/uploads\/2018\/09\/Microscopia-Medica-250x167.jpg 250w, http:\/\/www.precision.com.gt\/wp-content\/uploads\/2018\/09\/Microscopia-Medica-270x180.jpg 270w, http:\/\/www.precision.com.gt\/wp-content\/uploads\/2018\/09\/Microscopia-Medica-450x300.jpg 450w, http:\/\/www.precision.com.gt\/wp-content\/uploads\/2018\/09\/Microscopia-Medica.jpg 520w\" sizes=\"(max-width: 300px) 100vw, 300px\" \/>\t\t\t\t\t\t\t\t<\/a>\n\t\t\t\t\t\t\t\t\t\t\t<figcaption class=\"widget-image-caption wp-caption-text\">Microscopios Quirurgicos<\/figcaption>\n\t\t\t\t\t\t\t\t\t\t<\/figure>\n\t\t\t\t\t\t\t\t<\/div>\n\t\t\t\t\t\t<\/div>\n\t\t\t\t<\/div>\n\t\t\t\t\t\t<\/div>\n\t\t\t\t\t<\/div>\n\t\t<\/div>\n\t\t\t\t\t\t\t\t<\/div>\n\t\t\t\t\t<\/div>\n\t\t<\/section>\n\t\t\t\t\t\t\t\t\t<\/div>\n\t\t\t<\/div>\n\t\t\t\t\t<\/div>\n\t\t","protected":false},"excerpt":{"rendered":"Leica Microsystems desarrolla y fabrica microscopios e instrumentos cient\u00edficos para el an\u00e1lisis de microestructuras y nanoestructuras. La empresa ampliamente reconocida por su precisi\u00f3n \u00f3ptica y su tecnolog\u00eda innovadora, es una de las l\u00edderes del mercado en microscop\u00eda compuesta y estereosc\u00f3pica, microscop\u00eda digital, de escaneado l\u00e1ser confocal y de superresoluci\u00f3n con sistemas de imagen relacionados, preparaci\u00f3n [&hellip;]","protected":false},"author":3,"featured_media":0,"parent":0,"menu_order":0,"comment_status":"closed","ping_status":"closed","template":"","meta":{"footnotes":""},"_links":{"self":[{"href":"http:\/\/www.precision.com.gt\/home\/wp-json\/wp\/v2\/pages\/706"}],"collection":[{"href":"http:\/\/www.precision.com.gt\/home\/wp-json\/wp\/v2\/pages"}],"about":[{"href":"http:\/\/www.precision.com.gt\/home\/wp-json\/wp\/v2\/types\/page"}],"author":[{"embeddable":true,"href":"http:\/\/www.precision.com.gt\/home\/wp-json\/wp\/v2\/users\/3"}],"replies":[{"embeddable":true,"href":"http:\/\/www.precision.com.gt\/home\/wp-json\/wp\/v2\/comments?post=706"}],"version-history":[{"count":9,"href":"http:\/\/www.precision.com.gt\/home\/wp-json\/wp\/v2\/pages\/706\/revisions"}],"predecessor-version":[{"id":1627,"href":"http:\/\/www.precision.com.gt\/home\/wp-json\/wp\/v2\/pages\/706\/revisions\/1627"}],"wp:attachment":[{"href":"http:\/\/www.precision.com.gt\/home\/wp-json\/wp\/v2\/media?parent=706"}],"curies":[{"name":"wp","href":"https:\/\/api.w.org\/{rel}","templated":true}]}}