{"id":708,"date":"2018-09-03T08:39:54","date_gmt":"2018-09-03T14:39:54","guid":{"rendered":"http:\/\/www.precision.com.gt\/?page_id=708"},"modified":"2019-03-07T10:47:45","modified_gmt":"2019-03-07T16:47:45","slug":"mettler-toledo","status":"publish","type":"page","link":"http:\/\/www.precision.com.gt\/home\/mettler-toledo\/","title":{"rendered":"Mettler Toledo"},"content":{"rendered":"\t\t<div data-elementor-type=\"wp-post\" data-elementor-id=\"708\" class=\"elementor elementor-708 elementor-bc-flex-widget\">\n\t\t\t\t\t\t<div class=\"elementor-inner\">\n\t\t\t\t<div class=\"elementor-section-wrap\">\n\t\t\t\t\t\t\t\t\t<section class=\"elementor-section elementor-top-section elementor-element elementor-element-19f4d1f elementor-section-boxed elementor-section-height-default elementor-section-height-default\" data-id=\"19f4d1f\" data-element_type=\"section\">\n\t\t\t\t\t\t<div class=\"elementor-container elementor-column-gap-default\">\n\t\t\t\t\t\t\t<div class=\"elementor-row\">\n\t\t\t\t\t<div class=\"elementor-column elementor-col-100 elementor-top-column elementor-element elementor-element-1d5c32f6\" data-id=\"1d5c32f6\" data-element_type=\"column\">\n\t\t\t<div class=\"elementor-column-wrap elementor-element-populated\">\n\t\t\t\t\t\t\t<div class=\"elementor-widget-wrap\">\n\t\t\t\t\t\t<div class=\"elementor-element elementor-element-4082ce5f elementor-widget elementor-widget-image\" data-id=\"4082ce5f\" data-element_type=\"widget\" data-widget_type=\"image.default\">\n\t\t\t\t<div class=\"elementor-widget-container\">\n\t\t\t\t\t\t\t\t<div class=\"elementor-image\">\n\t\t\t\t\t\t\t\t\t\t\t\t<img loading=\"lazy\" decoding=\"async\" width=\"1400\" height=\"520\" src=\"http:\/\/www.precision.com.gt\/wp-content\/uploads\/2015\/08\/LabX.Par_.85931.Image_.JPG.jpg\" class=\"attachment-full size-full\" alt=\"\" srcset=\"http:\/\/www.precision.com.gt\/wp-content\/uploads\/2015\/08\/LabX.Par_.85931.Image_.JPG.jpg 1400w, http:\/\/www.precision.com.gt\/wp-content\/uploads\/2015\/08\/LabX.Par_.85931.Image_.JPG-150x56.jpg 150w, http:\/\/www.precision.com.gt\/wp-content\/uploads\/2015\/08\/LabX.Par_.85931.Image_.JPG-300x111.jpg 300w, http:\/\/www.precision.com.gt\/wp-content\/uploads\/2015\/08\/LabX.Par_.85931.Image_.JPG-1024x380.jpg 1024w, http:\/\/www.precision.com.gt\/wp-content\/uploads\/2015\/08\/LabX.Par_.85931.Image_.JPG-250x93.jpg 250w, http:\/\/www.precision.com.gt\/wp-content\/uploads\/2015\/08\/LabX.Par_.85931.Image_.JPG-550x204.jpg 550w, http:\/\/www.precision.com.gt\/wp-content\/uploads\/2015\/08\/LabX.Par_.85931.Image_.JPG-800x297.jpg 800w, http:\/\/www.precision.com.gt\/wp-content\/uploads\/2015\/08\/LabX.Par_.85931.Image_.JPG-485x180.jpg 485w, http:\/\/www.precision.com.gt\/wp-content\/uploads\/2015\/08\/LabX.Par_.85931.Image_.JPG-808x300.jpg 808w, http:\/\/www.precision.com.gt\/wp-content\/uploads\/2015\/08\/LabX.Par_.85931.Image_.JPG-1346x500.jpg 1346w\" sizes=\"(max-width: 1400px) 100vw, 1400px\" \/>\t\t\t\t\t\t\t\t\t\t\t\t\t\t<\/div>\n\t\t\t\t\t\t<\/div>\n\t\t\t\t<\/div>\n\t\t\t\t\t\t<\/div>\n\t\t\t\t\t<\/div>\n\t\t<\/div>\n\t\t\t\t\t\t\t\t<\/div>\n\t\t\t\t\t<\/div>\n\t\t<\/section>\n\t\t\t\t<section class=\"elementor-section elementor-top-section elementor-element elementor-element-4b1e6ee8 elementor-section-boxed elementor-section-height-default elementor-section-height-default\" data-id=\"4b1e6ee8\" data-element_type=\"section\">\n\t\t\t\t\t\t<div class=\"elementor-container elementor-column-gap-default\">\n\t\t\t\t\t\t\t<div class=\"elementor-row\">\n\t\t\t\t\t<div class=\"elementor-column elementor-col-66 elementor-top-column elementor-element elementor-element-5851db95\" data-id=\"5851db95\" data-element_type=\"column\">\n\t\t\t<div class=\"elementor-column-wrap elementor-element-populated\">\n\t\t\t\t\t\t\t<div class=\"elementor-widget-wrap\">\n\t\t\t\t\t\t<div class=\"elementor-element elementor-element-13524ac8 elementor-widget elementor-widget-image\" data-id=\"13524ac8\" data-element_type=\"widget\" data-widget_type=\"image.default\">\n\t\t\t\t<div class=\"elementor-widget-container\">\n\t\t\t\t\t\t\t\t<div class=\"elementor-image\">\n\t\t\t\t\t\t\t\t\t\t\t\t\t<a href=\"https:\/\/www.mt.com\/gt\/es\/home.html\">\n\t\t\t\t\t\t\t<img loading=\"lazy\" decoding=\"async\" width=\"300\" height=\"160\" src=\"http:\/\/www.precision.com.gt\/wp-content\/uploads\/2018\/01\/Logo-mettler-toledo-300x160.png\" class=\"attachment-medium size-medium\" alt=\"\" srcset=\"http:\/\/www.precision.com.gt\/wp-content\/uploads\/2018\/01\/Logo-mettler-toledo-300x160.png 300w, http:\/\/www.precision.com.gt\/wp-content\/uploads\/2018\/01\/Logo-mettler-toledo-150x80.png 150w, http:\/\/www.precision.com.gt\/wp-content\/uploads\/2018\/01\/Logo-mettler-toledo-250x133.png 250w, http:\/\/www.precision.com.gt\/wp-content\/uploads\/2018\/01\/Logo-mettler-toledo-338x180.png 338w, http:\/\/www.precision.com.gt\/wp-content\/uploads\/2018\/01\/Logo-mettler-toledo.png 366w\" sizes=\"(max-width: 300px) 100vw, 300px\" \/>\t\t\t\t\t\t\t\t<\/a>\n\t\t\t\t\t\t\t\t\t\t\t\t\t\t<\/div>\n\t\t\t\t\t\t<\/div>\n\t\t\t\t<\/div>\n\t\t\t\t\t\t<\/div>\n\t\t\t\t\t<\/div>\n\t\t<\/div>\n\t\t\t\t<div class=\"elementor-column elementor-col-33 elementor-top-column elementor-element elementor-element-6b5eeeb0\" data-id=\"6b5eeeb0\" data-element_type=\"column\">\n\t\t\t<div class=\"elementor-column-wrap elementor-element-populated\">\n\t\t\t\t\t\t\t<div class=\"elementor-widget-wrap\">\n\t\t\t\t\t\t<div class=\"elementor-element elementor-element-3bdc457e elementor-widget elementor-widget-text-editor\" data-id=\"3bdc457e\" data-element_type=\"widget\" data-widget_type=\"text-editor.default\">\n\t\t\t\t<div class=\"elementor-widget-container\">\n\t\t\t\t\t\t\t\t<div class=\"elementor-text-editor elementor-clearfix\">\n\t\t\t\t<p>METTLER TOLEDO\u00a0<span style=\"font-size: 14.08px;\">cuenta con un largo historial como l\u00edder en innovaci\u00f3n y calidad, siempre en busca del rendimiento m\u00e1s avanzado y sostenible. O<\/span><span style=\"font-size: 1rem;\">frece servicios e instrumentos de precisi\u00f3n para diversas aplicaciones de investigaci\u00f3n y desarrollo, control de calidad, producci\u00f3n, log\u00edstica y comercio minorista dirigidas a clientes de todo el mundo. Si bien la innovaci\u00f3n y la calidad tienen su punto de partida en la investigaci\u00f3n y el desarrollo tradicionales, su alcance supera al de la tecnolog\u00eda para incluir una comprensi\u00f3n total de las necesidades de los clientes comprometiendose a garantizar que sus innovaciones se traduzcan en un valor real para los clientes.<\/span><\/p>\t\t\t\t\t<\/div>\n\t\t\t\t\t\t<\/div>\n\t\t\t\t<\/div>\n\t\t\t\t\t\t<\/div>\n\t\t\t\t\t<\/div>\n\t\t<\/div>\n\t\t\t\t\t\t\t\t<\/div>\n\t\t\t\t\t<\/div>\n\t\t<\/section>\n\t\t\t\t<section class=\"elementor-section elementor-top-section elementor-element elementor-element-77e9a7f elementor-section-boxed elementor-section-height-default elementor-section-height-default\" data-id=\"77e9a7f\" data-element_type=\"section\">\n\t\t\t\t\t\t<div class=\"elementor-container elementor-column-gap-default\">\n\t\t\t\t\t\t\t<div class=\"elementor-row\">\n\t\t\t\t\t<div class=\"elementor-column elementor-col-25 elementor-top-column elementor-element elementor-element-beaa32c\" data-id=\"beaa32c\" data-element_type=\"column\">\n\t\t\t<div class=\"elementor-column-wrap elementor-element-populated\">\n\t\t\t\t\t\t\t<div class=\"elementor-widget-wrap\">\n\t\t\t\t\t\t<div class=\"elementor-element elementor-element-29033f51 elementor-widget elementor-widget-image\" data-id=\"29033f51\" data-element_type=\"widget\" data-widget_type=\"image.default\">\n\t\t\t\t<div class=\"elementor-widget-container\">\n\t\t\t\t\t\t\t\t<div class=\"elementor-image\">\n\t\t\t\t\t\t\t\t\t<figure class=\"wp-caption\">\n\t\t\t\t\t\t\t\t\t\t\t<a href=\"http:\/\/balanzas-analiticas-2\">\n\t\t\t\t\t\t\t<img loading=\"lazy\" decoding=\"async\" width=\"300\" height=\"180\" src=\"http:\/\/www.precision.com.gt\/wp-content\/uploads\/2018\/09\/Balanzas-Anal--ticas-300x180.jpeg\" class=\"attachment-medium size-medium\" alt=\"\" srcset=\"http:\/\/www.precision.com.gt\/wp-content\/uploads\/2018\/09\/Balanzas-Anal--ticas.jpeg 300w, http:\/\/www.precision.com.gt\/wp-content\/uploads\/2018\/09\/Balanzas-Anal--ticas-150x90.jpeg 150w, http:\/\/www.precision.com.gt\/wp-content\/uploads\/2018\/09\/Balanzas-Anal--ticas-250x150.jpeg 250w\" sizes=\"(max-width: 300px) 100vw, 300px\" \/>\t\t\t\t\t\t\t\t<\/a>\n\t\t\t\t\t\t\t\t\t\t\t<figcaption class=\"widget-image-caption wp-caption-text\">Balanzas Anal\u00edticas<\/figcaption>\n\t\t\t\t\t\t\t\t\t\t<\/figure>\n\t\t\t\t\t\t\t\t<\/div>\n\t\t\t\t\t\t<\/div>\n\t\t\t\t<\/div>\n\t\t\t\t<div class=\"elementor-element elementor-element-72424b7b elementor-widget elementor-widget-image\" data-id=\"72424b7b\" data-element_type=\"widget\" data-widget_type=\"image.default\">\n\t\t\t\t<div class=\"elementor-widget-container\">\n\t\t\t\t\t\t\t\t<div class=\"elementor-image\">\n\t\t\t\t\t\t\t\t\t<figure class=\"wp-caption\">\n\t\t\t\t\t\t\t\t\t\t\t<a href=\"http:\/\/pesas-de-prueba\">\n\t\t\t\t\t\t\t<img loading=\"lazy\" decoding=\"async\" width=\"300\" height=\"180\" src=\"http:\/\/www.precision.com.gt\/wp-content\/uploads\/2018\/09\/Pesas-de-prueva-300x180.jpeg\" class=\"attachment-medium size-medium\" alt=\"\" srcset=\"http:\/\/www.precision.com.gt\/wp-content\/uploads\/2018\/09\/Pesas-de-prueva.jpeg 300w, http:\/\/www.precision.com.gt\/wp-content\/uploads\/2018\/09\/Pesas-de-prueva-150x90.jpeg 150w, http:\/\/www.precision.com.gt\/wp-content\/uploads\/2018\/09\/Pesas-de-prueva-250x150.jpeg 250w\" sizes=\"(max-width: 300px) 100vw, 300px\" \/>\t\t\t\t\t\t\t\t<\/a>\n\t\t\t\t\t\t\t\t\t\t\t<figcaption class=\"widget-image-caption wp-caption-text\">Pesas de Prueba<\/figcaption>\n\t\t\t\t\t\t\t\t\t\t<\/figure>\n\t\t\t\t\t\t\t\t<\/div>\n\t\t\t\t\t\t<\/div>\n\t\t\t\t<\/div>\n\t\t\t\t<div class=\"elementor-element elementor-element-18ced8c elementor-widget elementor-widget-image\" data-id=\"18ced8c\" data-element_type=\"widget\" data-widget_type=\"image.default\">\n\t\t\t\t<div class=\"elementor-widget-container\">\n\t\t\t\t\t\t\t\t<div class=\"elementor-image\">\n\t\t\t\t\t\t\t\t\t<figure class=\"wp-caption\">\n\t\t\t\t\t\t\t\t\t\t\t<a href=\"http:\/\/refractometria-2\">\n\t\t\t\t\t\t\t<img loading=\"lazy\" decoding=\"async\" width=\"300\" height=\"185\" src=\"http:\/\/www.precision.com.gt\/wp-content\/uploads\/2018\/09\/Refractometria-300x185.jpeg\" class=\"attachment-medium size-medium\" alt=\"\" srcset=\"http:\/\/www.precision.com.gt\/wp-content\/uploads\/2018\/09\/Refractometria.jpeg 300w, http:\/\/www.precision.com.gt\/wp-content\/uploads\/2018\/09\/Refractometria-150x93.jpeg 150w, http:\/\/www.precision.com.gt\/wp-content\/uploads\/2018\/09\/Refractometria-250x154.jpeg 250w, http:\/\/www.precision.com.gt\/wp-content\/uploads\/2018\/09\/Refractometria-292x180.jpeg 292w\" sizes=\"(max-width: 300px) 100vw, 300px\" \/>\t\t\t\t\t\t\t\t<\/a>\n\t\t\t\t\t\t\t\t\t\t\t<figcaption class=\"widget-image-caption wp-caption-text\">Refractometria<\/figcaption>\n\t\t\t\t\t\t\t\t\t\t<\/figure>\n\t\t\t\t\t\t\t\t<\/div>\n\t\t\t\t\t\t<\/div>\n\t\t\t\t<\/div>\n\t\t\t\t<div class=\"elementor-element elementor-element-7ba104e4 elementor-widget elementor-widget-image\" data-id=\"7ba104e4\" data-element_type=\"widget\" data-widget_type=\"image.default\">\n\t\t\t\t<div class=\"elementor-widget-container\">\n\t\t\t\t\t\t\t\t<div class=\"elementor-image\">\n\t\t\t\t\t\t\t\t\t<figure class=\"wp-caption\">\n\t\t\t\t\t\t\t\t\t\t\t<a href=\"http:\/\/www.precision.com.gt\/home\/mettler-toledo\/accesorios-mettler\/\">\n\t\t\t\t\t\t\t<img loading=\"lazy\" decoding=\"async\" width=\"300\" height=\"180\" src=\"http:\/\/www.precision.com.gt\/wp-content\/uploads\/2019\/03\/accesorios-300x180.jpeg\" class=\"attachment-medium size-medium\" alt=\"\" srcset=\"http:\/\/www.precision.com.gt\/wp-content\/uploads\/2019\/03\/accesorios.jpeg 300w, http:\/\/www.precision.com.gt\/wp-content\/uploads\/2019\/03\/accesorios-150x90.jpeg 150w, http:\/\/www.precision.com.gt\/wp-content\/uploads\/2019\/03\/accesorios-250x150.jpeg 250w\" sizes=\"(max-width: 300px) 100vw, 300px\" \/>\t\t\t\t\t\t\t\t<\/a>\n\t\t\t\t\t\t\t\t\t\t\t<figcaption class=\"widget-image-caption wp-caption-text\">Accesorios<\/figcaption>\n\t\t\t\t\t\t\t\t\t\t<\/figure>\n\t\t\t\t\t\t\t\t<\/div>\n\t\t\t\t\t\t<\/div>\n\t\t\t\t<\/div>\n\t\t\t\t\t\t<\/div>\n\t\t\t\t\t<\/div>\n\t\t<\/div>\n\t\t\t\t<div class=\"elementor-column elementor-col-25 elementor-top-column elementor-element elementor-element-545b05ac\" data-id=\"545b05ac\" data-element_type=\"column\">\n\t\t\t<div class=\"elementor-column-wrap elementor-element-populated\">\n\t\t\t\t\t\t\t<div class=\"elementor-widget-wrap\">\n\t\t\t\t\t\t<div class=\"elementor-element elementor-element-3ffb93be elementor-widget elementor-widget-image\" data-id=\"3ffb93be\" data-element_type=\"widget\" data-widget_type=\"image.default\">\n\t\t\t\t<div class=\"elementor-widget-container\">\n\t\t\t\t\t\t\t\t<div class=\"elementor-image\">\n\t\t\t\t\t\t\t\t\t<figure class=\"wp-caption\">\n\t\t\t\t\t\t\t\t\t\t\t<a href=\"http:\/\/balanzas-de-precision-2\">\n\t\t\t\t\t\t\t<img loading=\"lazy\" decoding=\"async\" width=\"300\" height=\"180\" src=\"http:\/\/www.precision.com.gt\/wp-content\/uploads\/2018\/09\/Balanzas-de-Precision-300x180.jpeg\" class=\"attachment-medium size-medium\" alt=\"\" srcset=\"http:\/\/www.precision.com.gt\/wp-content\/uploads\/2018\/09\/Balanzas-de-Precision.jpeg 300w, http:\/\/www.precision.com.gt\/wp-content\/uploads\/2018\/09\/Balanzas-de-Precision-150x90.jpeg 150w, http:\/\/www.precision.com.gt\/wp-content\/uploads\/2018\/09\/Balanzas-de-Precision-250x150.jpeg 250w\" sizes=\"(max-width: 300px) 100vw, 300px\" \/>\t\t\t\t\t\t\t\t<\/a>\n\t\t\t\t\t\t\t\t\t\t\t<figcaption class=\"widget-image-caption wp-caption-text\">Balanzas de Presici\u00f3n<\/figcaption>\n\t\t\t\t\t\t\t\t\t\t<\/figure>\n\t\t\t\t\t\t\t\t<\/div>\n\t\t\t\t\t\t<\/div>\n\t\t\t\t<\/div>\n\t\t\t\t<div class=\"elementor-element elementor-element-14e0c90b elementor-widget elementor-widget-image\" data-id=\"14e0c90b\" data-element_type=\"widget\" data-widget_type=\"image.default\">\n\t\t\t\t<div class=\"elementor-widget-container\">\n\t\t\t\t\t\t\t\t<div class=\"elementor-image\">\n\t\t\t\t\t\t\t\t\t<figure class=\"wp-caption\">\n\t\t\t\t\t\t\t\t\t\t\t<a href=\"http:\/\/valoradores-2\">\n\t\t\t\t\t\t\t<img loading=\"lazy\" decoding=\"async\" width=\"300\" height=\"185\" src=\"http:\/\/www.precision.com.gt\/wp-content\/uploads\/2018\/09\/Valoradores-300x185.jpeg\" class=\"attachment-medium size-medium\" alt=\"\" srcset=\"http:\/\/www.precision.com.gt\/wp-content\/uploads\/2018\/09\/Valoradores.jpeg 300w, http:\/\/www.precision.com.gt\/wp-content\/uploads\/2018\/09\/Valoradores-150x93.jpeg 150w, http:\/\/www.precision.com.gt\/wp-content\/uploads\/2018\/09\/Valoradores-250x154.jpeg 250w, http:\/\/www.precision.com.gt\/wp-content\/uploads\/2018\/09\/Valoradores-292x180.jpeg 292w\" sizes=\"(max-width: 300px) 100vw, 300px\" \/>\t\t\t\t\t\t\t\t<\/a>\n\t\t\t\t\t\t\t\t\t\t\t<figcaption class=\"widget-image-caption wp-caption-text\">Valoradores<\/figcaption>\n\t\t\t\t\t\t\t\t\t\t<\/figure>\n\t\t\t\t\t\t\t\t<\/div>\n\t\t\t\t\t\t<\/div>\n\t\t\t\t<\/div>\n\t\t\t\t<div class=\"elementor-element elementor-element-12601a1 elementor-widget elementor-widget-image\" data-id=\"12601a1\" data-element_type=\"widget\" data-widget_type=\"image.default\">\n\t\t\t\t<div class=\"elementor-widget-container\">\n\t\t\t\t\t\t\t\t<div class=\"elementor-image\">\n\t\t\t\t\t\t\t\t\t<figure class=\"wp-caption\">\n\t\t\t\t\t\t\t\t\t\t\t<a href=\"http:\/\/espectrofotometria\">\n\t\t\t\t\t\t\t<img loading=\"lazy\" decoding=\"async\" width=\"300\" height=\"185\" src=\"http:\/\/www.precision.com.gt\/wp-content\/uploads\/2018\/09\/Espectofotometria-300x185.jpeg\" class=\"attachment-medium size-medium\" alt=\"\" srcset=\"http:\/\/www.precision.com.gt\/wp-content\/uploads\/2018\/09\/Espectofotometria.jpeg 300w, http:\/\/www.precision.com.gt\/wp-content\/uploads\/2018\/09\/Espectofotometria-150x93.jpeg 150w, http:\/\/www.precision.com.gt\/wp-content\/uploads\/2018\/09\/Espectofotometria-250x154.jpeg 250w, http:\/\/www.precision.com.gt\/wp-content\/uploads\/2018\/09\/Espectofotometria-292x180.jpeg 292w\" sizes=\"(max-width: 300px) 100vw, 300px\" \/>\t\t\t\t\t\t\t\t<\/a>\n\t\t\t\t\t\t\t\t\t\t\t<figcaption class=\"widget-image-caption wp-caption-text\">Espectrofotometria<\/figcaption>\n\t\t\t\t\t\t\t\t\t\t<\/figure>\n\t\t\t\t\t\t\t\t<\/div>\n\t\t\t\t\t\t<\/div>\n\t\t\t\t<\/div>\n\t\t\t\t\t\t<\/div>\n\t\t\t\t\t<\/div>\n\t\t<\/div>\n\t\t\t\t<div class=\"elementor-column elementor-col-25 elementor-top-column elementor-element elementor-element-42eaf5a6\" data-id=\"42eaf5a6\" data-element_type=\"column\">\n\t\t\t<div class=\"elementor-column-wrap elementor-element-populated\">\n\t\t\t\t\t\t\t<div class=\"elementor-widget-wrap\">\n\t\t\t\t\t\t<div class=\"elementor-element elementor-element-47145ae elementor-widget elementor-widget-image\" data-id=\"47145ae\" data-element_type=\"widget\" data-widget_type=\"image.default\">\n\t\t\t\t<div class=\"elementor-widget-container\">\n\t\t\t\t\t\t\t\t<div class=\"elementor-image\">\n\t\t\t\t\t\t\t\t\t<figure class=\"wp-caption\">\n\t\t\t\t\t\t\t\t\t\t\t<a href=\"http:\/\/microbalanzas-y-ultramicrobalanzas\">\n\t\t\t\t\t\t\t<img loading=\"lazy\" decoding=\"async\" width=\"300\" height=\"180\" src=\"http:\/\/www.precision.com.gt\/wp-content\/uploads\/2018\/09\/Microbalanzas-y-ultramicro-300x180.jpeg\" class=\"attachment-medium size-medium\" alt=\"\" srcset=\"http:\/\/www.precision.com.gt\/wp-content\/uploads\/2018\/09\/Microbalanzas-y-ultramicro.jpeg 300w, http:\/\/www.precision.com.gt\/wp-content\/uploads\/2018\/09\/Microbalanzas-y-ultramicro-150x90.jpeg 150w, http:\/\/www.precision.com.gt\/wp-content\/uploads\/2018\/09\/Microbalanzas-y-ultramicro-250x150.jpeg 250w\" sizes=\"(max-width: 300px) 100vw, 300px\" \/>\t\t\t\t\t\t\t\t<\/a>\n\t\t\t\t\t\t\t\t\t\t\t<figcaption class=\"widget-image-caption wp-caption-text\">Microbalanzas y Ultramicrobalanzas<\/figcaption>\n\t\t\t\t\t\t\t\t\t\t<\/figure>\n\t\t\t\t\t\t\t\t<\/div>\n\t\t\t\t\t\t<\/div>\n\t\t\t\t<\/div>\n\t\t\t\t<div class=\"elementor-element elementor-element-40d1bc0b elementor-widget elementor-widget-image\" data-id=\"40d1bc0b\" data-element_type=\"widget\" data-widget_type=\"image.default\">\n\t\t\t\t<div class=\"elementor-widget-container\">\n\t\t\t\t\t\t\t\t<div class=\"elementor-image\">\n\t\t\t\t\t\t\t\t\t<figure class=\"wp-caption\">\n\t\t\t\t\t\t\t\t\t\t\t<a href=\"http:\/\/sensores-y-medidores-de-iones-do-ex-y-ph\">\n\t\t\t\t\t\t\t<img loading=\"lazy\" decoding=\"async\" width=\"300\" height=\"185\" src=\"http:\/\/www.precision.com.gt\/wp-content\/uploads\/2018\/09\/Sensores-y-medidores-300x185.jpeg\" class=\"attachment-medium size-medium\" alt=\"\" srcset=\"http:\/\/www.precision.com.gt\/wp-content\/uploads\/2018\/09\/Sensores-y-medidores.jpeg 300w, http:\/\/www.precision.com.gt\/wp-content\/uploads\/2018\/09\/Sensores-y-medidores-150x93.jpeg 150w, http:\/\/www.precision.com.gt\/wp-content\/uploads\/2018\/09\/Sensores-y-medidores-250x154.jpeg 250w, http:\/\/www.precision.com.gt\/wp-content\/uploads\/2018\/09\/Sensores-y-medidores-292x180.jpeg 292w\" sizes=\"(max-width: 300px) 100vw, 300px\" \/>\t\t\t\t\t\t\t\t<\/a>\n\t\t\t\t\t\t\t\t\t\t\t<figcaption class=\"widget-image-caption wp-caption-text\">Sensores y Medidores de Iones, DO, EX y pH<\/figcaption>\n\t\t\t\t\t\t\t\t\t\t<\/figure>\n\t\t\t\t\t\t\t\t<\/div>\n\t\t\t\t\t\t<\/div>\n\t\t\t\t<\/div>\n\t\t\t\t<div class=\"elementor-element elementor-element-56464f1 elementor-widget elementor-widget-image\" data-id=\"56464f1\" data-element_type=\"widget\" data-widget_type=\"image.default\">\n\t\t\t\t<div class=\"elementor-widget-container\">\n\t\t\t\t\t\t\t\t<div class=\"elementor-image\">\n\t\t\t\t\t\t\t\t\t<figure class=\"wp-caption\">\n\t\t\t\t\t\t\t\t\t\t\t<a href=\"http:\/\/punto-de-fusion-y-goteo-2\">\n\t\t\t\t\t\t\t<img loading=\"lazy\" decoding=\"async\" width=\"300\" height=\"185\" src=\"http:\/\/www.precision.com.gt\/wp-content\/uploads\/2018\/09\/Punto-de-fusion-y-goteo-300x185.jpeg\" class=\"attachment-medium size-medium\" alt=\"\" srcset=\"http:\/\/www.precision.com.gt\/wp-content\/uploads\/2018\/09\/Punto-de-fusion-y-goteo.jpeg 300w, http:\/\/www.precision.com.gt\/wp-content\/uploads\/2018\/09\/Punto-de-fusion-y-goteo-150x93.jpeg 150w, http:\/\/www.precision.com.gt\/wp-content\/uploads\/2018\/09\/Punto-de-fusion-y-goteo-250x154.jpeg 250w, http:\/\/www.precision.com.gt\/wp-content\/uploads\/2018\/09\/Punto-de-fusion-y-goteo-292x180.jpeg 292w\" sizes=\"(max-width: 300px) 100vw, 300px\" \/>\t\t\t\t\t\t\t\t<\/a>\n\t\t\t\t\t\t\t\t\t\t\t<figcaption class=\"widget-image-caption wp-caption-text\">Punto de Fusi\u00f3n y Goteo<\/figcaption>\n\t\t\t\t\t\t\t\t\t\t<\/figure>\n\t\t\t\t\t\t\t\t<\/div>\n\t\t\t\t\t\t<\/div>\n\t\t\t\t<\/div>\n\t\t\t\t\t\t<\/div>\n\t\t\t\t\t<\/div>\n\t\t<\/div>\n\t\t\t\t<div class=\"elementor-column elementor-col-25 elementor-top-column elementor-element elementor-element-13a76c2a\" data-id=\"13a76c2a\" data-element_type=\"column\">\n\t\t\t<div class=\"elementor-column-wrap elementor-element-populated\">\n\t\t\t\t\t\t\t<div class=\"elementor-widget-wrap\">\n\t\t\t\t\t\t<div class=\"elementor-element elementor-element-706e1605 elementor-widget elementor-widget-image\" data-id=\"706e1605\" data-element_type=\"widget\" data-widget_type=\"image.default\">\n\t\t\t\t<div class=\"elementor-widget-container\">\n\t\t\t\t\t\t\t\t<div class=\"elementor-image\">\n\t\t\t\t\t\t\t\t\t<figure class=\"wp-caption\">\n\t\t\t\t\t\t\t\t\t\t\t<a href=\"http:\/\/analizadores-de-humedad-2\">\n\t\t\t\t\t\t\t<img loading=\"lazy\" decoding=\"async\" width=\"300\" height=\"180\" src=\"http:\/\/www.precision.com.gt\/wp-content\/uploads\/2018\/09\/Analizadores-de-humedad-300x180.jpeg\" class=\"attachment-medium size-medium\" alt=\"\" srcset=\"http:\/\/www.precision.com.gt\/wp-content\/uploads\/2018\/09\/Analizadores-de-humedad.jpeg 300w, http:\/\/www.precision.com.gt\/wp-content\/uploads\/2018\/09\/Analizadores-de-humedad-150x90.jpeg 150w, http:\/\/www.precision.com.gt\/wp-content\/uploads\/2018\/09\/Analizadores-de-humedad-250x150.jpeg 250w\" sizes=\"(max-width: 300px) 100vw, 300px\" \/>\t\t\t\t\t\t\t\t<\/a>\n\t\t\t\t\t\t\t\t\t\t\t<figcaption class=\"widget-image-caption wp-caption-text\">Analizador de Humedad<\/figcaption>\n\t\t\t\t\t\t\t\t\t\t<\/figure>\n\t\t\t\t\t\t\t\t<\/div>\n\t\t\t\t\t\t<\/div>\n\t\t\t\t<\/div>\n\t\t\t\t<div class=\"elementor-element elementor-element-6279f19 elementor-widget elementor-widget-image\" data-id=\"6279f19\" data-element_type=\"widget\" data-widget_type=\"image.default\">\n\t\t\t\t<div class=\"elementor-widget-container\">\n\t\t\t\t\t\t\t\t<div class=\"elementor-image\">\n\t\t\t\t\t\t\t\t\t<figure class=\"wp-caption\">\n\t\t\t\t\t\t\t\t\t\t\t<a href=\"http:\/\/densimetria-2\">\n\t\t\t\t\t\t\t<img loading=\"lazy\" decoding=\"async\" width=\"300\" height=\"185\" src=\"http:\/\/www.precision.com.gt\/wp-content\/uploads\/2018\/09\/Densimetria-300x185.jpeg\" class=\"attachment-medium size-medium\" alt=\"\" srcset=\"http:\/\/www.precision.com.gt\/wp-content\/uploads\/2018\/09\/Densimetria.jpeg 300w, http:\/\/www.precision.com.gt\/wp-content\/uploads\/2018\/09\/Densimetria-150x93.jpeg 150w, http:\/\/www.precision.com.gt\/wp-content\/uploads\/2018\/09\/Densimetria-250x154.jpeg 250w, http:\/\/www.precision.com.gt\/wp-content\/uploads\/2018\/09\/Densimetria-292x180.jpeg 292w\" sizes=\"(max-width: 300px) 100vw, 300px\" \/>\t\t\t\t\t\t\t\t<\/a>\n\t\t\t\t\t\t\t\t\t\t\t<figcaption class=\"widget-image-caption wp-caption-text\">Densimetria<\/figcaption>\n\t\t\t\t\t\t\t\t\t\t<\/figure>\n\t\t\t\t\t\t\t\t<\/div>\n\t\t\t\t\t\t<\/div>\n\t\t\t\t<\/div>\n\t\t\t\t<div class=\"elementor-element elementor-element-61be76e8 elementor-widget elementor-widget-image\" data-id=\"61be76e8\" data-element_type=\"widget\" data-widget_type=\"image.default\">\n\t\t\t\t<div class=\"elementor-widget-container\">\n\t\t\t\t\t\t\t\t<div class=\"elementor-image\">\n\t\t\t\t\t\t\t\t\t<figure class=\"wp-caption\">\n\t\t\t\t\t\t\t\t\t\t\t<a href=\"http:\/\/analisis-termico-2\">\n\t\t\t\t\t\t\t<img loading=\"lazy\" decoding=\"async\" width=\"300\" height=\"185\" src=\"http:\/\/www.precision.com.gt\/wp-content\/uploads\/2018\/09\/Analisis-t--rmico-300x185.jpeg\" class=\"attachment-medium size-medium\" alt=\"\" srcset=\"http:\/\/www.precision.com.gt\/wp-content\/uploads\/2018\/09\/Analisis-t--rmico.jpeg 300w, http:\/\/www.precision.com.gt\/wp-content\/uploads\/2018\/09\/Analisis-t--rmico-150x93.jpeg 150w, http:\/\/www.precision.com.gt\/wp-content\/uploads\/2018\/09\/Analisis-t--rmico-250x154.jpeg 250w, http:\/\/www.precision.com.gt\/wp-content\/uploads\/2018\/09\/Analisis-t--rmico-292x180.jpeg 292w\" sizes=\"(max-width: 300px) 100vw, 300px\" \/>\t\t\t\t\t\t\t\t<\/a>\n\t\t\t\t\t\t\t\t\t\t\t<figcaption class=\"widget-image-caption wp-caption-text\">Anal\u00edsis T\u00e9rmico<\/figcaption>\n\t\t\t\t\t\t\t\t\t\t<\/figure>\n\t\t\t\t\t\t\t\t<\/div>\n\t\t\t\t\t\t<\/div>\n\t\t\t\t<\/div>\n\t\t\t\t\t\t<\/div>\n\t\t\t\t\t<\/div>\n\t\t<\/div>\n\t\t\t\t\t\t\t\t<\/div>\n\t\t\t\t\t<\/div>\n\t\t<\/section>\n\t\t\t\t\t\t\t\t\t<\/div>\n\t\t\t<\/div>\n\t\t\t\t\t<\/div>\n\t\t","protected":false},"excerpt":{"rendered":"METTLER TOLEDO\u00a0cuenta con un largo historial como l\u00edder en innovaci\u00f3n y calidad, siempre en busca del rendimiento m\u00e1s avanzado y sostenible. Ofrece servicios e instrumentos de precisi\u00f3n para diversas aplicaciones de investigaci\u00f3n y desarrollo, control de calidad, producci\u00f3n, log\u00edstica y comercio minorista dirigidas a clientes de todo el mundo. Si bien la innovaci\u00f3n y la [&hellip;]","protected":false},"author":3,"featured_media":0,"parent":0,"menu_order":0,"comment_status":"closed","ping_status":"closed","template":"elementor_header_footer","meta":{"footnotes":""},"_links":{"self":[{"href":"http:\/\/www.precision.com.gt\/home\/wp-json\/wp\/v2\/pages\/708"}],"collection":[{"href":"http:\/\/www.precision.com.gt\/home\/wp-json\/wp\/v2\/pages"}],"about":[{"href":"http:\/\/www.precision.com.gt\/home\/wp-json\/wp\/v2\/types\/page"}],"author":[{"embeddable":true,"href":"http:\/\/www.precision.com.gt\/home\/wp-json\/wp\/v2\/users\/3"}],"replies":[{"embeddable":true,"href":"http:\/\/www.precision.com.gt\/home\/wp-json\/wp\/v2\/comments?post=708"}],"version-history":[{"count":8,"href":"http:\/\/www.precision.com.gt\/home\/wp-json\/wp\/v2\/pages\/708\/revisions"}],"predecessor-version":[{"id":1941,"href":"http:\/\/www.precision.com.gt\/home\/wp-json\/wp\/v2\/pages\/708\/revisions\/1941"}],"wp:attachment":[{"href":"http:\/\/www.precision.com.gt\/home\/wp-json\/wp\/v2\/media?parent=708"}],"curies":[{"name":"wp","href":"https:\/\/api.w.org\/{rel}","templated":true}]}}