{"id":939,"date":"2018-09-17T11:21:54","date_gmt":"2018-09-17T17:21:54","guid":{"rendered":"http:\/\/www.precision.com.gt\/home\/?page_id=939"},"modified":"2019-02-27T16:17:12","modified_gmt":"2019-02-27T22:17:12","slug":"balanzas-analiticas-2","status":"publish","type":"page","link":"http:\/\/www.precision.com.gt\/home\/mettler-toledo\/balanzas-analiticas-2\/","title":{"rendered":"Balanzas Anal\u00edticas"},"content":{"rendered":"\t\t<div data-elementor-type=\"wp-post\" data-elementor-id=\"939\" class=\"elementor elementor-939 elementor-bc-flex-widget\">\n\t\t\t\t\t\t<div class=\"elementor-inner\">\n\t\t\t\t<div class=\"elementor-section-wrap\">\n\t\t\t\t\t\t\t\t\t<section class=\"elementor-section elementor-top-section elementor-element elementor-element-2f560b6e elementor-section-boxed elementor-section-height-default elementor-section-height-default\" data-id=\"2f560b6e\" data-element_type=\"section\">\n\t\t\t\t\t\t<div class=\"elementor-container elementor-column-gap-default\">\n\t\t\t\t\t\t\t<div class=\"elementor-row\">\n\t\t\t\t\t<div class=\"elementor-column elementor-col-50 elementor-top-column elementor-element elementor-element-2ef73c20\" data-id=\"2ef73c20\" data-element_type=\"column\">\n\t\t\t<div class=\"elementor-column-wrap elementor-element-populated\">\n\t\t\t\t\t\t\t<div class=\"elementor-widget-wrap\">\n\t\t\t\t\t\t<div class=\"elementor-element elementor-element-6e5f303 elementor-widget elementor-widget-text-editor\" data-id=\"6e5f303\" data-element_type=\"widget\" data-widget_type=\"text-editor.default\">\n\t\t\t\t<div class=\"elementor-widget-container\">\n\t\t\t\t\t\t\t\t<div class=\"elementor-text-editor elementor-clearfix\">\n\t\t\t\t<h1>BALANZAS ANAL\u00cdTICAS<\/h1><p>El pesaje es una de las tareas m\u00e1s habituales en el laboratorio. Las balanzas se han perfeccionado hasta tal punto que no se necesitan m\u00e1rgenes especiales de pesaje. Los avances tecnol\u00f3gicos en el campo de la electr\u00f3nica han simplificado de manera notable el funcionamiento de las balanzas, lo que ha reducido los tiempos de pesaje. Es m\u00e1s, gracias a las pantallas t\u00e1ctiles digitales, dicho funcionamiento tambi\u00e9n resulta intuitivo.<\/p><p>METTLER TOLEDO presenta una nueva dimensi\u00f3n en el pesaje anal\u00edtico con una combinaci\u00f3n de caracter\u00edsticas inteligentes que le permiten realizar sus tareas de pesaje diarias de forma sencilla y sin errores.<\/p>\t\t\t\t\t<\/div>\n\t\t\t\t\t\t<\/div>\n\t\t\t\t<\/div>\n\t\t\t\t\t\t<\/div>\n\t\t\t\t\t<\/div>\n\t\t<\/div>\n\t\t\t\t<div class=\"elementor-column elementor-col-50 elementor-top-column elementor-element elementor-element-6097f617\" data-id=\"6097f617\" data-element_type=\"column\">\n\t\t\t<div class=\"elementor-column-wrap elementor-element-populated\">\n\t\t\t\t\t\t\t<div class=\"elementor-widget-wrap\">\n\t\t\t\t\t\t<div class=\"elementor-element elementor-element-3d474136 elementor-widget elementor-widget-image\" data-id=\"3d474136\" data-element_type=\"widget\" data-widget_type=\"image.default\">\n\t\t\t\t<div class=\"elementor-widget-container\">\n\t\t\t\t\t\t\t\t<div class=\"elementor-image\">\n\t\t\t\t\t\t\t\t\t\t\t\t<img loading=\"lazy\" decoding=\"async\" width=\"150\" height=\"93\" src=\"http:\/\/www.precision.com.gt\/wp-content\/uploads\/2018\/09\/Mettler-Toledo-grande-150x93.png\" class=\"attachment-thumbnail size-thumbnail\" alt=\"\" srcset=\"http:\/\/www.precision.com.gt\/wp-content\/uploads\/2018\/09\/Mettler-Toledo-grande-150x93.png 150w, http:\/\/www.precision.com.gt\/wp-content\/uploads\/2018\/09\/Mettler-Toledo-grande-300x186.png 300w, http:\/\/www.precision.com.gt\/wp-content\/uploads\/2018\/09\/Mettler-Toledo-grande-768x476.png 768w, http:\/\/www.precision.com.gt\/wp-content\/uploads\/2018\/09\/Mettler-Toledo-grande-1024x634.png 1024w, http:\/\/www.precision.com.gt\/wp-content\/uploads\/2018\/09\/Mettler-Toledo-grande-340x210.png 340w, http:\/\/www.precision.com.gt\/wp-content\/uploads\/2018\/09\/Mettler-Toledo-grande-570x350.png 570w, http:\/\/www.precision.com.gt\/wp-content\/uploads\/2018\/09\/Mettler-Toledo-grande-250x155.png 250w, http:\/\/www.precision.com.gt\/wp-content\/uploads\/2018\/09\/Mettler-Toledo-grande-550x341.png 550w, http:\/\/www.precision.com.gt\/wp-content\/uploads\/2018\/09\/Mettler-Toledo-grande-800x496.png 800w, http:\/\/www.precision.com.gt\/wp-content\/uploads\/2018\/09\/Mettler-Toledo-grande-291x180.png 291w, http:\/\/www.precision.com.gt\/wp-content\/uploads\/2018\/09\/Mettler-Toledo-grande-484x300.png 484w, http:\/\/www.precision.com.gt\/wp-content\/uploads\/2018\/09\/Mettler-Toledo-grande-807x500.png 807w, http:\/\/www.precision.com.gt\/wp-content\/uploads\/2018\/09\/Mettler-Toledo-grande.png 2000w\" sizes=\"(max-width: 150px) 100vw, 150px\" \/>\t\t\t\t\t\t\t\t\t\t\t\t\t\t<\/div>\n\t\t\t\t\t\t<\/div>\n\t\t\t\t<\/div>\n\t\t\t\t<div class=\"elementor-element elementor-element-506a1995 elementor-button-danger elementor-align-center elementor-widget elementor-widget-button\" data-id=\"506a1995\" data-element_type=\"widget\" data-widget_type=\"button.default\">\n\t\t\t\t<div class=\"elementor-widget-container\">\n\t\t\t\t\t<div class=\"elementor-button-wrapper\">\n\t\t\t<a href=\"http:\/\/www.precision.com.gt\/home\/mettler-toledo\/\" class=\"elementor-button-link elementor-button elementor-size-xs\" role=\"button\">\n\t\t\t\t\t\t<span class=\"elementor-button-content-wrapper\">\n\t\t\t\t\t\t\t<span class=\"elementor-button-icon elementor-align-icon-left\">\n\t\t\t\t\t\t\t\t\t<i class=\"fa fa-mail-reply\" aria-hidden=\"true\"><\/i>\n\t\t\t\t\t\t\t<\/span>\n\t\t\t\t\t\t<span class=\"elementor-button-text\">Regresar \/ Ver Todo<\/span>\n\t\t<\/span>\n\t\t\t\t\t<\/a>\n\t\t<\/div>\n\t\t\t\t<\/div>\n\t\t\t\t<\/div>\n\t\t\t\t\t\t<\/div>\n\t\t\t\t\t<\/div>\n\t\t<\/div>\n\t\t\t\t\t\t\t\t<\/div>\n\t\t\t\t\t<\/div>\n\t\t<\/section>\n\t\t\t\t<section class=\"elementor-section elementor-top-section elementor-element elementor-element-262c9d0d elementor-section-boxed elementor-section-height-default elementor-section-height-default\" data-id=\"262c9d0d\" data-element_type=\"section\">\n\t\t\t\t\t\t<div class=\"elementor-container elementor-column-gap-default\">\n\t\t\t\t\t\t\t<div class=\"elementor-row\">\n\t\t\t\t\t<div class=\"elementor-column elementor-col-33 elementor-top-column elementor-element elementor-element-729f25c4\" data-id=\"729f25c4\" data-element_type=\"column\">\n\t\t\t<div class=\"elementor-column-wrap elementor-element-populated\">\n\t\t\t\t\t\t\t<div class=\"elementor-widget-wrap\">\n\t\t\t\t\t\t<div class=\"elementor-element elementor-element-7f3ea3f elementor-widget elementor-widget-image\" data-id=\"7f3ea3f\" data-element_type=\"widget\" data-widget_type=\"image.default\">\n\t\t\t\t<div class=\"elementor-widget-container\">\n\t\t\t\t\t\t\t\t<div class=\"elementor-image\">\n\t\t\t\t\t\t\t\t\t<figure class=\"wp-caption\">\n\t\t\t\t\t\t\t\t\t\t\t<a href=\"http:\/\/www.precision.com.gt\/home\/mettler-toledo\/balanzas-analiticas-2\/analitica-excellence\/\">\n\t\t\t\t\t\t\t<img loading=\"lazy\" decoding=\"async\" width=\"1010\" height=\"260\" src=\"http:\/\/www.precision.com.gt\/wp-content\/uploads\/2019\/02\/analitica-excellence.jpeg\" class=\"attachment-large size-large\" alt=\"\" srcset=\"http:\/\/www.precision.com.gt\/wp-content\/uploads\/2019\/02\/analitica-excellence.jpeg 1010w, http:\/\/www.precision.com.gt\/wp-content\/uploads\/2019\/02\/analitica-excellence-150x39.jpeg 150w, http:\/\/www.precision.com.gt\/wp-content\/uploads\/2019\/02\/analitica-excellence-300x77.jpeg 300w, http:\/\/www.precision.com.gt\/wp-content\/uploads\/2019\/02\/analitica-excellence-768x198.jpeg 768w, http:\/\/www.precision.com.gt\/wp-content\/uploads\/2019\/02\/analitica-excellence-250x64.jpeg 250w, http:\/\/www.precision.com.gt\/wp-content\/uploads\/2019\/02\/analitica-excellence-550x142.jpeg 550w, http:\/\/www.precision.com.gt\/wp-content\/uploads\/2019\/02\/analitica-excellence-800x206.jpeg 800w, http:\/\/www.precision.com.gt\/wp-content\/uploads\/2019\/02\/analitica-excellence-699x180.jpeg 699w\" sizes=\"(max-width: 1010px) 100vw, 1010px\" \/>\t\t\t\t\t\t\t\t<\/a>\n\t\t\t\t\t\t\t\t\t\t\t<figcaption class=\"widget-image-caption wp-caption-text\">Balanzas anal\u00edticas Excellence<\/figcaption>\n\t\t\t\t\t\t\t\t\t\t<\/figure>\n\t\t\t\t\t\t\t\t<\/div>\n\t\t\t\t\t\t<\/div>\n\t\t\t\t<\/div>\n\t\t\t\t\t\t<\/div>\n\t\t\t\t\t<\/div>\n\t\t<\/div>\n\t\t\t\t<div class=\"elementor-column elementor-col-33 elementor-top-column elementor-element elementor-element-611e0477\" data-id=\"611e0477\" data-element_type=\"column\">\n\t\t\t<div class=\"elementor-column-wrap elementor-element-populated\">\n\t\t\t\t\t\t\t<div class=\"elementor-widget-wrap\">\n\t\t\t\t\t\t<div class=\"elementor-element elementor-element-0cb03c3 elementor-widget elementor-widget-image\" data-id=\"0cb03c3\" data-element_type=\"widget\" data-widget_type=\"image.default\">\n\t\t\t\t<div class=\"elementor-widget-container\">\n\t\t\t\t\t\t\t\t<div class=\"elementor-image\">\n\t\t\t\t\t\t\t\t\t<figure class=\"wp-caption\">\n\t\t\t\t\t\t\t\t\t\t\t<a href=\"http:\/\/www.precision.com.gt\/home\/mettler-toledo\/balanzas-analiticas-2\/analitica-advanced\/\">\n\t\t\t\t\t\t\t<img loading=\"lazy\" decoding=\"async\" width=\"1010\" height=\"260\" src=\"http:\/\/www.precision.com.gt\/wp-content\/uploads\/2019\/02\/analitica-advanced.jpeg\" class=\"attachment-large size-large\" alt=\"\" srcset=\"http:\/\/www.precision.com.gt\/wp-content\/uploads\/2019\/02\/analitica-advanced.jpeg 1010w, http:\/\/www.precision.com.gt\/wp-content\/uploads\/2019\/02\/analitica-advanced-150x39.jpeg 150w, http:\/\/www.precision.com.gt\/wp-content\/uploads\/2019\/02\/analitica-advanced-300x77.jpeg 300w, http:\/\/www.precision.com.gt\/wp-content\/uploads\/2019\/02\/analitica-advanced-768x198.jpeg 768w, http:\/\/www.precision.com.gt\/wp-content\/uploads\/2019\/02\/analitica-advanced-250x64.jpeg 250w, http:\/\/www.precision.com.gt\/wp-content\/uploads\/2019\/02\/analitica-advanced-550x142.jpeg 550w, http:\/\/www.precision.com.gt\/wp-content\/uploads\/2019\/02\/analitica-advanced-800x206.jpeg 800w, http:\/\/www.precision.com.gt\/wp-content\/uploads\/2019\/02\/analitica-advanced-699x180.jpeg 699w\" sizes=\"(max-width: 1010px) 100vw, 1010px\" \/>\t\t\t\t\t\t\t\t<\/a>\n\t\t\t\t\t\t\t\t\t\t\t<figcaption class=\"widget-image-caption wp-caption-text\">Balanzas Anal\u00edticas Advanced<\/figcaption>\n\t\t\t\t\t\t\t\t\t\t<\/figure>\n\t\t\t\t\t\t\t\t<\/div>\n\t\t\t\t\t\t<\/div>\n\t\t\t\t<\/div>\n\t\t\t\t\t\t<\/div>\n\t\t\t\t\t<\/div>\n\t\t<\/div>\n\t\t\t\t<div class=\"elementor-column elementor-col-33 elementor-top-column elementor-element elementor-element-3937f7d6\" data-id=\"3937f7d6\" data-element_type=\"column\">\n\t\t\t<div class=\"elementor-column-wrap elementor-element-populated\">\n\t\t\t\t\t\t\t<div class=\"elementor-widget-wrap\">\n\t\t\t\t\t\t<div class=\"elementor-element elementor-element-8e7d541 elementor-widget elementor-widget-image\" data-id=\"8e7d541\" data-element_type=\"widget\" data-widget_type=\"image.default\">\n\t\t\t\t<div class=\"elementor-widget-container\">\n\t\t\t\t\t\t\t\t<div class=\"elementor-image\">\n\t\t\t\t\t\t\t\t\t<figure class=\"wp-caption\">\n\t\t\t\t\t\t\t\t\t\t\t<a href=\"http:\/\/www.precision.com.gt\/home\/mettler-toledo\/balanzas-analiticas-2\/analitica-standard\/\">\n\t\t\t\t\t\t\t<img loading=\"lazy\" decoding=\"async\" width=\"1010\" height=\"260\" src=\"http:\/\/www.precision.com.gt\/wp-content\/uploads\/2019\/02\/analitica-standard.jpeg\" class=\"attachment-large size-large\" alt=\"\" srcset=\"http:\/\/www.precision.com.gt\/wp-content\/uploads\/2019\/02\/analitica-standard.jpeg 1010w, http:\/\/www.precision.com.gt\/wp-content\/uploads\/2019\/02\/analitica-standard-150x39.jpeg 150w, http:\/\/www.precision.com.gt\/wp-content\/uploads\/2019\/02\/analitica-standard-300x77.jpeg 300w, http:\/\/www.precision.com.gt\/wp-content\/uploads\/2019\/02\/analitica-standard-768x198.jpeg 768w, http:\/\/www.precision.com.gt\/wp-content\/uploads\/2019\/02\/analitica-standard-250x64.jpeg 250w, http:\/\/www.precision.com.gt\/wp-content\/uploads\/2019\/02\/analitica-standard-550x142.jpeg 550w, http:\/\/www.precision.com.gt\/wp-content\/uploads\/2019\/02\/analitica-standard-800x206.jpeg 800w, http:\/\/www.precision.com.gt\/wp-content\/uploads\/2019\/02\/analitica-standard-699x180.jpeg 699w\" sizes=\"(max-width: 1010px) 100vw, 1010px\" \/>\t\t\t\t\t\t\t\t<\/a>\n\t\t\t\t\t\t\t\t\t\t\t<figcaption class=\"widget-image-caption wp-caption-text\">Balanzas Anal\u00edticas Standard<\/figcaption>\n\t\t\t\t\t\t\t\t\t\t<\/figure>\n\t\t\t\t\t\t\t\t<\/div>\n\t\t\t\t\t\t<\/div>\n\t\t\t\t<\/div>\n\t\t\t\t\t\t<\/div>\n\t\t\t\t\t<\/div>\n\t\t<\/div>\n\t\t\t\t\t\t\t\t<\/div>\n\t\t\t\t\t<\/div>\n\t\t<\/section>\n\t\t\t\t<section class=\"elementor-section elementor-top-section elementor-element elementor-element-3c3ad01d elementor-section-boxed elementor-section-height-default elementor-section-height-default\" data-id=\"3c3ad01d\" data-element_type=\"section\">\n\t\t\t\t\t\t<div class=\"elementor-container elementor-column-gap-default\">\n\t\t\t\t\t\t\t<div class=\"elementor-row\">\n\t\t\t\t\t<div class=\"elementor-column elementor-col-33 elementor-top-column elementor-element elementor-element-3eba28ae\" data-id=\"3eba28ae\" data-element_type=\"column\">\n\t\t\t<div class=\"elementor-column-wrap\">\n\t\t\t\t\t\t\t<div class=\"elementor-widget-wrap\">\n\t\t\t\t\t\t\t\t<\/div>\n\t\t\t\t\t<\/div>\n\t\t<\/div>\n\t\t\t\t<div class=\"elementor-column elementor-col-33 elementor-top-column elementor-element elementor-element-337416c1\" data-id=\"337416c1\" data-element_type=\"column\">\n\t\t\t<div class=\"elementor-column-wrap elementor-element-populated\">\n\t\t\t\t\t\t\t<div class=\"elementor-widget-wrap\">\n\t\t\t\t\t\t<div class=\"elementor-element elementor-element-7c6462f2 elementor-position-left elementor-view-default elementor-mobile-position-top elementor-vertical-align-top elementor-widget elementor-widget-icon-box\" data-id=\"7c6462f2\" data-element_type=\"widget\" data-widget_type=\"icon-box.default\">\n\t\t\t\t<div class=\"elementor-widget-container\">\n\t\t\t\t\t<div class=\"elementor-icon-box-wrapper\">\n\t\t\t\t\t\t<div class=\"elementor-icon-box-icon\">\n\t\t\t\t<a class=\"elementor-icon elementor-animation-\" href=\"http:\/\/www.precision.com.gt\/home\/contactenos\/\">\n\t\t\t\t<i class=\"fa fa-phone-square\" aria-hidden=\"true\"><\/i>\t\t\t\t<\/a>\n\t\t\t<\/div>\n\t\t\t\t\t\t<div class=\"elementor-icon-box-content\">\n\t\t\t\t<h1 class=\"elementor-icon-box-title\">\n\t\t\t\t\t<a href=\"http:\/\/www.precision.com.gt\/home\/contactenos\/\" >\n\t\t\t\t\t\tContactenos\t\t\t\t\t<\/a>\n\t\t\t\t<\/h1>\n\t\t\t\t\t\t\t\t\t<p class=\"elementor-icon-box-description\">\n\t\t\t\t\t\tResolvemos sus dudas y preguntas\t\t\t\t\t<\/p>\n\t\t\t\t\t\t\t<\/div>\n\t\t<\/div>\n\t\t\t\t<\/div>\n\t\t\t\t<\/div>\n\t\t\t\t\t\t<\/div>\n\t\t\t\t\t<\/div>\n\t\t<\/div>\n\t\t\t\t<div class=\"elementor-column elementor-col-33 elementor-top-column elementor-element elementor-element-1b6678f4\" data-id=\"1b6678f4\" data-element_type=\"column\">\n\t\t\t<div class=\"elementor-column-wrap\">\n\t\t\t\t\t\t\t<div class=\"elementor-widget-wrap\">\n\t\t\t\t\t\t\t\t<\/div>\n\t\t\t\t\t<\/div>\n\t\t<\/div>\n\t\t\t\t\t\t\t\t<\/div>\n\t\t\t\t\t<\/div>\n\t\t<\/section>\n\t\t\t\t\t\t\t\t\t<\/div>\n\t\t\t<\/div>\n\t\t\t\t\t<\/div>\n\t\t","protected":false},"excerpt":{"rendered":"BALANZAS ANAL\u00cdTICASEl pesaje es una de las tareas m\u00e1s habituales en el laboratorio. Las balanzas se han perfeccionado hasta tal punto que no se necesitan m\u00e1rgenes especiales de pesaje. Los avances tecnol\u00f3gicos en el campo de la electr\u00f3nica han simplificado de manera notable el funcionamiento de las balanzas, lo que ha reducido los tiempos de [&hellip;]","protected":false},"author":3,"featured_media":0,"parent":708,"menu_order":0,"comment_status":"closed","ping_status":"closed","template":"elementor_header_footer","meta":{"footnotes":""},"_links":{"self":[{"href":"http:\/\/www.precision.com.gt\/home\/wp-json\/wp\/v2\/pages\/939"}],"collection":[{"href":"http:\/\/www.precision.com.gt\/home\/wp-json\/wp\/v2\/pages"}],"about":[{"href":"http:\/\/www.precision.com.gt\/home\/wp-json\/wp\/v2\/types\/page"}],"author":[{"embeddable":true,"href":"http:\/\/www.precision.com.gt\/home\/wp-json\/wp\/v2\/users\/3"}],"replies":[{"embeddable":true,"href":"http:\/\/www.precision.com.gt\/home\/wp-json\/wp\/v2\/comments?post=939"}],"version-history":[{"count":4,"href":"http:\/\/www.precision.com.gt\/home\/wp-json\/wp\/v2\/pages\/939\/revisions"}],"predecessor-version":[{"id":1734,"href":"http:\/\/www.precision.com.gt\/home\/wp-json\/wp\/v2\/pages\/939\/revisions\/1734"}],"up":[{"embeddable":true,"href":"http:\/\/www.precision.com.gt\/home\/wp-json\/wp\/v2\/pages\/708"}],"wp:attachment":[{"href":"http:\/\/www.precision.com.gt\/home\/wp-json\/wp\/v2\/media?parent=939"}],"curies":[{"name":"wp","href":"https:\/\/api.w.org\/{rel}","templated":true}]}}