{"id":993,"date":"2018-09-18T10:10:39","date_gmt":"2018-09-18T16:10:39","guid":{"rendered":"http:\/\/www.precision.com.gt\/home\/?page_id=993"},"modified":"2019-02-25T13:51:49","modified_gmt":"2019-02-25T19:51:49","slug":"estereomicroscopios-micro","status":"publish","type":"page","link":"http:\/\/www.precision.com.gt\/home\/leica-microsystems\/estereomicroscopios-micro\/","title":{"rendered":"Estereomicroscopios"},"content":{"rendered":"\t\t<div data-elementor-type=\"wp-post\" data-elementor-id=\"993\" class=\"elementor elementor-993 elementor-bc-flex-widget\">\n\t\t\t\t\t\t<div class=\"elementor-inner\">\n\t\t\t\t<div class=\"elementor-section-wrap\">\n\t\t\t\t\t\t\t\t\t<section class=\"elementor-section elementor-top-section elementor-element elementor-element-2b3706d2 elementor-section-boxed elementor-section-height-default elementor-section-height-default\" data-id=\"2b3706d2\" data-element_type=\"section\">\n\t\t\t\t\t\t<div class=\"elementor-container elementor-column-gap-default\">\n\t\t\t\t\t\t\t<div class=\"elementor-row\">\n\t\t\t\t\t<div class=\"elementor-column elementor-col-50 elementor-top-column elementor-element elementor-element-53d2a041\" data-id=\"53d2a041\" data-element_type=\"column\">\n\t\t\t<div class=\"elementor-column-wrap elementor-element-populated\">\n\t\t\t\t\t\t\t<div class=\"elementor-widget-wrap\">\n\t\t\t\t\t\t<div class=\"elementor-element elementor-element-87198f8 elementor-widget elementor-widget-text-editor\" data-id=\"87198f8\" data-element_type=\"widget\" data-widget_type=\"text-editor.default\">\n\t\t\t\t<div class=\"elementor-widget-container\">\n\t\t\t\t\t\t\t\t<div class=\"elementor-text-editor elementor-clearfix\">\n\t\t\t\t<h1>ESTEREOMICROSCOPIOS<\/h1><p>Los microscopios estereosc\u00f3picos de Leica Microsystems le permiten ver, analizar y documentar sus muestras en dos y tres dimensiones. Estos sistemas de im\u00e1genes, cuando se combinan con una iluminaci\u00f3n LED n\u00edtida, c\u00e1maras digitales de alto rendimiento y el software Leica Application Suite f\u00e1cil de usar, proporcionan soluciones potentes para an\u00e1lisis y documentaci\u00f3n precisa.<\/p>\t\t\t\t\t<\/div>\n\t\t\t\t\t\t<\/div>\n\t\t\t\t<\/div>\n\t\t\t\t\t\t<\/div>\n\t\t\t\t\t<\/div>\n\t\t<\/div>\n\t\t\t\t<div class=\"elementor-column elementor-col-50 elementor-top-column elementor-element elementor-element-7d5df\" data-id=\"7d5df\" data-element_type=\"column\">\n\t\t\t<div class=\"elementor-column-wrap elementor-element-populated\">\n\t\t\t\t\t\t\t<div class=\"elementor-widget-wrap\">\n\t\t\t\t\t\t<div class=\"elementor-element elementor-element-328e9b40 elementor-widget elementor-widget-image\" data-id=\"328e9b40\" data-element_type=\"widget\" data-widget_type=\"image.default\">\n\t\t\t\t<div class=\"elementor-widget-container\">\n\t\t\t\t\t\t\t\t<div class=\"elementor-image\">\n\t\t\t\t\t\t\t\t\t\t\t\t<img loading=\"lazy\" decoding=\"async\" width=\"150\" height=\"91\" src=\"http:\/\/www.precision.com.gt\/wp-content\/uploads\/2018\/01\/Logo-Leica-Microsystems-150x91.jpg\" class=\"attachment-thumbnail size-thumbnail\" alt=\"\" srcset=\"http:\/\/www.precision.com.gt\/wp-content\/uploads\/2018\/01\/Logo-Leica-Microsystems-150x91.jpg 150w, http:\/\/www.precision.com.gt\/wp-content\/uploads\/2018\/01\/Logo-Leica-Microsystems-300x182.jpg 300w, http:\/\/www.precision.com.gt\/wp-content\/uploads\/2018\/01\/Logo-Leica-Microsystems-768x465.jpg 768w, http:\/\/www.precision.com.gt\/wp-content\/uploads\/2018\/01\/Logo-Leica-Microsystems-1024x620.jpg 1024w, http:\/\/www.precision.com.gt\/wp-content\/uploads\/2018\/01\/Logo-Leica-Microsystems-570x350.jpg 570w, http:\/\/www.precision.com.gt\/wp-content\/uploads\/2018\/01\/Logo-Leica-Microsystems-250x151.jpg 250w, http:\/\/www.precision.com.gt\/wp-content\/uploads\/2018\/01\/Logo-Leica-Microsystems-550x333.jpg 550w, http:\/\/www.precision.com.gt\/wp-content\/uploads\/2018\/01\/Logo-Leica-Microsystems-800x485.jpg 800w, http:\/\/www.precision.com.gt\/wp-content\/uploads\/2018\/01\/Logo-Leica-Microsystems-297x180.jpg 297w, http:\/\/www.precision.com.gt\/wp-content\/uploads\/2018\/01\/Logo-Leica-Microsystems-495x300.jpg 495w, http:\/\/www.precision.com.gt\/wp-content\/uploads\/2018\/01\/Logo-Leica-Microsystems-825x500.jpg 825w\" sizes=\"(max-width: 150px) 100vw, 150px\" \/>\t\t\t\t\t\t\t\t\t\t\t\t\t\t<\/div>\n\t\t\t\t\t\t<\/div>\n\t\t\t\t<\/div>\n\t\t\t\t<div class=\"elementor-element elementor-element-183228d4 elementor-button-danger elementor-align-center elementor-widget elementor-widget-button\" data-id=\"183228d4\" data-element_type=\"widget\" data-widget_type=\"button.default\">\n\t\t\t\t<div class=\"elementor-widget-container\">\n\t\t\t\t\t<div class=\"elementor-button-wrapper\">\n\t\t\t<a href=\"http:\/\/www.precision.com.gt\/home\/leica-microsystems\/\" class=\"elementor-button-link elementor-button elementor-size-xs\" role=\"button\">\n\t\t\t\t\t\t<span class=\"elementor-button-content-wrapper\">\n\t\t\t\t\t\t\t<span class=\"elementor-button-icon elementor-align-icon-left\">\n\t\t\t\t\t\t\t\t\t<i class=\"fa fa-mail-reply\" aria-hidden=\"true\"><\/i>\n\t\t\t\t\t\t\t<\/span>\n\t\t\t\t\t\t<span class=\"elementor-button-text\">Regresar \/ Ver Todo<\/span>\n\t\t<\/span>\n\t\t\t\t\t<\/a>\n\t\t<\/div>\n\t\t\t\t<\/div>\n\t\t\t\t<\/div>\n\t\t\t\t\t\t<\/div>\n\t\t\t\t\t<\/div>\n\t\t<\/div>\n\t\t\t\t\t\t\t\t<\/div>\n\t\t\t\t\t<\/div>\n\t\t<\/section>\n\t\t\t\t<section class=\"elementor-section elementor-top-section elementor-element elementor-element-4450c46 elementor-section-boxed elementor-section-height-default elementor-section-height-default\" data-id=\"4450c46\" data-element_type=\"section\">\n\t\t\t\t\t\t<div class=\"elementor-container elementor-column-gap-default\">\n\t\t\t\t\t\t\t<div class=\"elementor-row\">\n\t\t\t\t\t<div class=\"elementor-column elementor-col-33 elementor-top-column elementor-element elementor-element-fc2bf5b\" data-id=\"fc2bf5b\" data-element_type=\"column\">\n\t\t\t<div class=\"elementor-column-wrap elementor-element-populated\">\n\t\t\t\t\t\t\t<div class=\"elementor-widget-wrap\">\n\t\t\t\t\t\t<div class=\"elementor-element elementor-element-a30f7de elementor-widget elementor-widget-image\" data-id=\"a30f7de\" data-element_type=\"widget\" data-widget_type=\"image.default\">\n\t\t\t\t<div class=\"elementor-widget-container\">\n\t\t\t\t\t\t\t\t<div class=\"elementor-image\">\n\t\t\t\t\t\t\t\t\t<figure class=\"wp-caption\">\n\t\t\t\t\t\t\t\t\t\t\t<a href=\"http:\/\/www.precision.com.gt\/home\/leica-microsystems\/estereomicroscopios-micro\/estereoscopios-educativos\/\">\n\t\t\t\t\t\t\t<img loading=\"lazy\" decoding=\"async\" width=\"750\" height=\"500\" src=\"http:\/\/www.precision.com.gt\/wp-content\/uploads\/2019\/02\/Estereo-educativo.jpg\" class=\"attachment-large size-large\" alt=\"\" srcset=\"http:\/\/www.precision.com.gt\/wp-content\/uploads\/2019\/02\/Estereo-educativo.jpg 750w, http:\/\/www.precision.com.gt\/wp-content\/uploads\/2019\/02\/Estereo-educativo-150x100.jpg 150w, http:\/\/www.precision.com.gt\/wp-content\/uploads\/2019\/02\/Estereo-educativo-300x200.jpg 300w, http:\/\/www.precision.com.gt\/wp-content\/uploads\/2019\/02\/Estereo-educativo-250x167.jpg 250w, http:\/\/www.precision.com.gt\/wp-content\/uploads\/2019\/02\/Estereo-educativo-550x367.jpg 550w, http:\/\/www.precision.com.gt\/wp-content\/uploads\/2019\/02\/Estereo-educativo-270x180.jpg 270w, http:\/\/www.precision.com.gt\/wp-content\/uploads\/2019\/02\/Estereo-educativo-450x300.jpg 450w\" sizes=\"(max-width: 750px) 100vw, 750px\" \/>\t\t\t\t\t\t\t\t<\/a>\n\t\t\t\t\t\t\t\t\t\t\t<figcaption class=\"widget-image-caption wp-caption-text\">Estereosmicroscopios Educativos<\/figcaption>\n\t\t\t\t\t\t\t\t\t\t<\/figure>\n\t\t\t\t\t\t\t\t<\/div>\n\t\t\t\t\t\t<\/div>\n\t\t\t\t<\/div>\n\t\t\t\t<div class=\"elementor-element elementor-element-2031f51 elementor-widget elementor-widget-image\" data-id=\"2031f51\" data-element_type=\"widget\" data-widget_type=\"image.default\">\n\t\t\t\t<div class=\"elementor-widget-container\">\n\t\t\t\t\t\t\t\t<div class=\"elementor-image\">\n\t\t\t\t\t\t\t\t\t<figure class=\"wp-caption\">\n\t\t\t\t\t\t\t\t\t\t\t<a href=\"http:\/\/www.precision.com.gt\/home\/leica-microsystems\/estereomicroscopios-micro\/estereos-investigacion-avanzada\/\">\n\t\t\t\t\t\t\t<img loading=\"lazy\" decoding=\"async\" width=\"800\" height=\"617\" src=\"http:\/\/www.precision.com.gt\/wp-content\/uploads\/2019\/02\/estereos-investigacion-avanzada.jpg\" class=\"attachment-large size-large\" alt=\"\" srcset=\"http:\/\/www.precision.com.gt\/wp-content\/uploads\/2019\/02\/estereos-investigacion-avanzada.jpg 800w, http:\/\/www.precision.com.gt\/wp-content\/uploads\/2019\/02\/estereos-investigacion-avanzada-150x116.jpg 150w, http:\/\/www.precision.com.gt\/wp-content\/uploads\/2019\/02\/estereos-investigacion-avanzada-300x231.jpg 300w, http:\/\/www.precision.com.gt\/wp-content\/uploads\/2019\/02\/estereos-investigacion-avanzada-768x592.jpg 768w, http:\/\/www.precision.com.gt\/wp-content\/uploads\/2019\/02\/estereos-investigacion-avanzada-250x193.jpg 250w, http:\/\/www.precision.com.gt\/wp-content\/uploads\/2019\/02\/estereos-investigacion-avanzada-550x424.jpg 550w, http:\/\/www.precision.com.gt\/wp-content\/uploads\/2019\/02\/estereos-investigacion-avanzada-233x180.jpg 233w, http:\/\/www.precision.com.gt\/wp-content\/uploads\/2019\/02\/estereos-investigacion-avanzada-389x300.jpg 389w, http:\/\/www.precision.com.gt\/wp-content\/uploads\/2019\/02\/estereos-investigacion-avanzada-648x500.jpg 648w\" sizes=\"(max-width: 800px) 100vw, 800px\" \/>\t\t\t\t\t\t\t\t<\/a>\n\t\t\t\t\t\t\t\t\t\t\t<figcaption class=\"widget-image-caption wp-caption-text\">Estereomicroscopios para Investigaci\u00f3n Avanzada<\/figcaption>\n\t\t\t\t\t\t\t\t\t\t<\/figure>\n\t\t\t\t\t\t\t\t<\/div>\n\t\t\t\t\t\t<\/div>\n\t\t\t\t<\/div>\n\t\t\t\t\t\t<\/div>\n\t\t\t\t\t<\/div>\n\t\t<\/div>\n\t\t\t\t<div class=\"elementor-column elementor-col-33 elementor-top-column elementor-element elementor-element-c4cd662\" data-id=\"c4cd662\" data-element_type=\"column\">\n\t\t\t<div class=\"elementor-column-wrap elementor-element-populated\">\n\t\t\t\t\t\t\t<div class=\"elementor-widget-wrap\">\n\t\t\t\t\t\t<div class=\"elementor-element elementor-element-27530a4 elementor-widget elementor-widget-image\" data-id=\"27530a4\" data-element_type=\"widget\" data-widget_type=\"image.default\">\n\t\t\t\t<div class=\"elementor-widget-container\">\n\t\t\t\t\t\t\t\t<div class=\"elementor-image\">\n\t\t\t\t\t\t\t\t\t<figure class=\"wp-caption\">\n\t\t\t\t\t\t\t\t\t\t\t<a href=\"http:\/\/www.precision.com.gt\/home\/leica-microsystems\/estereomicroscopios-micro\/estereomicroscopios-manuales-de-rutina\/\">\n\t\t\t\t\t\t\t<img loading=\"lazy\" decoding=\"async\" width=\"750\" height=\"452\" src=\"http:\/\/www.precision.com.gt\/wp-content\/uploads\/2019\/02\/ESTEREOS-RUTINA.jpg\" class=\"attachment-large size-large\" alt=\"\" srcset=\"http:\/\/www.precision.com.gt\/wp-content\/uploads\/2019\/02\/ESTEREOS-RUTINA.jpg 750w, http:\/\/www.precision.com.gt\/wp-content\/uploads\/2019\/02\/ESTEREOS-RUTINA-150x90.jpg 150w, http:\/\/www.precision.com.gt\/wp-content\/uploads\/2019\/02\/ESTEREOS-RUTINA-300x181.jpg 300w, http:\/\/www.precision.com.gt\/wp-content\/uploads\/2019\/02\/ESTEREOS-RUTINA-250x151.jpg 250w, http:\/\/www.precision.com.gt\/wp-content\/uploads\/2019\/02\/ESTEREOS-RUTINA-550x331.jpg 550w, http:\/\/www.precision.com.gt\/wp-content\/uploads\/2019\/02\/ESTEREOS-RUTINA-299x180.jpg 299w, http:\/\/www.precision.com.gt\/wp-content\/uploads\/2019\/02\/ESTEREOS-RUTINA-498x300.jpg 498w\" sizes=\"(max-width: 750px) 100vw, 750px\" \/>\t\t\t\t\t\t\t\t<\/a>\n\t\t\t\t\t\t\t\t\t\t\t<figcaption class=\"widget-image-caption wp-caption-text\">Estereomicroscopios Manuales de Rutina<\/figcaption>\n\t\t\t\t\t\t\t\t\t\t<\/figure>\n\t\t\t\t\t\t\t\t<\/div>\n\t\t\t\t\t\t<\/div>\n\t\t\t\t<\/div>\n\t\t\t\t\t\t<\/div>\n\t\t\t\t\t<\/div>\n\t\t<\/div>\n\t\t\t\t<div class=\"elementor-column elementor-col-33 elementor-top-column elementor-element elementor-element-f471356\" data-id=\"f471356\" data-element_type=\"column\">\n\t\t\t<div class=\"elementor-column-wrap elementor-element-populated\">\n\t\t\t\t\t\t\t<div class=\"elementor-widget-wrap\">\n\t\t\t\t\t\t<div class=\"elementor-element elementor-element-79f9863 elementor-widget elementor-widget-image\" data-id=\"79f9863\" data-element_type=\"widget\" data-widget_type=\"image.default\">\n\t\t\t\t<div class=\"elementor-widget-container\">\n\t\t\t\t\t\t\t\t<div class=\"elementor-image\">\n\t\t\t\t\t\t\t\t\t<figure class=\"wp-caption\">\n\t\t\t\t\t\t\t\t\t\t\t<a href=\"http:\/\/www.precision.com.gt\/home\/leica-microsystems\/estereomicroscopios-micro\/estereos-investigacion-media\/\">\n\t\t\t\t\t\t\t<img loading=\"lazy\" decoding=\"async\" width=\"1023\" height=\"545\" src=\"http:\/\/www.precision.com.gt\/wp-content\/uploads\/2019\/02\/estereos-investigacion.jpg\" class=\"attachment-large size-large\" alt=\"\" srcset=\"http:\/\/www.precision.com.gt\/wp-content\/uploads\/2019\/02\/estereos-investigacion.jpg 1023w, http:\/\/www.precision.com.gt\/wp-content\/uploads\/2019\/02\/estereos-investigacion-150x80.jpg 150w, http:\/\/www.precision.com.gt\/wp-content\/uploads\/2019\/02\/estereos-investigacion-300x160.jpg 300w, http:\/\/www.precision.com.gt\/wp-content\/uploads\/2019\/02\/estereos-investigacion-768x409.jpg 768w, http:\/\/www.precision.com.gt\/wp-content\/uploads\/2019\/02\/estereos-investigacion-250x133.jpg 250w, http:\/\/www.precision.com.gt\/wp-content\/uploads\/2019\/02\/estereos-investigacion-550x293.jpg 550w, http:\/\/www.precision.com.gt\/wp-content\/uploads\/2019\/02\/estereos-investigacion-800x426.jpg 800w, http:\/\/www.precision.com.gt\/wp-content\/uploads\/2019\/02\/estereos-investigacion-338x180.jpg 338w, http:\/\/www.precision.com.gt\/wp-content\/uploads\/2019\/02\/estereos-investigacion-563x300.jpg 563w, http:\/\/www.precision.com.gt\/wp-content\/uploads\/2019\/02\/estereos-investigacion-939x500.jpg 939w\" sizes=\"(max-width: 1023px) 100vw, 1023px\" \/>\t\t\t\t\t\t\t\t<\/a>\n\t\t\t\t\t\t\t\t\t\t\t<figcaption class=\"widget-image-caption wp-caption-text\">Estereoscopios para Investigaci\u00f3n Media<\/figcaption>\n\t\t\t\t\t\t\t\t\t\t<\/figure>\n\t\t\t\t\t\t\t\t<\/div>\n\t\t\t\t\t\t<\/div>\n\t\t\t\t<\/div>\n\t\t\t\t\t\t<\/div>\n\t\t\t\t\t<\/div>\n\t\t<\/div>\n\t\t\t\t\t\t\t\t<\/div>\n\t\t\t\t\t<\/div>\n\t\t<\/section>\n\t\t\t\t<section class=\"elementor-section elementor-top-section elementor-element elementor-element-7e1cbff2 elementor-section-boxed elementor-section-height-default elementor-section-height-default\" data-id=\"7e1cbff2\" data-element_type=\"section\">\n\t\t\t\t\t\t<div class=\"elementor-container elementor-column-gap-default\">\n\t\t\t\t\t\t\t<div class=\"elementor-row\">\n\t\t\t\t\t<div class=\"elementor-column elementor-col-33 elementor-top-column elementor-element elementor-element-387e9fe1\" data-id=\"387e9fe1\" data-element_type=\"column\">\n\t\t\t<div class=\"elementor-column-wrap\">\n\t\t\t\t\t\t\t<div class=\"elementor-widget-wrap\">\n\t\t\t\t\t\t\t\t<\/div>\n\t\t\t\t\t<\/div>\n\t\t<\/div>\n\t\t\t\t<div class=\"elementor-column elementor-col-33 elementor-top-column elementor-element elementor-element-2040eb83\" data-id=\"2040eb83\" data-element_type=\"column\">\n\t\t\t<div class=\"elementor-column-wrap elementor-element-populated\">\n\t\t\t\t\t\t\t<div class=\"elementor-widget-wrap\">\n\t\t\t\t\t\t<div class=\"elementor-element elementor-element-7463f4b5 elementor-position-left elementor-view-default elementor-mobile-position-top elementor-vertical-align-top elementor-widget elementor-widget-icon-box\" data-id=\"7463f4b5\" data-element_type=\"widget\" data-widget_type=\"icon-box.default\">\n\t\t\t\t<div class=\"elementor-widget-container\">\n\t\t\t\t\t<div class=\"elementor-icon-box-wrapper\">\n\t\t\t\t\t\t<div class=\"elementor-icon-box-icon\">\n\t\t\t\t<a class=\"elementor-icon elementor-animation-\" href=\"http:\/\/www.precision.com.gt\/home\/contactenos\/\">\n\t\t\t\t<i class=\"fa fa-phone-square\" aria-hidden=\"true\"><\/i>\t\t\t\t<\/a>\n\t\t\t<\/div>\n\t\t\t\t\t\t<div class=\"elementor-icon-box-content\">\n\t\t\t\t<h1 class=\"elementor-icon-box-title\">\n\t\t\t\t\t<a href=\"http:\/\/www.precision.com.gt\/home\/contactenos\/\" >\n\t\t\t\t\t\tContactenos\t\t\t\t\t<\/a>\n\t\t\t\t<\/h1>\n\t\t\t\t\t\t\t\t\t<p class=\"elementor-icon-box-description\">\n\t\t\t\t\t\tResolvemos sus dudas y preguntas\t\t\t\t\t<\/p>\n\t\t\t\t\t\t\t<\/div>\n\t\t<\/div>\n\t\t\t\t<\/div>\n\t\t\t\t<\/div>\n\t\t\t\t\t\t<\/div>\n\t\t\t\t\t<\/div>\n\t\t<\/div>\n\t\t\t\t<div class=\"elementor-column elementor-col-33 elementor-top-column elementor-element elementor-element-32993f51\" data-id=\"32993f51\" data-element_type=\"column\">\n\t\t\t<div class=\"elementor-column-wrap\">\n\t\t\t\t\t\t\t<div class=\"elementor-widget-wrap\">\n\t\t\t\t\t\t\t\t<\/div>\n\t\t\t\t\t<\/div>\n\t\t<\/div>\n\t\t\t\t\t\t\t\t<\/div>\n\t\t\t\t\t<\/div>\n\t\t<\/section>\n\t\t\t\t\t\t\t\t\t<\/div>\n\t\t\t<\/div>\n\t\t\t\t\t<\/div>\n\t\t","protected":false},"excerpt":{"rendered":"ESTEREOMICROSCOPIOSLos microscopios estereosc\u00f3picos de Leica Microsystems le permiten ver, analizar y documentar sus muestras en dos y tres dimensiones. Estos sistemas de im\u00e1genes, cuando se combinan con una iluminaci\u00f3n LED n\u00edtida, c\u00e1maras digitales de alto rendimiento y el software Leica Application Suite f\u00e1cil de usar, proporcionan soluciones potentes para an\u00e1lisis y documentaci\u00f3n precisa. Regresar \/ [&hellip;]","protected":false},"author":3,"featured_media":0,"parent":706,"menu_order":0,"comment_status":"closed","ping_status":"closed","template":"elementor_header_footer","meta":{"footnotes":""},"_links":{"self":[{"href":"http:\/\/www.precision.com.gt\/home\/wp-json\/wp\/v2\/pages\/993"}],"collection":[{"href":"http:\/\/www.precision.com.gt\/home\/wp-json\/wp\/v2\/pages"}],"about":[{"href":"http:\/\/www.precision.com.gt\/home\/wp-json\/wp\/v2\/types\/page"}],"author":[{"embeddable":true,"href":"http:\/\/www.precision.com.gt\/home\/wp-json\/wp\/v2\/users\/3"}],"replies":[{"embeddable":true,"href":"http:\/\/www.precision.com.gt\/home\/wp-json\/wp\/v2\/comments?post=993"}],"version-history":[{"count":7,"href":"http:\/\/www.precision.com.gt\/home\/wp-json\/wp\/v2\/pages\/993\/revisions"}],"predecessor-version":[{"id":1588,"href":"http:\/\/www.precision.com.gt\/home\/wp-json\/wp\/v2\/pages\/993\/revisions\/1588"}],"up":[{"embeddable":true,"href":"http:\/\/www.precision.com.gt\/home\/wp-json\/wp\/v2\/pages\/706"}],"wp:attachment":[{"href":"http:\/\/www.precision.com.gt\/home\/wp-json\/wp\/v2\/media?parent=993"}],"curies":[{"name":"wp","href":"https:\/\/api.w.org\/{rel}","templated":true}]}}