{"id":947,"date":"2018-09-17T11:57:34","date_gmt":"2018-09-17T17:57:34","guid":{"rendered":"http:\/\/www.precision.com.gt\/home\/?page_id=947"},"modified":"2019-02-27T14:31:37","modified_gmt":"2019-02-27T20:31:37","slug":"microbalanzas-y-ultramicrobalanzas","status":"publish","type":"page","link":"https:\/\/www.precision.com.gt\/home\/mettler-toledo\/microbalanzas-y-ultramicrobalanzas\/","title":{"rendered":"Microbalanzas y Ultramicrobalanzas"},"content":{"rendered":"\t\t<div data-elementor-type=\"wp-post\" data-elementor-id=\"947\" class=\"elementor elementor-947 elementor-bc-flex-widget\">\n\t\t\t\t\t\t<div class=\"elementor-inner\">\n\t\t\t\t<div class=\"elementor-section-wrap\">\n\t\t\t\t\t\t\t\t\t<section class=\"elementor-section elementor-top-section elementor-element elementor-element-e559360 elementor-section-boxed elementor-section-height-default elementor-section-height-default\" data-id=\"e559360\" data-element_type=\"section\">\n\t\t\t\t\t\t<div class=\"elementor-container elementor-column-gap-default\">\n\t\t\t\t\t\t\t<div class=\"elementor-row\">\n\t\t\t\t\t<div class=\"elementor-column elementor-col-50 elementor-top-column elementor-element elementor-element-6dc8c04f\" data-id=\"6dc8c04f\" data-element_type=\"column\">\n\t\t\t<div class=\"elementor-column-wrap elementor-element-populated\">\n\t\t\t\t\t\t\t<div class=\"elementor-widget-wrap\">\n\t\t\t\t\t\t<div class=\"elementor-element elementor-element-6cbad43e elementor-widget elementor-widget-text-editor\" data-id=\"6cbad43e\" data-element_type=\"widget\" data-widget_type=\"text-editor.default\">\n\t\t\t\t<div class=\"elementor-widget-container\">\n\t\t\t\t\t\t\t\t<div class=\"elementor-text-editor elementor-clearfix\">\n\t\t\t\t<h1>MICROBALANZAS Y ULTRAMICROBALANZAS<\/h1><p>Una microbalanza o una ultramicrobalanza ofrecen la mayor precisi\u00f3n posible entre todas las balanzas de laboratorio. Esta elevada sensibilidad en el dise\u00f1o de las microbalanzas permite el pesaje de cantidades de muestra con un peso de tan solo 30\u00a0\u03bcg; pero a la vez\u00a0es un instrumento extremadamente sensible que a la m\u00e1s ligera perturbaci\u00f3n provocada por el entorno o la interacci\u00f3n del usuario puede afectar notablemente a la estabilidad de la medici\u00f3n como: las\u00a0vibraciones, las corrientes de aire, el polvo y las fluctuaciones de temperatura, y solo se deben utilizar cuando la temperatura ambiente y la humedad se puedan mantener en un nivel estable, lejos de respiraderos, ventanas y puertas.<\/p><p>Las\u00a0microbalanza y ultramicrobalanza de METTLER TOLEDO cuentan con un sistema de control activo de la temperatura (ATC\u2122). Esto aumenta la estabilidad del pesaje y permite obtener un nivel excelente de rendimiento y precisi\u00f3n.<\/p>\t\t\t\t\t<\/div>\n\t\t\t\t\t\t<\/div>\n\t\t\t\t<\/div>\n\t\t\t\t<div class=\"elementor-element elementor-element-293af6d elementor-widget elementor-widget-text-editor\" data-id=\"293af6d\" data-element_type=\"widget\" data-widget_type=\"text-editor.default\">\n\t\t\t\t<div class=\"elementor-widget-container\">\n\t\t\t\t\t\t\t\t<div class=\"elementor-text-editor elementor-clearfix\">\n\t\t\t\t<h1><strong>PRODUCTOS<\/strong><\/h1>\t\t\t\t\t<\/div>\n\t\t\t\t\t\t<\/div>\n\t\t\t\t<\/div>\n\t\t\t\t\t\t<\/div>\n\t\t\t\t\t<\/div>\n\t\t<\/div>\n\t\t\t\t<div class=\"elementor-column elementor-col-50 elementor-top-column elementor-element elementor-element-45e4747d\" data-id=\"45e4747d\" data-element_type=\"column\">\n\t\t\t<div class=\"elementor-column-wrap elementor-element-populated\">\n\t\t\t\t\t\t\t<div class=\"elementor-widget-wrap\">\n\t\t\t\t\t\t<div class=\"elementor-element elementor-element-4713fa74 elementor-widget elementor-widget-image\" data-id=\"4713fa74\" data-element_type=\"widget\" data-widget_type=\"image.default\">\n\t\t\t\t<div class=\"elementor-widget-container\">\n\t\t\t\t\t\t\t\t<div class=\"elementor-image\">\n\t\t\t\t\t\t\t\t\t\t\t\t<img loading=\"lazy\" decoding=\"async\" width=\"150\" height=\"93\" src=\"https:\/\/www.precision.com.gt\/wp-content\/uploads\/2018\/09\/Mettler-Toledo-grande-150x93.png\" class=\"attachment-thumbnail size-thumbnail\" alt=\"\" srcset=\"https:\/\/www.precision.com.gt\/wp-content\/uploads\/2018\/09\/Mettler-Toledo-grande-150x93.png 150w, https:\/\/www.precision.com.gt\/wp-content\/uploads\/2018\/09\/Mettler-Toledo-grande-300x186.png 300w, https:\/\/www.precision.com.gt\/wp-content\/uploads\/2018\/09\/Mettler-Toledo-grande-768x476.png 768w, https:\/\/www.precision.com.gt\/wp-content\/uploads\/2018\/09\/Mettler-Toledo-grande-1024x634.png 1024w, https:\/\/www.precision.com.gt\/wp-content\/uploads\/2018\/09\/Mettler-Toledo-grande-340x210.png 340w, https:\/\/www.precision.com.gt\/wp-content\/uploads\/2018\/09\/Mettler-Toledo-grande-570x350.png 570w, https:\/\/www.precision.com.gt\/wp-content\/uploads\/2018\/09\/Mettler-Toledo-grande-250x155.png 250w, https:\/\/www.precision.com.gt\/wp-content\/uploads\/2018\/09\/Mettler-Toledo-grande-550x341.png 550w, https:\/\/www.precision.com.gt\/wp-content\/uploads\/2018\/09\/Mettler-Toledo-grande-800x496.png 800w, https:\/\/www.precision.com.gt\/wp-content\/uploads\/2018\/09\/Mettler-Toledo-grande-291x180.png 291w, https:\/\/www.precision.com.gt\/wp-content\/uploads\/2018\/09\/Mettler-Toledo-grande-484x300.png 484w, https:\/\/www.precision.com.gt\/wp-content\/uploads\/2018\/09\/Mettler-Toledo-grande-807x500.png 807w, https:\/\/www.precision.com.gt\/wp-content\/uploads\/2018\/09\/Mettler-Toledo-grande.png 2000w\" sizes=\"(max-width: 150px) 100vw, 150px\" \/>\t\t\t\t\t\t\t\t\t\t\t\t\t\t<\/div>\n\t\t\t\t\t\t<\/div>\n\t\t\t\t<\/div>\n\t\t\t\t<div class=\"elementor-element elementor-element-37e038b7 elementor-button-danger elementor-align-center elementor-widget elementor-widget-button\" data-id=\"37e038b7\" data-element_type=\"widget\" data-widget_type=\"button.default\">\n\t\t\t\t<div class=\"elementor-widget-container\">\n\t\t\t\t\t<div class=\"elementor-button-wrapper\">\n\t\t\t<a href=\"http:\/\/www.precision.com.gt\/home\/mettler-toledo\/\" class=\"elementor-button-link elementor-button elementor-size-xs\" role=\"button\">\n\t\t\t\t\t\t<span class=\"elementor-button-content-wrapper\">\n\t\t\t\t\t\t\t<span class=\"elementor-button-icon elementor-align-icon-left\">\n\t\t\t\t\t\t\t\t\t<i class=\"fa fa-mail-reply\" aria-hidden=\"true\"><\/i>\n\t\t\t\t\t\t\t<\/span>\n\t\t\t\t\t\t<span class=\"elementor-button-text\">Regresar \/ Ver Todo<\/span>\n\t\t<\/span>\n\t\t\t\t\t<\/a>\n\t\t<\/div>\n\t\t\t\t<\/div>\n\t\t\t\t<\/div>\n\t\t\t\t\t\t<\/div>\n\t\t\t\t\t<\/div>\n\t\t<\/div>\n\t\t\t\t\t\t\t\t<\/div>\n\t\t\t\t\t<\/div>\n\t\t<\/section>\n\t\t\t\t<section class=\"elementor-section elementor-top-section elementor-element elementor-element-6f861da8 elementor-section-boxed elementor-section-height-default elementor-section-height-default\" data-id=\"6f861da8\" data-element_type=\"section\">\n\t\t\t\t\t\t<div class=\"elementor-container elementor-column-gap-default\">\n\t\t\t\t\t\t\t<div class=\"elementor-row\">\n\t\t\t\t\t<div class=\"elementor-column elementor-col-50 elementor-top-column elementor-element elementor-element-2f3aa065\" data-id=\"2f3aa065\" data-element_type=\"column\">\n\t\t\t<div class=\"elementor-column-wrap elementor-element-populated\">\n\t\t\t\t\t\t\t<div class=\"elementor-widget-wrap\">\n\t\t\t\t\t\t<div class=\"elementor-element elementor-element-1eb307bd elementor-position-top elementor-vertical-align-top elementor-widget elementor-widget-image-box\" data-id=\"1eb307bd\" data-element_type=\"widget\" data-widget_type=\"image-box.default\">\n\t\t\t\t<div class=\"elementor-widget-container\">\n\t\t\t<div class=\"elementor-image-box-wrapper\"><figure class=\"elementor-image-box-img\"><img loading=\"lazy\" decoding=\"async\" width=\"250\" height=\"157\" src=\"https:\/\/www.precision.com.gt\/wp-content\/uploads\/2019\/02\/Ultramicro-balanzas-xpr.png\" class=\"attachment-medium size-medium\" alt=\"\" \/><\/figure><div class=\"elementor-image-box-content\"><h3 class=\"elementor-image-box-title\">Ultramicrobalanza XPR<\/h3><p class=\"elementor-image-box-description\">Rendimiento sobresaliente con cantidades m\u00ednimas de muestras. Capacidad de 2.1g a 10.1g; legibilidad de 1\u03bcg a 0.1\u03bcg. Validez de los resultados garantizada. Dise\u00f1o con cortaaires para facilitar la limpieza y ahorrar espacio.<\/p><\/div><\/div>\t\t<\/div>\n\t\t\t\t<\/div>\n\t\t\t\t<div class=\"elementor-element elementor-element-1f626d4f elementor-button-success elementor-align-center elementor-widget elementor-widget-button\" data-id=\"1f626d4f\" data-element_type=\"widget\" data-widget_type=\"button.default\">\n\t\t\t\t<div class=\"elementor-widget-container\">\n\t\t\t\t\t<div class=\"elementor-button-wrapper\">\n\t\t\t<a href=\"http:\/\/www.precision.com.gt\/wp-content\/uploads\/2019\/02\/DS_XPR_Micro_ES.pdf\" class=\"elementor-button-link elementor-button elementor-size-xs\" role=\"button\">\n\t\t\t\t\t\t<span class=\"elementor-button-content-wrapper\">\n\t\t\t\t\t\t\t<span class=\"elementor-button-icon elementor-align-icon-left\">\n\t\t\t\t\t\t\t\t\t<i class=\"fa fa-info-circle\" aria-hidden=\"true\"><\/i>\n\t\t\t\t\t\t\t<\/span>\n\t\t\t\t\t\t<span class=\"elementor-button-text\">M\u00e1s Informaci\u00f3n<\/span>\n\t\t<\/span>\n\t\t\t\t\t<\/a>\n\t\t<\/div>\n\t\t\t\t<\/div>\n\t\t\t\t<\/div>\n\t\t\t\t\t\t<\/div>\n\t\t\t\t\t<\/div>\n\t\t<\/div>\n\t\t\t\t<div class=\"elementor-column elementor-col-50 elementor-top-column elementor-element elementor-element-2cec2ca6\" data-id=\"2cec2ca6\" data-element_type=\"column\">\n\t\t\t<div class=\"elementor-column-wrap elementor-element-populated\">\n\t\t\t\t\t\t\t<div class=\"elementor-widget-wrap\">\n\t\t\t\t\t\t<div class=\"elementor-element elementor-element-213a32a3 elementor-position-top elementor-vertical-align-top elementor-widget elementor-widget-image-box\" data-id=\"213a32a3\" data-element_type=\"widget\" data-widget_type=\"image-box.default\">\n\t\t\t\t<div class=\"elementor-widget-container\">\n\t\t\t<div class=\"elementor-image-box-wrapper\"><figure class=\"elementor-image-box-img\"><img loading=\"lazy\" decoding=\"async\" width=\"250\" height=\"250\" src=\"https:\/\/www.precision.com.gt\/wp-content\/uploads\/2019\/02\/Micro-balanzas-xpr.png\" class=\"attachment-medium size-medium\" alt=\"\" \/><\/figure><div class=\"elementor-image-box-content\"><h3 class=\"elementor-image-box-title\">Microbalanza XPR<\/h3><p class=\"elementor-image-box-description\">Capacidad de 5.1g a 220g; legibilidad de 1\u03bcg a 0.01mg. Mide el error de pesaje debido a una carga electrost\u00e1tica y avisa cuando se superan las tolerancias. Conformidad con los est\u00e1ndares de la industria.<\/p><\/div><\/div>\t\t<\/div>\n\t\t\t\t<\/div>\n\t\t\t\t<div class=\"elementor-element elementor-element-f20b53b elementor-button-success elementor-align-center elementor-widget elementor-widget-button\" data-id=\"f20b53b\" data-element_type=\"widget\" data-widget_type=\"button.default\">\n\t\t\t\t<div class=\"elementor-widget-container\">\n\t\t\t\t\t<div class=\"elementor-button-wrapper\">\n\t\t\t<a href=\"http:\/\/www.precision.com.gt\/wp-content\/uploads\/2019\/02\/DS_XPR_Micro_Analytical_ES.pdf\" class=\"elementor-button-link elementor-button elementor-size-xs\" role=\"button\">\n\t\t\t\t\t\t<span class=\"elementor-button-content-wrapper\">\n\t\t\t\t\t\t\t<span class=\"elementor-button-icon elementor-align-icon-left\">\n\t\t\t\t\t\t\t\t\t<i class=\"fa fa-info-circle\" aria-hidden=\"true\"><\/i>\n\t\t\t\t\t\t\t<\/span>\n\t\t\t\t\t\t<span class=\"elementor-button-text\">M\u00e1s Informaci\u00f3n<\/span>\n\t\t<\/span>\n\t\t\t\t\t<\/a>\n\t\t<\/div>\n\t\t\t\t<\/div>\n\t\t\t\t<\/div>\n\t\t\t\t\t\t<\/div>\n\t\t\t\t\t<\/div>\n\t\t<\/div>\n\t\t\t\t\t\t\t\t<\/div>\n\t\t\t\t\t<\/div>\n\t\t<\/section>\n\t\t\t\t<section class=\"elementor-section elementor-top-section elementor-element elementor-element-533a53b7 elementor-section-boxed elementor-section-height-default elementor-section-height-default\" data-id=\"533a53b7\" data-element_type=\"section\">\n\t\t\t\t\t\t<div class=\"elementor-container elementor-column-gap-default\">\n\t\t\t\t\t\t\t<div class=\"elementor-row\">\n\t\t\t\t\t<div class=\"elementor-column elementor-col-33 elementor-top-column elementor-element elementor-element-13e19308\" data-id=\"13e19308\" data-element_type=\"column\">\n\t\t\t<div class=\"elementor-column-wrap\">\n\t\t\t\t\t\t\t<div class=\"elementor-widget-wrap\">\n\t\t\t\t\t\t\t\t<\/div>\n\t\t\t\t\t<\/div>\n\t\t<\/div>\n\t\t\t\t<div class=\"elementor-column elementor-col-33 elementor-top-column elementor-element elementor-element-6831ba4f\" data-id=\"6831ba4f\" data-element_type=\"column\">\n\t\t\t<div class=\"elementor-column-wrap elementor-element-populated\">\n\t\t\t\t\t\t\t<div class=\"elementor-widget-wrap\">\n\t\t\t\t\t\t<div class=\"elementor-element elementor-element-21bb08f8 elementor-position-left elementor-view-default elementor-mobile-position-top elementor-vertical-align-top elementor-widget elementor-widget-icon-box\" data-id=\"21bb08f8\" data-element_type=\"widget\" data-widget_type=\"icon-box.default\">\n\t\t\t\t<div class=\"elementor-widget-container\">\n\t\t\t\t\t<div class=\"elementor-icon-box-wrapper\">\n\t\t\t\t\t\t<div class=\"elementor-icon-box-icon\">\n\t\t\t\t<a class=\"elementor-icon elementor-animation-\" href=\"http:\/\/www.precision.com.gt\/home\/contactenos\/\">\n\t\t\t\t<i class=\"fa fa-phone-square\" aria-hidden=\"true\"><\/i>\t\t\t\t<\/a>\n\t\t\t<\/div>\n\t\t\t\t\t\t<div class=\"elementor-icon-box-content\">\n\t\t\t\t<h1 class=\"elementor-icon-box-title\">\n\t\t\t\t\t<a href=\"http:\/\/www.precision.com.gt\/home\/contactenos\/\" >\n\t\t\t\t\t\tContactenos\t\t\t\t\t<\/a>\n\t\t\t\t<\/h1>\n\t\t\t\t\t\t\t\t\t<p class=\"elementor-icon-box-description\">\n\t\t\t\t\t\tResolvemos sus dudas y preguntas\t\t\t\t\t<\/p>\n\t\t\t\t\t\t\t<\/div>\n\t\t<\/div>\n\t\t\t\t<\/div>\n\t\t\t\t<\/div>\n\t\t\t\t\t\t<\/div>\n\t\t\t\t\t<\/div>\n\t\t<\/div>\n\t\t\t\t<div class=\"elementor-column elementor-col-33 elementor-top-column elementor-element elementor-element-4f7c04cd\" data-id=\"4f7c04cd\" data-element_type=\"column\">\n\t\t\t<div class=\"elementor-column-wrap\">\n\t\t\t\t\t\t\t<div class=\"elementor-widget-wrap\">\n\t\t\t\t\t\t\t\t<\/div>\n\t\t\t\t\t<\/div>\n\t\t<\/div>\n\t\t\t\t\t\t\t\t<\/div>\n\t\t\t\t\t<\/div>\n\t\t<\/section>\n\t\t\t\t\t\t\t\t\t<\/div>\n\t\t\t<\/div>\n\t\t\t\t\t<\/div>\n\t\t","protected":false},"excerpt":{"rendered":"MICROBALANZAS Y ULTRAMICROBALANZASUna microbalanza o una ultramicrobalanza ofrecen la mayor precisi\u00f3n posible entre todas las balanzas de laboratorio. Esta elevada sensibilidad en el dise\u00f1o de las microbalanzas permite el pesaje de cantidades de muestra con un peso de tan solo 30\u00a0\u03bcg; pero a la vez\u00a0es un instrumento extremadamente sensible que a la m\u00e1s ligera perturbaci\u00f3n [&hellip;]","protected":false},"author":3,"featured_media":0,"parent":708,"menu_order":0,"comment_status":"closed","ping_status":"closed","template":"elementor_header_footer","meta":{"footnotes":""},"_links":{"self":[{"href":"https:\/\/www.precision.com.gt\/home\/wp-json\/wp\/v2\/pages\/947"}],"collection":[{"href":"https:\/\/www.precision.com.gt\/home\/wp-json\/wp\/v2\/pages"}],"about":[{"href":"https:\/\/www.precision.com.gt\/home\/wp-json\/wp\/v2\/types\/page"}],"author":[{"embeddable":true,"href":"https:\/\/www.precision.com.gt\/home\/wp-json\/wp\/v2\/users\/3"}],"replies":[{"embeddable":true,"href":"https:\/\/www.precision.com.gt\/home\/wp-json\/wp\/v2\/comments?post=947"}],"version-history":[{"count":4,"href":"https:\/\/www.precision.com.gt\/home\/wp-json\/wp\/v2\/pages\/947\/revisions"}],"predecessor-version":[{"id":1697,"href":"https:\/\/www.precision.com.gt\/home\/wp-json\/wp\/v2\/pages\/947\/revisions\/1697"}],"up":[{"embeddable":true,"href":"https:\/\/www.precision.com.gt\/home\/wp-json\/wp\/v2\/pages\/708"}],"wp:attachment":[{"href":"https:\/\/www.precision.com.gt\/home\/wp-json\/wp\/v2\/media?parent=947"}],"curies":[{"name":"wp","href":"https:\/\/api.w.org\/{rel}","templated":true}]}}